{"id":14283,"date":"2024-10-24T06:47:30","date_gmt":"2024-10-24T04:47:30","guid":{"rendered":"http:\/\/billigtrikots.com\/?post_type=product&#038;p=14283"},"modified":"2024-10-24T06:49:47","modified_gmt":"2024-10-24T04:49:47","slug":"blaue-italien-trikots-fuer-herren-italien-heimtrikot-2023-24-personalisierbar","status":"publish","type":"product","link":"https:\/\/www.billigtrikotde.com\/cs\/blaue-italien-trikots-fuer-herren-italien-heimtrikot-2023-24-personalisierbar\/","title":{"rendered":"Modr\u00e1 It\u00e1lie Ko\u0161ile pro mu\u017ee It\u00e1lie Home Shirt 2023\/24 P\u0159izp\u016fsobiteln\u00e9"},"content":{"rendered":"<p>It\u00e1lie a\u017e do d\u0159e\u0148. Mramor je cenn\u00fdm z\u00e1kladem, na kter\u00e9m italsk\u00e1 kultura stav\u00ed, a hraje kl\u00ed\u010dovou roli v designu tohoto n\u00e1padn\u00e9ho, autentick\u00e9ho fotbalov\u00e9ho trika. Vedle zlat\u00fdch detail\u016f a znamen\u00ed \u201eItalia\u201c na \u0161\u00edji vy\u010dn\u00edvaj\u00ed tmav\u00e9 \u017e\u00edly nad t\u011bmito slavn\u00fdmi barvami Azzurri.<\/p>\n<p>Tipy pro tisk: Pokud jsou jm\u00e9no a \u010d\u00edslo na obr\u00e1zku p\u0159esn\u011b takov\u00e9, jak\u00e9 chcete, nemus\u00edte je zad\u00e1vat znovu. Pokud tomu tak nen\u00ed, m\u011bli byste zadat po\u017eadovan\u00e9 jm\u00e9no a \u010d\u00edslo.<\/p>\n<p>Tipy pro pran\u00ed: Doporu\u010dujeme pr\u00e1t fotbalov\u00e1 tri\u010dka v ruce. Pokud chcete pou\u017e\u00edt pra\u010dku, nezapome\u0148te fotbalov\u00e1 tri\u010dka obr\u00e1tit naruby a pot\u00e9 je vyprat. Pra\u010dku napl\u0148te studenou vodou a pou\u017eijte jemn\u00fd cyklus, abyste l\u00e9pe ochr\u00e1nili barvy.<\/p>","protected":false},"excerpt":{"rendered":"<p>It\u00e1lie do morku kosti. Mramor je cenn\u00fdm z\u00e1kladem, na kter\u00e9m italsk\u00e1 kultura stoj\u00ed, a hraje kl\u00ed\u010dovou roli v designu tohoto v\u00fdrazn\u00e9ho, autentick\u00e9ho fotbalov\u00e9ho dresu. Krom\u011b zlat\u00fdch detail\u016f a znaku \u201eItalia\u201c na zadn\u00ed stran\u011b se nad t\u00edmto slavn\u00fdmi odst\u00edny Azzurri vyj\u00edmaj\u00ed tmav\u00e9 \u017e\u00edly. Tipy pro tisk: Kdy\u017e je jm\u00e9no a \u010d\u00edslo na sn\u00edmku [\u2026]<\/p>","protected":false},"featured_media":14324,"comment_status":"open","ping_status":"closed","template":"","meta":[],"product_brand":[],"product_cat":[316],"product_tag":[20,574,21,22,23,24,317,318,776],"class_list":{"0":"post-14283","1":"product","2":"type-product","3":"status-publish","4":"has-post-thumbnail","6":"product_cat-italien-trikots","7":"product_tag-coole-fussballtrikots","8":"product_tag-fussballtrikot-deutschland","9":"product_tag-fussballtrikot-fuer-herren","10":"product_tag-fussballtrikot-guenstig-kaufen","11":"product_tag-fussballtrikot-kurzarm","12":"product_tag-guenstiges-fussballtrikot","13":"product_tag-italien-heimtrikot","14":"product_tag-italien-trikots","15":"product_tag-italien-trikots-2023-24","17":"first","18":"instock","19":"shipping-taxable","20":"purchasable","21":"product-type-variable"},"_links":{"self":[{"href":"https:\/\/www.billigtrikotde.com\/cs\/wp-json\/wp\/v2\/product\/14283","targetHints":{"allow":["GET"]}}],"collection":[{"href":"https:\/\/www.billigtrikotde.com\/cs\/wp-json\/wp\/v2\/product"}],"about":[{"href":"https:\/\/www.billigtrikotde.com\/cs\/wp-json\/wp\/v2\/types\/product"}],"replies":[{"embeddable":true,"href":"https:\/\/www.billigtrikotde.com\/cs\/wp-json\/wp\/v2\/comments?post=14283"}],"wp:featuredmedia":[{"embeddable":true,"href":"https:\/\/www.billigtrikotde.com\/cs\/wp-json\/wp\/v2\/media\/14324"}],"wp:attachment":[{"href":"https:\/\/www.billigtrikotde.com\/cs\/wp-json\/wp\/v2\/media?parent=14283"}],"wp:term":[{"taxonomy":"product_brand","embeddable":true,"href":"https:\/\/www.billigtrikotde.com\/cs\/wp-json\/wp\/v2\/product_brand?post=14283"},{"taxonomy":"product_cat","embeddable":true,"href":"https:\/\/www.billigtrikotde.com\/cs\/wp-json\/wp\/v2\/product_cat?post=14283"},{"taxonomy":"product_tag","embeddable":true,"href":"https:\/\/www.billigtrikotde.com\/cs\/wp-json\/wp\/v2\/product_tag?post=14283"}],"curies":[{"name":"wp","href":"https:\/\/api.w.org\/{rel}","templated":true}]}}