{"id":14167,"date":"2024-10-24T06:41:34","date_gmt":"2024-10-24T04:41:34","guid":{"rendered":"http:\/\/billigtrikots.com\/?post_type=product&#038;p=14167"},"modified":"2025-06-16T16:03:25","modified_gmt":"2025-06-16T14:03:25","slug":"guenstig-frauen-juventus-2023-24-heimtrikot-kurzarm-leonardo-bonucci-19","status":"publish","type":"product","link":"https:\/\/www.billigtrikotde.com\/cs\/guenstig-frauen-juventus-2023-24-heimtrikot-kurzarm-leonardo-bonucci-19\/","title":{"rendered":"Levn\u00e9 D\u00e1msk\u00e9 dom\u00e1c\u00ed tri\u010dko Juventus 2023-24 s kr\u00e1tk\u00fdm ruk\u00e1vem Leonardo Bonucci 19"},"content":{"rendered":"<p>Tipy pro tisk: Pokud jsou jm\u00e9no a \u010d\u00edslo na obr\u00e1zku p\u0159esn\u011b takov\u00e9, jak\u00e9 chcete, nemus\u00edte je zad\u00e1vat znovu. Pokud tomu tak nen\u00ed, m\u011bli byste zadat po\u017eadovan\u00e9 jm\u00e9no a \u010d\u00edslo.<\/p>\n<p>Tipy pro pran\u00ed: Doporu\u010dujeme pr\u00e1t fotbalov\u00e1 tri\u010dka v ruce. Pokud chcete pou\u017e\u00edt pra\u010dku, nezapome\u0148te fotbalov\u00e1 tri\u010dka obr\u00e1tit naruby a pot\u00e9 je vyprat. Pra\u010dku napl\u0148te studenou vodou a pou\u017eijte jemn\u00fd cyklus, abyste l\u00e9pe ochr\u00e1nili barvy.<\/p>","protected":false},"excerpt":{"rendered":"<p>Tipy k tisku: Pokud jm\u00e9no a \u010d\u00edslo na obr\u00e1zku p\u0159esn\u011b odpov\u00eddaj\u00ed va\u0161im p\u0159\u00e1n\u00edm, nemus\u00edte je znovu zad\u00e1vat. Pokud ne, m\u011bli byste zadat po\u017eadovan\u00e9 jm\u00e9no a \u010d\u00edslo. Tipy k pran\u00ed: Doporu\u010duje se ru\u010dn\u011b pr\u00e1t fotbalov\u00e9 dresy. Pokud chcete pou\u017e\u00edt pra\u010dku, pamatujte na oto\u010den\u00ed fotbalov\u00fdch dres\u016f na ruby [\u2026]<\/p>","protected":false},"featured_media":14206,"comment_status":"open","ping_status":"closed","template":"","meta":[],"product_brand":[],"product_cat":[578],"product_tag":[20,21,22,24,579,492,493,740,741],"class_list":{"0":"post-14167","1":"product","2":"type-product","3":"status-publish","4":"has-post-thumbnail","6":"product_cat-juventus-damen-trikot","7":"product_tag-coole-fussballtrikots","8":"product_tag-fussballtrikot-fuer-herren","9":"product_tag-fussballtrikot-guenstig-kaufen","10":"product_tag-guenstiges-fussballtrikot","11":"product_tag-juventus-23-24-heimtrikot","12":"product_tag-juventus-fussballtrikots-damen","13":"product_tag-juventus-trikot-fuer-damen","14":"product_tag-leonardo-bonucci-fussballtrikot","15":"product_tag-leonardo-bonucci-trikot-fuer-kinder","17":"first","18":"instock","19":"shipping-taxable","20":"purchasable","21":"product-type-variable"},"_links":{"self":[{"href":"https:\/\/www.billigtrikotde.com\/cs\/wp-json\/wp\/v2\/product\/14167","targetHints":{"allow":["GET"]}}],"collection":[{"href":"https:\/\/www.billigtrikotde.com\/cs\/wp-json\/wp\/v2\/product"}],"about":[{"href":"https:\/\/www.billigtrikotde.com\/cs\/wp-json\/wp\/v2\/types\/product"}],"replies":[{"embeddable":true,"href":"https:\/\/www.billigtrikotde.com\/cs\/wp-json\/wp\/v2\/comments?post=14167"}],"wp:featuredmedia":[{"embeddable":true,"href":"https:\/\/www.billigtrikotde.com\/cs\/wp-json\/wp\/v2\/media\/14206"}],"wp:attachment":[{"href":"https:\/\/www.billigtrikotde.com\/cs\/wp-json\/wp\/v2\/media?parent=14167"}],"wp:term":[{"taxonomy":"product_brand","embeddable":true,"href":"https:\/\/www.billigtrikotde.com\/cs\/wp-json\/wp\/v2\/product_brand?post=14167"},{"taxonomy":"product_cat","embeddable":true,"href":"https:\/\/www.billigtrikotde.com\/cs\/wp-json\/wp\/v2\/product_cat?post=14167"},{"taxonomy":"product_tag","embeddable":true,"href":"https:\/\/www.billigtrikotde.com\/cs\/wp-json\/wp\/v2\/product_tag?post=14167"}],"curies":[{"name":"wp","href":"https:\/\/api.w.org\/{rel}","templated":true}]}}