{"id":14147,"date":"2024-10-24T06:40:29","date_gmt":"2024-10-24T04:40:29","guid":{"rendered":"http:\/\/billigtrikots.com\/?post_type=product&#038;p=14147"},"modified":"2024-10-24T06:43:12","modified_gmt":"2024-10-24T04:43:12","slug":"herren-inter-miami-cf-auswaertstrikot-2023-24-schwarz-rosa-fussballtrikots-set","status":"publish","type":"product","link":"https:\/\/www.billigtrikotde.com\/cs\/herren-inter-miami-cf-auswaertstrikot-2023-24-schwarz-rosa-fussballtrikots-set\/","title":{"rendered":"P\u00e1nsk\u00e9 tri\u010dko Inter Miami CF Away 2023-24 Black Pink Football Shirt Set"},"content":{"rendered":"<p>V\u00fdjezdn\u00ed dres Inter Miami 2023 je p\u0159ev\u00e1\u017en\u011b \u010dern\u00fd, v\u0161echny ostatn\u00ed detaily a loga jsou v\u00fdhradn\u011b v r\u016f\u017eov\u00e9 barv\u011b. Dres vych\u00e1z\u00ed z jednoho z n\u00e1vrh\u016f spole\u010dnosti Adidas pro mistrovstv\u00ed sv\u011bta 2022, po obou stran\u00e1ch se t\u00e1hne r\u016f\u017eov\u00fd pruh, kter\u00fd se sb\u00edh\u00e1 na zadn\u00edm lemu, a na \u010dern\u00e9m pozad\u00ed je zaj\u00edmav\u00e1 decentn\u00ed grafika vlny, kterou p\u0159eru\u0161uj\u00ed opakuj\u00edc\u00ed se \u010dern\u00e9 vodorovn\u00e9 pruhy a n\u00e1pis \"Freedom to Dream\" na zadn\u00ed stran\u011b l\u00edmce. Tento n\u00e1pis byl ji\u017e v p\u0159edchoz\u00edch letech pou\u017eit jako motto klubu.<\/p>","protected":false},"excerpt":{"rendered":"<p>Das Inter Miami 2023 Ausw\u00e4rtstrikot ist \u00fcberwiegend schwarz, alle anderen Details und Logos sind ausschlie\u00dflich in Rosa gehalten. Nach einer der Vorlagen von Adidas f\u00fcr die WM 2022 gibt es einen rosafarbenen Streifen, der auf beiden Seiten verl\u00e4uft und hinten am Saum zusammenl\u00e4uft.Auf dem schwarzen Untergrund ist eine interessante, subtile Wellengrafik angebracht, die von sich [&hellip;]<\/p>","protected":false},"featured_media":14194,"comment_status":"open","ping_status":"closed","template":"","meta":[],"product_brand":[],"product_cat":[557],"product_tag":[20,21,22,23,24,562,559,633,634,560,561],"class_list":{"0":"post-14147","1":"product","2":"type-product","3":"status-publish","4":"has-post-thumbnail","6":"product_cat-inter-miami","7":"product_tag-coole-fussballtrikots","8":"product_tag-fussballtrikot-fuer-herren","9":"product_tag-fussballtrikot-guenstig-kaufen","10":"product_tag-fussballtrikot-kurzarm","11":"product_tag-guenstiges-fussballtrikot","12":"product_tag-inter-miami-2023-auswaertstrikot","13":"product_tag-inter-miami-cf-fussballtrikots-herren","14":"product_tag-inter-miami-fussballtrikot","15":"product_tag-inter-miami-trikot","16":"product_tag-inter-miami-trikot-fuer-herren","17":"product_tag-trikot-2023-24","19":"first","20":"instock","21":"shipping-taxable","22":"purchasable","23":"product-type-variable"},"_links":{"self":[{"href":"https:\/\/www.billigtrikotde.com\/cs\/wp-json\/wp\/v2\/product\/14147","targetHints":{"allow":["GET"]}}],"collection":[{"href":"https:\/\/www.billigtrikotde.com\/cs\/wp-json\/wp\/v2\/product"}],"about":[{"href":"https:\/\/www.billigtrikotde.com\/cs\/wp-json\/wp\/v2\/types\/product"}],"replies":[{"embeddable":true,"href":"https:\/\/www.billigtrikotde.com\/cs\/wp-json\/wp\/v2\/comments?post=14147"}],"wp:featuredmedia":[{"embeddable":true,"href":"https:\/\/www.billigtrikotde.com\/cs\/wp-json\/wp\/v2\/media\/14194"}],"wp:attachment":[{"href":"https:\/\/www.billigtrikotde.com\/cs\/wp-json\/wp\/v2\/media?parent=14147"}],"wp:term":[{"taxonomy":"product_brand","embeddable":true,"href":"https:\/\/www.billigtrikotde.com\/cs\/wp-json\/wp\/v2\/product_brand?post=14147"},{"taxonomy":"product_cat","embeddable":true,"href":"https:\/\/www.billigtrikotde.com\/cs\/wp-json\/wp\/v2\/product_cat?post=14147"},{"taxonomy":"product_tag","embeddable":true,"href":"https:\/\/www.billigtrikotde.com\/cs\/wp-json\/wp\/v2\/product_tag?post=14147"}],"curies":[{"name":"wp","href":"https:\/\/api.w.org\/{rel}","templated":true}]}}