{"id":14143,"date":"2024-10-24T06:40:26","date_gmt":"2024-10-24T04:40:26","guid":{"rendered":"http:\/\/billigtrikots.com\/?post_type=product&#038;p=14143"},"modified":"2024-10-24T06:42:40","modified_gmt":"2024-10-24T04:42:40","slug":"herren-heimtrikot-fc-barcelona-2023-2024-trikot-trikotsatz-im-sale","status":"publish","type":"product","link":"https:\/\/www.billigtrikotde.com\/cs\/herren-heimtrikot-fc-barcelona-2023-2024-trikot-trikotsatz-im-sale\/","title":{"rendered":"P\u00e1nsk\u00e1 dom\u00e1c\u00ed souprava FC Barcelona 2023-2024 dres kit v prodeji"},"content":{"rendered":"<p>Triko FC Barcelona 2023-2024 se vrac\u00ed k nejv\u00edce klasick\u00e9mu designu dresu klubu, kter\u00fd byl p\u0159edstaven v roce 1912 a do 90. let byl pou\u017e\u00edv\u00e1n v\u00edce m\u00e9n\u011b ve stejn\u00e9m stylu. Triko FC Barcelona 23-24 m\u00e1 t\u0159i \u0161irok\u00e9 pruhy na p\u0159edn\u00ed stran\u011b. Jedine\u010dn\u00e9 je, \u017ee klasick\u00e9 pruhy dresu maj\u00ed na okraj\u00edch m\u0159\u00ed\u017ekov\u00fd vzor. To je inspirov\u00e1no star\u00fdm \u010dtvercov\u00fdm logem sou\u010dasn\u00e9ho \u017eensk\u00e9ho t\u00fdmu Barcelony. Nike pou\u017e\u00edv\u00e1 b\u00edlou barvu pro Swoosh a \u010d\u00edsla, logo Spotify je tak\u00e9 v b\u00edl\u00e9 barv\u011b.<\/p>\n<p>Tipy pro tisk: Pokud jsou jm\u00e9no a \u010d\u00edslo na obr\u00e1zku p\u0159esn\u011b takov\u00e9, jak\u00e9 chcete, nemus\u00edte je zad\u00e1vat znovu. Pokud tomu tak nen\u00ed, m\u011bli byste zadat po\u017eadovan\u00e9 jm\u00e9no a \u010d\u00edslo.<\/p>\n<p>Tipy pro pran\u00ed: Doporu\u010dujeme pr\u00e1t fotbalov\u00e1 tri\u010dka v ruce. Pokud chcete pou\u017e\u00edt pra\u010dku, nezapome\u0148te fotbalov\u00e1 tri\u010dka obr\u00e1tit naruby a pot\u00e9 je vyprat. Pra\u010dku napl\u0148te studenou vodou a pou\u017eijte jemn\u00fd cyklus, abyste l\u00e9pe ochr\u00e1nili barvy.<\/p>","protected":false},"excerpt":{"rendered":"<p>Das FC Barcelona 2023-2024 Trikot kehrt zum klassischsten Trikotdesign des Vereins zur\u00fcck, das 1912 vorgestellt und bis in die 1990er Jahre mehr oder weniger im gleichen Stil verwendet wurde. Das FC Barcelona 23-24 Trikot hat drei breite Streifen auf der Vorderseite.Einzigartig ist, dass die klassischen Streifen des Trikots an den R\u00e4ndern ein Rautenmuster haben. Dies [&hellip;]<\/p>","protected":false},"featured_media":14185,"comment_status":"open","ping_status":"closed","template":"","meta":[],"product_brand":[],"product_cat":[31],"product_tag":[703,704,20,33,574,426,24],"class_list":{"0":"post-14143","1":"product","2":"type-product","3":"status-publish","4":"has-post-thumbnail","6":"product_cat-fc-barcelona","7":"product_tag-barcelona-fussballtrikot","8":"product_tag-barcelona-trikot","9":"product_tag-coole-fussballtrikots","10":"product_tag-fc-barcelona-trikots","11":"product_tag-fussballtrikot-deutschland","12":"product_tag-fussballtrikots-kurzarm","13":"product_tag-guenstiges-fussballtrikot","15":"first","16":"instock","17":"shipping-taxable","18":"purchasable","19":"product-type-variable"},"_links":{"self":[{"href":"https:\/\/www.billigtrikotde.com\/cs\/wp-json\/wp\/v2\/product\/14143","targetHints":{"allow":["GET"]}}],"collection":[{"href":"https:\/\/www.billigtrikotde.com\/cs\/wp-json\/wp\/v2\/product"}],"about":[{"href":"https:\/\/www.billigtrikotde.com\/cs\/wp-json\/wp\/v2\/types\/product"}],"replies":[{"embeddable":true,"href":"https:\/\/www.billigtrikotde.com\/cs\/wp-json\/wp\/v2\/comments?post=14143"}],"wp:featuredmedia":[{"embeddable":true,"href":"https:\/\/www.billigtrikotde.com\/cs\/wp-json\/wp\/v2\/media\/14185"}],"wp:attachment":[{"href":"https:\/\/www.billigtrikotde.com\/cs\/wp-json\/wp\/v2\/media?parent=14143"}],"wp:term":[{"taxonomy":"product_brand","embeddable":true,"href":"https:\/\/www.billigtrikotde.com\/cs\/wp-json\/wp\/v2\/product_brand?post=14143"},{"taxonomy":"product_cat","embeddable":true,"href":"https:\/\/www.billigtrikotde.com\/cs\/wp-json\/wp\/v2\/product_cat?post=14143"},{"taxonomy":"product_tag","embeddable":true,"href":"https:\/\/www.billigtrikotde.com\/cs\/wp-json\/wp\/v2\/product_tag?post=14143"}],"curies":[{"name":"wp","href":"https:\/\/api.w.org\/{rel}","templated":true}]}}