{"id":14073,"date":"2024-10-24T06:37:05","date_gmt":"2024-10-24T04:37:05","guid":{"rendered":"http:\/\/billigtrikots.com\/?post_type=product&#038;p=14073"},"modified":"2024-10-24T06:39:41","modified_gmt":"2024-10-24T04:39:41","slug":"herren-liverpool-auswaertstrikot-2023-24-kurzarm-bestseller-fussballtrikot","status":"publish","type":"product","link":"https:\/\/www.billigtrikotde.com\/cs\/herren-liverpool-auswaertstrikot-2023-24-kurzarm-bestseller-fussballtrikot\/","title":{"rendered":"P\u00e1nsk\u00e9 fotbalov\u00e9 tri\u010dko Liverpool Away Shirt 2023-24 s kr\u00e1tk\u00fdm ruk\u00e1vem Bestseller"},"content":{"rendered":"<p>Dres venkovn\u00ed Liverpool Football Club 2023-24 kombinuje b\u00edlou a zelenou s \u010dern\u00fdmi logy. Ofici\u00e1ln\u011b jsou barvy \u201eB\u00edl\u00e1 \/ Zelen\u00fd z\u00e1blesk \/ \u010cern\u00e1\u201c.<\/p>\n<p>To, co d\u011bl\u00e1 dres venkovn\u00ed Liverpool 23-24 jedine\u010dn\u00fdm, je jeho design. Nike Liverpool 23-24 venkovn\u00ed dres m\u00e1 vzor p\u0159ipom\u00ednaj\u00edc\u00ed 90. l\u00e9ta v b\u00edl\u00e9 a r\u016fzn\u00fdch odst\u00ednech zelen\u00e9.<\/p>\n<p>Tipy pro tisk: Pokud jsou jm\u00e9no a \u010d\u00edslo na obr\u00e1zku p\u0159esn\u011b takov\u00e9, jak\u00e9 chcete, nemus\u00edte je zad\u00e1vat znovu. Pokud tomu tak nen\u00ed, m\u011bli byste zadat po\u017eadovan\u00e9 jm\u00e9no a \u010d\u00edslo.<\/p>\n<p>Tipy pro pran\u00ed: Doporu\u010dujeme pr\u00e1t fotbalov\u00e1 tri\u010dka v ruce. Pokud chcete pou\u017e\u00edt pra\u010dku, nezapome\u0148te fotbalov\u00e1 tri\u010dka obr\u00e1tit naruby a pot\u00e9 je vyprat. Pra\u010dku napl\u0148te studenou vodou a pou\u017eijte jemn\u00fd cyklus, abyste l\u00e9pe ochr\u00e1nili barvy.<\/p>","protected":false},"excerpt":{"rendered":"<p>Nike Liverpool Football Club 2023-24 Away jersey kombinuje b\u00edlou a zelenou s \u010dern\u00fdmi logy. Ofici\u00e1ln\u011b zn\u011bj\u00ed barvy \u201eB\u00edl\u00e1 \/ Zelen\u00fd jisk\u0159iv\u201c. Co d\u011bl\u00e1 away dres Liverpool 23-24 jedine\u010dn\u00fdm, je design. S\u00e9rie Nike Liverpool 23-24 Away jersey m\u00e1 vzor p\u0159ipom\u00ednaj\u00edc\u00ed 90. l\u00e9ta v b\u00edl\u00e9 a r\u016fzn\u00fdch odst\u00ednech zelen\u00e9. Tipy pro tisk: Pokud je jm\u00e9no a [\u2026]<\/p>","protected":false},"featured_media":14113,"comment_status":"open","ping_status":"closed","template":"","meta":[],"product_brand":[],"product_cat":[176],"product_tag":[22,479,601,602,735],"class_list":{"0":"post-14073","1":"product","2":"type-product","3":"status-publish","4":"has-post-thumbnail","6":"product_cat-liverpool-fc","7":"product_tag-fussballtrikot-guenstig-kaufen","8":"product_tag-fussballtrikots-kaufen","9":"product_tag-liverpool-fussballtrikot","10":"product_tag-liverpool-trikot","11":"product_tag-trikots-2023-24","13":"first","14":"instock","15":"shipping-taxable","16":"purchasable","17":"product-type-variable"},"_links":{"self":[{"href":"https:\/\/www.billigtrikotde.com\/cs\/wp-json\/wp\/v2\/product\/14073","targetHints":{"allow":["GET"]}}],"collection":[{"href":"https:\/\/www.billigtrikotde.com\/cs\/wp-json\/wp\/v2\/product"}],"about":[{"href":"https:\/\/www.billigtrikotde.com\/cs\/wp-json\/wp\/v2\/types\/product"}],"replies":[{"embeddable":true,"href":"https:\/\/www.billigtrikotde.com\/cs\/wp-json\/wp\/v2\/comments?post=14073"}],"wp:featuredmedia":[{"embeddable":true,"href":"https:\/\/www.billigtrikotde.com\/cs\/wp-json\/wp\/v2\/media\/14113"}],"wp:attachment":[{"href":"https:\/\/www.billigtrikotde.com\/cs\/wp-json\/wp\/v2\/media?parent=14073"}],"wp:term":[{"taxonomy":"product_brand","embeddable":true,"href":"https:\/\/www.billigtrikotde.com\/cs\/wp-json\/wp\/v2\/product_brand?post=14073"},{"taxonomy":"product_cat","embeddable":true,"href":"https:\/\/www.billigtrikotde.com\/cs\/wp-json\/wp\/v2\/product_cat?post=14073"},{"taxonomy":"product_tag","embeddable":true,"href":"https:\/\/www.billigtrikotde.com\/cs\/wp-json\/wp\/v2\/product_tag?post=14073"}],"curies":[{"name":"wp","href":"https:\/\/api.w.org\/{rel}","templated":true}]}}