{"id":14036,"date":"2024-10-24T06:35:14","date_gmt":"2024-10-24T04:35:14","guid":{"rendered":"http:\/\/billigtrikots.com\/?post_type=product&#038;p=14036"},"modified":"2024-10-24T06:37:31","modified_gmt":"2024-10-24T04:37:31","slug":"guenstig-fussballtrikots-atletico-madrid-heimtrikot-2023-24-kurzarm","status":"publish","type":"product","link":"https:\/\/www.billigtrikotde.com\/cs\/guenstig-fussballtrikots-atletico-madrid-heimtrikot-2023-24-kurzarm\/","title":{"rendered":"Levn\u00e9 fotbalov\u00e9 ko\u0161ile Atletico Madrid Home Shirt 2023-24 s kr\u00e1tk\u00fdm ruk\u00e1vem"},"content":{"rendered":"<p>Nov\u00fd dres Atletico 23-24 byl vyd\u00e1n pod heslem \"Puro Atleti\" (\u010cist\u00e9 Atl\u00e9tico). Poprv\u00e9 po \u010dty\u0159ech letech se na n\u011bm objevily klasick\u00e9 pruhy klubu, ani\u017e by se zm\u011bnily, a u dresu Atletico Madrid 2023-24 se klub vrac\u00ed ke klasick\u00fdm pruh\u016fm a upou\u0161t\u00ed od leto\u0161n\u00edho zvln\u011bn\u00e9ho designu. dres Atletico 2023-2024 m\u00e1 \u010dty\u0159i b\u00edl\u00e9 a t\u0159i \u010derven\u00e9 pruhy. Ruk\u00e1vy, l\u00edmec a zadn\u00ed strana dom\u00e1c\u00edho dresu Atl\u00e9tico Madrid 23-24 jsou p\u0159ev\u00e1\u017en\u011b \u010derven\u00e9.<br \/>\n\u010cerven\u00e9 pruhy dom\u00e1c\u00edho dresu Atl\u00e9tico 23-24 maj\u00ed jemn\u00fd gradientn\u00ed efekt. P\u0159ech\u00e1zej\u00ed ze sv\u011btlej\u0161\u00edho odst\u00ednu \u010derven\u00e9 v horn\u00ed \u010d\u00e1sti do tmav\u0161\u00ed \u010derven\u00e9 ve st\u0159edu a ve spodn\u00ed \u010d\u00e1sti. Barevn\u00fd gradient je tvo\u0159en mal\u00fdmi obd\u00e9ln\u00edky.<\/p>\n<p>Tipy pro tisk: Pokud jsou jm\u00e9no a \u010d\u00edslo na obr\u00e1zku p\u0159esn\u011b takov\u00e9, jak\u00e9 chcete, nemus\u00edte je zad\u00e1vat znovu. Pokud tomu tak nen\u00ed, m\u011bli byste zadat po\u017eadovan\u00e9 jm\u00e9no a \u010d\u00edslo.<\/p>\n<p>Tipy pro pran\u00ed: Doporu\u010dujeme pr\u00e1t fotbalov\u00e1 tri\u010dka v ruce. Pokud chcete pou\u017e\u00edt pra\u010dku, nezapome\u0148te fotbalov\u00e1 tri\u010dka obr\u00e1tit naruby a pot\u00e9 je vyprat. Pra\u010dku napl\u0148te studenou vodou a pou\u017eijte jemn\u00fd cyklus, abyste l\u00e9pe ochr\u00e1nili barvy.<\/p>","protected":false},"excerpt":{"rendered":"<p>Das neue Atletico 23-24 Trikot wurde unter dem Slogan \u201ePuro Atleti\u201c (Reines Atl\u00e9tico) ver\u00f6ffentlicht. Zum ersten Mal seit vier Jahren zeigt es die klassischen Streifen des Vereins, ohne sie zu ver\u00e4ndern.Mit dem Atletico Madrid 2023-24 Trikot kehrt der Verein zu den klassischen Streifen zur\u00fcck und verzichtet auf das gewellte Design von diesem Jahr.Atleticos Trikot 2023-2024 [&hellip;]<\/p>","protected":false},"featured_media":14069,"comment_status":"open","ping_status":"closed","template":"","meta":[],"product_brand":[],"product_cat":[88],"product_tag":[487,488,90,20,21,22,23,24],"class_list":{"0":"post-14036","1":"product","2":"type-product","3":"status-publish","4":"has-post-thumbnail","6":"product_cat-atletico-madrid","7":"product_tag-atletico-madrid-fussballtrikot","8":"product_tag-atletico-madrid-trikot","9":"product_tag-atletico-madrid-trikots","10":"product_tag-coole-fussballtrikots","11":"product_tag-fussballtrikot-fuer-herren","12":"product_tag-fussballtrikot-guenstig-kaufen","13":"product_tag-fussballtrikot-kurzarm","14":"product_tag-guenstiges-fussballtrikot","16":"first","17":"instock","18":"shipping-taxable","19":"purchasable","20":"product-type-variable"},"_links":{"self":[{"href":"https:\/\/www.billigtrikotde.com\/cs\/wp-json\/wp\/v2\/product\/14036","targetHints":{"allow":["GET"]}}],"collection":[{"href":"https:\/\/www.billigtrikotde.com\/cs\/wp-json\/wp\/v2\/product"}],"about":[{"href":"https:\/\/www.billigtrikotde.com\/cs\/wp-json\/wp\/v2\/types\/product"}],"replies":[{"embeddable":true,"href":"https:\/\/www.billigtrikotde.com\/cs\/wp-json\/wp\/v2\/comments?post=14036"}],"wp:featuredmedia":[{"embeddable":true,"href":"https:\/\/www.billigtrikotde.com\/cs\/wp-json\/wp\/v2\/media\/14069"}],"wp:attachment":[{"href":"https:\/\/www.billigtrikotde.com\/cs\/wp-json\/wp\/v2\/media?parent=14036"}],"wp:term":[{"taxonomy":"product_brand","embeddable":true,"href":"https:\/\/www.billigtrikotde.com\/cs\/wp-json\/wp\/v2\/product_brand?post=14036"},{"taxonomy":"product_cat","embeddable":true,"href":"https:\/\/www.billigtrikotde.com\/cs\/wp-json\/wp\/v2\/product_cat?post=14036"},{"taxonomy":"product_tag","embeddable":true,"href":"https:\/\/www.billigtrikotde.com\/cs\/wp-json\/wp\/v2\/product_tag?post=14036"}],"curies":[{"name":"wp","href":"https:\/\/api.w.org\/{rel}","templated":true}]}}