{"id":14013,"date":"2024-10-24T06:34:07","date_gmt":"2024-10-24T04:34:07","guid":{"rendered":"http:\/\/billigtrikots.com\/?post_type=product&#038;p=14013"},"modified":"2024-10-24T06:36:19","modified_gmt":"2024-10-24T04:36:19","slug":"herren-fc-barcelona-heimtrikot-2023-24-kurzarm-fussball-trikot-outlet","status":"publish","type":"product","link":"https:\/\/www.billigtrikotde.com\/cs\/herren-fc-barcelona-heimtrikot-2023-24-kurzarm-fussball-trikot-outlet\/","title":{"rendered":"P\u00e1nsk\u00e9 FC Barcelona Home Shirt 2023-24 Fotbalov\u00e9 tri\u010dko s kr\u00e1tk\u00fdm ruk\u00e1vem Outlet"},"content":{"rendered":"<p>Triko FC Barcelona 2023-2024 se vrac\u00ed k nejv\u00edce klasick\u00e9mu designu dresu klubu, kter\u00fd byl p\u0159edstaven v roce 1912 a do 90. let byl pou\u017e\u00edv\u00e1n v\u00edce m\u00e9n\u011b ve stejn\u00e9m stylu. Triko Nike FC Barcelona 23-24 m\u00e1 na p\u0159edn\u00ed stran\u011b dv\u011b \u0161irok\u00e9 \u010derven\u00e9 pruhy. Ruk\u00e1vy jsou \u010derven\u00e9.<br \/>\nJedine\u010dn\u00e9 je, \u017ee klasick\u00e9 pruhy dresu maj\u00ed na okraj\u00edch kostkov\u00fd vzor. To je inspirov\u00e1no star\u00fdm \u010dtvercov\u00fdm logem sou\u010dasn\u00e9ho \u017eensk\u00e9ho t\u00fdmu Barcelony.<\/p>\n<p>Tipy pro tisk: Pokud jsou jm\u00e9no a \u010d\u00edslo na obr\u00e1zku p\u0159esn\u011b takov\u00e9, jak\u00e9 chcete, nemus\u00edte je zad\u00e1vat znovu. Pokud tomu tak nen\u00ed, m\u011bli byste zadat po\u017eadovan\u00e9 jm\u00e9no a \u010d\u00edslo.<\/p>\n<p>Tipy pro pran\u00ed: Doporu\u010dujeme pr\u00e1t fotbalov\u00e1 tri\u010dka v ruce. Pokud chcete pou\u017e\u00edt pra\u010dku, nezapome\u0148te fotbalov\u00e1 tri\u010dka obr\u00e1tit naruby a pot\u00e9 je vyprat. Pra\u010dku napl\u0148te studenou vodou a pou\u017eijte jemn\u00fd cyklus, abyste l\u00e9pe ochr\u00e1nili barvy.<\/p>","protected":false},"excerpt":{"rendered":"<p>Das FC Barcelona 2023-2024 Trikot kehrt zum klassischsten Trikotdesign des Vereins zur\u00fcck, das 1912 vorgestellt und bis in die 1990er Jahre mehr oder weniger im gleichen Stil verwendet wurde. Das Nike FC Barcelona 23-24 Trikot hat zwei breite rote Streifen auf der Vorderseite. Die \u00c4rmel sind rot. Einzigartig ist, dass die klassischen Streifen des Trikots [&hellip;]<\/p>","protected":false},"featured_media":14044,"comment_status":"open","ping_status":"closed","template":"","meta":[],"product_brand":[],"product_cat":[31],"product_tag":[703,704,20,33,574,426,24,705,706],"class_list":{"0":"post-14013","1":"product","2":"type-product","3":"status-publish","4":"has-post-thumbnail","6":"product_cat-fc-barcelona","7":"product_tag-barcelona-fussballtrikot","8":"product_tag-barcelona-trikot","9":"product_tag-coole-fussballtrikots","10":"product_tag-fc-barcelona-trikots","11":"product_tag-fussballtrikot-deutschland","12":"product_tag-fussballtrikots-kurzarm","13":"product_tag-guenstiges-fussballtrikot","14":"product_tag-ousmane-dembele-fussballtrikot","15":"product_tag-ousmane-dembele-trikot-fuer-kinder","17":"first","18":"instock","19":"shipping-taxable","20":"purchasable","21":"product-type-variable"},"_links":{"self":[{"href":"https:\/\/www.billigtrikotde.com\/cs\/wp-json\/wp\/v2\/product\/14013","targetHints":{"allow":["GET"]}}],"collection":[{"href":"https:\/\/www.billigtrikotde.com\/cs\/wp-json\/wp\/v2\/product"}],"about":[{"href":"https:\/\/www.billigtrikotde.com\/cs\/wp-json\/wp\/v2\/types\/product"}],"replies":[{"embeddable":true,"href":"https:\/\/www.billigtrikotde.com\/cs\/wp-json\/wp\/v2\/comments?post=14013"}],"wp:featuredmedia":[{"embeddable":true,"href":"https:\/\/www.billigtrikotde.com\/cs\/wp-json\/wp\/v2\/media\/14044"}],"wp:attachment":[{"href":"https:\/\/www.billigtrikotde.com\/cs\/wp-json\/wp\/v2\/media?parent=14013"}],"wp:term":[{"taxonomy":"product_brand","embeddable":true,"href":"https:\/\/www.billigtrikotde.com\/cs\/wp-json\/wp\/v2\/product_brand?post=14013"},{"taxonomy":"product_cat","embeddable":true,"href":"https:\/\/www.billigtrikotde.com\/cs\/wp-json\/wp\/v2\/product_cat?post=14013"},{"taxonomy":"product_tag","embeddable":true,"href":"https:\/\/www.billigtrikotde.com\/cs\/wp-json\/wp\/v2\/product_tag?post=14013"}],"curies":[{"name":"wp","href":"https:\/\/api.w.org\/{rel}","templated":true}]}}