{"id":1391,"date":"2024-10-23T13:28:21","date_gmt":"2024-10-23T11:28:21","guid":{"rendered":"http:\/\/billigtrikots.com\/?post_type=product&#038;p=1391"},"modified":"2024-10-23T13:29:53","modified_gmt":"2024-10-23T11:29:53","slug":"fc-arsenal-auswaertstrikot-2022-3rd-trikot-blau-mit-aufdruck-saka-7","status":"publish","type":"product","link":"https:\/\/www.billigtrikotde.com\/cs\/fc-arsenal-auswaertstrikot-2022-3rd-trikot-blau-mit-aufdruck-saka-7\/","title":{"rendered":"V\u00fdjezdn\u00ed souprava FC Arsenal 2022 3. tri\u010dko modr\u00e9 s potiskem SAKA 7"},"content":{"rendered":"<p>A\u0165 u\u017e jste na stadionu nebo doma na gau\u010di \u2013 svou podporu nejl\u00e9pe uk\u00e1\u017eete prost\u0159ednictv\u00edm od\u011bvu s odv\u00e1d\u011bn\u00edm potu v modr\u00e9 barv\u011b. Sportovn\u00ed top od zna\u010dky adidas opravdu nem\u016f\u017ee b\u00fdt \u0161patn\u00e1 volba. Pro prav\u00e9 fanou\u0161ky FC Arsenal Lond\u00fdn je to nutnost: n\u00e1hradn\u00ed sportovn\u00ed top v origin\u00e1ln\u00edm designu, jak\u00e9 nos\u00ed hr\u00e1\u010di v Premier League. Doporu\u010dujeme tento od\u011bv s odv\u00e1d\u011bn\u00edm potu, prody\u0161n\u00fd a velmi pohodln\u00fd s p\u0159\u00edjemn\u00fdm pocitem p\u0159i no\u0161en\u00ed. Skv\u011bl\u00fd vzhled tri\u010dka podtrhuje klubov\u00e1 zna\u010dka na hrudi. S t\u00edmto sportovn\u00edm topem jste ide\u00e1ln\u011b oble\u010deni na ka\u017edou tr\u00e9ninkovou jednotku.<\/p>\n<p>Tipy pro tisk: Pokud jsou jm\u00e9no a \u010d\u00edslo na obr\u00e1zku p\u0159esn\u011b takov\u00e9, jak\u00e9 chcete, nemus\u00edte je zad\u00e1vat znovu. Pokud tomu tak nen\u00ed, m\u011bli byste zadat po\u017eadovan\u00e9 jm\u00e9no a \u010d\u00edslo.<\/p>\n<p>Tipy pro pran\u00ed: Doporu\u010dujeme pr\u00e1t fotbalov\u00e1 tri\u010dka v ruce. Pokud chcete pou\u017e\u00edt pra\u010dku, nezapome\u0148te fotbalov\u00e1 tri\u010dka obr\u00e1tit naruby a pot\u00e9 je vyprat. Pra\u010dku napl\u0148te studenou vodou a pou\u017eijte jemn\u00fd cyklus, abyste l\u00e9pe ochr\u00e1nili barvy.<\/p>","protected":false},"excerpt":{"rendered":"<p>Ob im Stadion oder zuhause auf der Couch \u2013 deine Unterst\u00fctzung zeigst du am besten durch das schwei\u00dfableitende Modell in Blau. Mit dem Sporttop aus dem Hause adidas kann man wirklich nichts falsch machen. F\u00fcr wahre FC Arsenal London-Fans ein Muss: das Ausweich-Sporttop im Originaldesign, wie es die Spieler in der Premier League tragen. Wir [&hellip;]<\/p>","protected":false},"featured_media":1422,"comment_status":"open","ping_status":"closed","template":"","meta":[],"product_brand":[],"product_cat":[55],"product_tag":[20,57,21,22,23,24],"class_list":{"0":"post-1391","1":"product","2":"type-product","3":"status-publish","4":"has-post-thumbnail","6":"product_cat-arsenal","7":"product_tag-coole-fussballtrikots","8":"product_tag-fc-arsenal-trikots","9":"product_tag-fussballtrikot-fuer-herren","10":"product_tag-fussballtrikot-guenstig-kaufen","11":"product_tag-fussballtrikot-kurzarm","12":"product_tag-guenstiges-fussballtrikot","14":"first","15":"instock","16":"shipping-taxable","17":"purchasable","18":"product-type-variable"},"_links":{"self":[{"href":"https:\/\/www.billigtrikotde.com\/cs\/wp-json\/wp\/v2\/product\/1391","targetHints":{"allow":["GET"]}}],"collection":[{"href":"https:\/\/www.billigtrikotde.com\/cs\/wp-json\/wp\/v2\/product"}],"about":[{"href":"https:\/\/www.billigtrikotde.com\/cs\/wp-json\/wp\/v2\/types\/product"}],"replies":[{"embeddable":true,"href":"https:\/\/www.billigtrikotde.com\/cs\/wp-json\/wp\/v2\/comments?post=1391"}],"wp:featuredmedia":[{"embeddable":true,"href":"https:\/\/www.billigtrikotde.com\/cs\/wp-json\/wp\/v2\/media\/1422"}],"wp:attachment":[{"href":"https:\/\/www.billigtrikotde.com\/cs\/wp-json\/wp\/v2\/media?parent=1391"}],"wp:term":[{"taxonomy":"product_brand","embeddable":true,"href":"https:\/\/www.billigtrikotde.com\/cs\/wp-json\/wp\/v2\/product_brand?post=1391"},{"taxonomy":"product_cat","embeddable":true,"href":"https:\/\/www.billigtrikotde.com\/cs\/wp-json\/wp\/v2\/product_cat?post=1391"},{"taxonomy":"product_tag","embeddable":true,"href":"https:\/\/www.billigtrikotde.com\/cs\/wp-json\/wp\/v2\/product_tag?post=1391"}],"curies":[{"name":"wp","href":"https:\/\/api.w.org\/{rel}","templated":true}]}}