{"id":13877,"date":"2024-10-24T06:26:56","date_gmt":"2024-10-24T04:26:56","guid":{"rendered":"http:\/\/billigtrikots.com\/?post_type=product&#038;p=13877"},"modified":"2024-10-24T06:29:38","modified_gmt":"2024-10-24T04:29:38","slug":"manchester-united-heimtrikot-2023-24-kurzarm-bestellen-mit-aufdruck-casemiro-18","status":"publish","type":"product","link":"https:\/\/www.billigtrikotde.com\/cs\/manchester-united-heimtrikot-2023-24-kurzarm-bestellen-mit-aufdruck-casemiro-18\/","title":{"rendered":"Dom\u00e1c\u00ed tri\u010dko Manchester United 2023-24 s kr\u00e1tk\u00fdm ruk\u00e1vem a potiskem Casemiro 18"},"content":{"rendered":"<p>Das Manchester United 2023-2024 Trikot kombiniert eine klassische rote Hauptfarbe mit Schwarz f\u00fcr Logos und die Drei Streifen sowie wei\u00dfen Details. Es ist das erste Mal seit der Saison 2019-2020, dass Schwarz als Sekund\u00e4rfarbe verwendet. Offiziell wird die rote Farbe &#8222;Team Collage Red&#8220; genannt.<\/p>\n<p>Co se t\u00fd\u010de designu, dres Manchesteru United pro sezonu 2023-24 je inspirov\u00e1n pr\u016fmyslov\u00fdm d\u011bdictv\u00edm Manchesteru. Dres m\u00e1 opakuj\u00edc\u00ed se vzor, kter\u00fd kombinuje lancashirskou r\u016f\u017ei v geometrick\u00e9m vzoru inspirovan\u00e9m mostem Trafford Road Bridge, kter\u00fd byl postaven v dob\u011b pr\u016fmyslov\u00e9 revoluce.<\/p>\n<p>Tipy pro tisk: Pokud jsou jm\u00e9no a \u010d\u00edslo na obr\u00e1zku p\u0159esn\u011b takov\u00e9, jak\u00e9 chcete, nemus\u00edte je zad\u00e1vat znovu. Pokud tomu tak nen\u00ed, m\u011bli byste zadat po\u017eadovan\u00e9 jm\u00e9no a \u010d\u00edslo.<\/p>\n<p>Tipy pro pran\u00ed: Doporu\u010dujeme pr\u00e1t fotbalov\u00e1 tri\u010dka v ruce. Pokud chcete pou\u017e\u00edt pra\u010dku, nezapome\u0148te fotbalov\u00e1 tri\u010dka obr\u00e1tit naruby a pot\u00e9 je vyprat. Pra\u010dku napl\u0148te studenou vodou a pou\u017eijte jemn\u00fd cyklus, abyste l\u00e9pe ochr\u00e1nili barvy.<\/p>","protected":false},"excerpt":{"rendered":"<p>Manchester United 2023-2024 dres kombinuje klasickou \u010dervenou hlavn\u00ed barvu s \u010dernou pro loga a t\u0159i pruhy a b\u00edl\u00e9 detaily. Je to poprv\u00e9 od sez\u00f3ny 2019-2020, kdy se \u010dern\u00e1 pou\u017e\u00edv\u00e1 jako sekund\u00e1rn\u00ed barva. Ofici\u00e1ln\u011b se \u010derven\u00e1 barva naz\u00fdv\u00e1 \u201eTeam Collage Red\u201c. Co se t\u00fdk\u00e1 designu, dres 2023-24 od Manchester [\u2026]<\/p>","protected":false},"featured_media":13917,"comment_status":"open","ping_status":"closed","template":"","meta":[],"product_brand":[],"product_cat":[50],"product_tag":[20,668,669,670,671,21,22,23,24,672,673],"class_list":{"0":"post-13877","1":"product","2":"type-product","3":"status-publish","4":"has-post-thumbnail","6":"product_cat-manchester-united","7":"product_tag-coole-fussballtrikots","8":"product_tag-casemiro-babykleidung","9":"product_tag-casemiro-fussballtrikot","10":"product_tag-casemiro-kleidung-kinder","11":"product_tag-casemiro-trikot-fuer-kinder","12":"product_tag-fussballtrikot-fuer-herren","13":"product_tag-fussballtrikot-guenstig-kaufen","14":"product_tag-fussballtrikot-kurzarm","15":"product_tag-guenstiges-fussballtrikot","16":"product_tag-manchester-united-fussballtrikot","17":"product_tag-manchester-united-trikot","19":"first","20":"instock","21":"shipping-taxable","22":"purchasable","23":"product-type-variable"},"_links":{"self":[{"href":"https:\/\/www.billigtrikotde.com\/cs\/wp-json\/wp\/v2\/product\/13877","targetHints":{"allow":["GET"]}}],"collection":[{"href":"https:\/\/www.billigtrikotde.com\/cs\/wp-json\/wp\/v2\/product"}],"about":[{"href":"https:\/\/www.billigtrikotde.com\/cs\/wp-json\/wp\/v2\/types\/product"}],"replies":[{"embeddable":true,"href":"https:\/\/www.billigtrikotde.com\/cs\/wp-json\/wp\/v2\/comments?post=13877"}],"wp:featuredmedia":[{"embeddable":true,"href":"https:\/\/www.billigtrikotde.com\/cs\/wp-json\/wp\/v2\/media\/13917"}],"wp:attachment":[{"href":"https:\/\/www.billigtrikotde.com\/cs\/wp-json\/wp\/v2\/media?parent=13877"}],"wp:term":[{"taxonomy":"product_brand","embeddable":true,"href":"https:\/\/www.billigtrikotde.com\/cs\/wp-json\/wp\/v2\/product_brand?post=13877"},{"taxonomy":"product_cat","embeddable":true,"href":"https:\/\/www.billigtrikotde.com\/cs\/wp-json\/wp\/v2\/product_cat?post=13877"},{"taxonomy":"product_tag","embeddable":true,"href":"https:\/\/www.billigtrikotde.com\/cs\/wp-json\/wp\/v2\/product_tag?post=13877"}],"curies":[{"name":"wp","href":"https:\/\/api.w.org\/{rel}","templated":true}]}}