{"id":13859,"date":"2024-10-24T06:25:53","date_gmt":"2024-10-24T04:25:53","guid":{"rendered":"http:\/\/billigtrikots.com\/?post_type=product&#038;p=13859"},"modified":"2024-10-24T06:28:30","modified_gmt":"2024-10-24T04:28:30","slug":"kinder-liverpool-2023-24-auswaertstrikot-fussballtrikots-set-mohamed-salah-11","status":"publish","type":"product","link":"https:\/\/www.billigtrikotde.com\/cs\/kinder-liverpool-2023-24-auswaertstrikot-fussballtrikots-set-mohamed-salah-11\/","title":{"rendered":"D\u011btsk\u00e1 fotbalov\u00e1 souprava Liverpool 2023-24 Away Mohamed Salah 11"},"content":{"rendered":"<p>Fotbalov\u00fd dres Nike Liverpool Football Club 2023-24 kombinuje b\u00edlou a zelenou barvu s \u010dern\u00fdmi logy. Ofici\u00e1ln\u00ed barvy jsou \"b\u00edl\u00e1 \/ zelen\u00e1 jiskra \/ \u010dern\u00e1\" a to, co d\u011bl\u00e1 venkovn\u00ed soupravu Liverpool 23-24 jedine\u010dnou, je design. V\u00fdjezdn\u00ed dres Nike Liverpool 23-24 m\u00e1 vzor podobn\u00fd 90. let\u016fm v b\u00edl\u00e9 barv\u011b a r\u016fzn\u00fdch odst\u00ednech zelen\u00e9.<\/p>\n<p>Tipy pro tisk: Pokud jsou jm\u00e9no a \u010d\u00edslo na obr\u00e1zku p\u0159esn\u011b takov\u00e9, jak\u00e9 chcete, nemus\u00edte je zad\u00e1vat znovu. Pokud tomu tak nen\u00ed, m\u011bli byste zadat po\u017eadovan\u00e9 jm\u00e9no a \u010d\u00edslo.<\/p>\n<p>Tipy pro pran\u00ed: Doporu\u010dujeme pr\u00e1t fotbalov\u00e1 tri\u010dka v ruce. Pokud chcete pou\u017e\u00edt pra\u010dku, nezapome\u0148te fotbalov\u00e1 tri\u010dka obr\u00e1tit naruby a pot\u00e9 je vyprat. Pra\u010dku napl\u0148te studenou vodou a pou\u017eijte jemn\u00fd cyklus, abyste l\u00e9pe ochr\u00e1nili barvy.<\/p>","protected":false},"excerpt":{"rendered":"<p>Nike Liverpool Football Club 2023-24 Away jersey kombinuje b\u00edlou a zelenou s \u010dern\u00fdmi logy. Ofici\u00e1ln\u011b zn\u011bj\u00ed barvy \u201eB\u00edl\u00e1 \/ Zelen\u00fd jisk\u0159iv\u201c. Co d\u011bl\u00e1 away dres Liverpool 23-24 jedine\u010dn\u00fdm, je design. S\u00e9rie Nike Liverpool 23-24 Away jersey m\u00e1 vzor p\u0159ipom\u00ednaj\u00edc\u00ed 90. l\u00e9ta v b\u00edl\u00e9 a r\u016fzn\u00fdch odst\u00ednech zelen\u00e9. Tipy pro tisk: Pokud je jm\u00e9no a [\u2026]<\/p>","protected":false},"featured_media":13901,"comment_status":"open","ping_status":"closed","template":"","meta":[],"product_brand":[],"product_cat":[151],"product_tag":[20,574,21,24,94,665,277,153,154],"class_list":{"0":"post-13859","1":"product","2":"type-product","3":"status-publish","4":"has-post-thumbnail","6":"product_cat-liverpool-kindertrikot","7":"product_tag-coole-fussballtrikots","8":"product_tag-fussballtrikot-deutschland","9":"product_tag-fussballtrikot-fuer-herren","10":"product_tag-guenstiges-fussballtrikot","11":"product_tag-kinder-fussball-trikotsatz","12":"product_tag-liverpool-23-24-auswaertstrikot","13":"product_tag-liverpool-kinder-trikot-set","14":"product_tag-liverpool-trikots","15":"product_tag-liverpool-trikotsatz-fuer-kinder","17":"first","18":"instock","19":"shipping-taxable","20":"purchasable","21":"product-type-variable"},"_links":{"self":[{"href":"https:\/\/www.billigtrikotde.com\/cs\/wp-json\/wp\/v2\/product\/13859","targetHints":{"allow":["GET"]}}],"collection":[{"href":"https:\/\/www.billigtrikotde.com\/cs\/wp-json\/wp\/v2\/product"}],"about":[{"href":"https:\/\/www.billigtrikotde.com\/cs\/wp-json\/wp\/v2\/types\/product"}],"replies":[{"embeddable":true,"href":"https:\/\/www.billigtrikotde.com\/cs\/wp-json\/wp\/v2\/comments?post=13859"}],"wp:featuredmedia":[{"embeddable":true,"href":"https:\/\/www.billigtrikotde.com\/cs\/wp-json\/wp\/v2\/media\/13901"}],"wp:attachment":[{"href":"https:\/\/www.billigtrikotde.com\/cs\/wp-json\/wp\/v2\/media?parent=13859"}],"wp:term":[{"taxonomy":"product_brand","embeddable":true,"href":"https:\/\/www.billigtrikotde.com\/cs\/wp-json\/wp\/v2\/product_brand?post=13859"},{"taxonomy":"product_cat","embeddable":true,"href":"https:\/\/www.billigtrikotde.com\/cs\/wp-json\/wp\/v2\/product_cat?post=13859"},{"taxonomy":"product_tag","embeddable":true,"href":"https:\/\/www.billigtrikotde.com\/cs\/wp-json\/wp\/v2\/product_tag?post=13859"}],"curies":[{"name":"wp","href":"https:\/\/api.w.org\/{rel}","templated":true}]}}