{"id":13850,"date":"2024-10-24T06:25:22","date_gmt":"2024-10-24T04:25:22","guid":{"rendered":"http:\/\/billigtrikots.com\/?post_type=product&#038;p=13850"},"modified":"2024-10-24T06:27:56","modified_gmt":"2024-10-24T04:27:56","slug":"kaufe-kindertrikot-trikotsatz-bayern-muenchen-23-24-auswaertstrikot-online","status":"publish","type":"product","link":"https:\/\/www.billigtrikotde.com\/cs\/kaufe-kindertrikot-trikotsatz-bayern-muenchen-23-24-auswaertstrikot-online\/","title":{"rendered":"Koupit d\u011btsk\u00fd dres Bayern Mnichov 23-24 away kit online"},"content":{"rendered":"<p>Letn\u00ed turn\u00e9 Bayernu Mnichov Audi 2023 je sou\u010d\u00e1st\u00ed snahy Bayernu nav\u00e1zat kontakt s fanou\u0161ky po cel\u00e9m sv\u011bt\u011b a roz\u0161\u00ed\u0159it svou fanou\u0161kovskou z\u00e1kladnu v Asii. Bayern odehraje v Tokiu dva z\u00e1pasy, jeden proti Manchesteru City a jeden proti zat\u00edm neozn\u00e1men\u00e9mu soupe\u0159i.<\/p>\n<p>V\u00fdjezdn\u00ed dres Adidas Bayern Mnichov 23-24 m\u00e1 pro bavorsk\u00fd klub neobvyklou barevnou kombinaci - kombinuje \u010dernou z\u00e1kladn\u00ed barvu se zelenou a fialovou, zat\u00edmco t\u0159i pruhy jsou fialov\u00e9 a loga na p\u0159edn\u00ed stran\u011b jsou sv\u011btle zelen\u00e1. Jm\u00e9na a \u010d\u00edsla jsou rovn\u011b\u017e fialov\u00e1, zat\u00edmco modern\u00ed vzorek ve fialov\u00e9 a zelen\u00e9 barv\u011b, kter\u00fd se skl\u00e1d\u00e1 z tradi\u010dn\u00edch klubov\u00fdch diamant\u016f, dotv\u00e1\u0159\u00ed modern\u00ed vzhled.<\/p>\n<p>Tipy pro tisk: Pokud jsou jm\u00e9no a \u010d\u00edslo na obr\u00e1zku p\u0159esn\u011b takov\u00e9, jak\u00e9 chcete, nemus\u00edte je zad\u00e1vat znovu. Pokud tomu tak nen\u00ed, m\u011bli byste zadat po\u017eadovan\u00e9 jm\u00e9no a \u010d\u00edslo.<\/p>\n<p>Tipy pro pran\u00ed: Doporu\u010dujeme pr\u00e1t fotbalov\u00e1 tri\u010dka v ruce. Pokud chcete pou\u017e\u00edt pra\u010dku, nezapome\u0148te fotbalov\u00e1 tri\u010dka obr\u00e1tit naruby a pot\u00e9 je vyprat. Pra\u010dku napl\u0148te studenou vodou a pou\u017eijte jemn\u00fd cyklus, abyste l\u00e9pe ochr\u00e1nili barvy.<\/p>","protected":false},"excerpt":{"rendered":"<p>Die Bayern M\u00fcnchen Audi 2023 Sommertour ist Teil der Bem\u00fchungen der Bayern, mit den Fans auf der ganzen Welt in Kontakt zu treten und ihre Fangemeinde in Asien zu vergr\u00f6\u00dfern. Die Bayern werden in Tokio zwei Spiele bestreiten, eines gegen Manchester City und eines gegen einen noch nicht angek\u00fcndigten Gegner. Das Adidas Bayern M\u00fcnchen 23-24 [&hellip;]<\/p>","protected":false},"featured_media":13890,"comment_status":"open","ping_status":"closed","template":"","meta":[],"product_brand":[],"product_cat":[135],"product_tag":[137,514,515,138,20,574,21,23,24,94],"class_list":{"0":"post-13850","1":"product","2":"type-product","3":"status-publish","4":"has-post-thumbnail","6":"product_cat-bayern-munich-kindertrikot","7":"product_tag-bayern-muenchen-trikots","8":"product_tag-bayern-munich-fussballtrikots-kinder","9":"product_tag-bayern-munich-trikot-fuer-kinder","10":"product_tag-bayern-munich-trikotsatz-fuer-kinder","11":"product_tag-coole-fussballtrikots","12":"product_tag-fussballtrikot-deutschland","13":"product_tag-fussballtrikot-fuer-herren","14":"product_tag-fussballtrikot-kurzarm","15":"product_tag-guenstiges-fussballtrikot","16":"product_tag-kinder-fussball-trikotsatz","18":"first","19":"instock","20":"shipping-taxable","21":"purchasable","22":"product-type-variable"},"_links":{"self":[{"href":"https:\/\/www.billigtrikotde.com\/cs\/wp-json\/wp\/v2\/product\/13850","targetHints":{"allow":["GET"]}}],"collection":[{"href":"https:\/\/www.billigtrikotde.com\/cs\/wp-json\/wp\/v2\/product"}],"about":[{"href":"https:\/\/www.billigtrikotde.com\/cs\/wp-json\/wp\/v2\/types\/product"}],"replies":[{"embeddable":true,"href":"https:\/\/www.billigtrikotde.com\/cs\/wp-json\/wp\/v2\/comments?post=13850"}],"wp:featuredmedia":[{"embeddable":true,"href":"https:\/\/www.billigtrikotde.com\/cs\/wp-json\/wp\/v2\/media\/13890"}],"wp:attachment":[{"href":"https:\/\/www.billigtrikotde.com\/cs\/wp-json\/wp\/v2\/media?parent=13850"}],"wp:term":[{"taxonomy":"product_brand","embeddable":true,"href":"https:\/\/www.billigtrikotde.com\/cs\/wp-json\/wp\/v2\/product_brand?post=13850"},{"taxonomy":"product_cat","embeddable":true,"href":"https:\/\/www.billigtrikotde.com\/cs\/wp-json\/wp\/v2\/product_cat?post=13850"},{"taxonomy":"product_tag","embeddable":true,"href":"https:\/\/www.billigtrikotde.com\/cs\/wp-json\/wp\/v2\/product_tag?post=13850"}],"curies":[{"name":"wp","href":"https:\/\/api.w.org\/{rel}","templated":true}]}}