{"id":13803,"date":"2024-10-24T06:22:37","date_gmt":"2024-10-24T04:22:37","guid":{"rendered":"http:\/\/billigtrikots.com\/?post_type=product&#038;p=13803"},"modified":"2024-10-24T06:25:14","modified_gmt":"2024-10-24T04:25:14","slug":"kinder-fussballtrikots-manchester-united-2023-24-trikot-trikotsatz-bestellen-mit-aufdruck-martial-9","status":"publish","type":"product","link":"https:\/\/www.billigtrikotde.com\/cs\/kinder-fussballtrikots-manchester-united-2023-24-trikot-trikotsatz-bestellen-mit-aufdruck-martial-9\/","title":{"rendered":"D\u011btsk\u00e9 fotbalov\u00e9 dresy Manchester United 2023-24 dres kit order s potiskem MARTIAL 9"},"content":{"rendered":"<p>Triko Man United 2023-2024 kombinuje klasickou \u010dervenou hlavn\u00ed barvu s \u010dernou pro loga a t\u0159i pruhy, stejn\u011b jako b\u00edl\u00e9 detaily. Je to poprv\u00e9 od sezony 2019-2020, kdy je \u010dern\u00e1 pou\u017eita jako sekund\u00e1rn\u00ed barva. Ofici\u00e1ln\u011b je \u010derven\u00e1 barva naz\u00fdv\u00e1na \u201eTeam Collage Red\u201c. Hlavn\u00ed sponzor, jm\u00e9na a \u010d\u00edsla, stejn\u011b jako loga sponzor\u016f na ruk\u00e1vech od DXC Technology jsou b\u00edl\u00e9. Logo sponzora TeamViewer bylo ve srovn\u00e1n\u00ed s d\u0159\u00edv\u011bj\u0161kem aktualizov\u00e1no.<br \/>\nCo se t\u00fd\u010de designu, tak triko Manchester United 2023-24 je inspirov\u00e1no pr\u016fmyslov\u00fdm d\u011bdictv\u00edm Manchesteru. Triko ukazuje opakuj\u00edc\u00ed se vzor, kter\u00fd kombinuje Lancashire r\u016f\u017ei v geometrick\u00e9m vzoru, inspirovan\u00e9m mostem Trafford Road, kter\u00fd byl postaven b\u011bhem pr\u016fmyslov\u00e9 revoluce. Lancashire r\u016f\u017ee je heraldick\u00fd symbol, kter\u00fd reprezentuje historick\u00fd hrabstv\u00ed Lancashire na severoz\u00e1pad\u011b Anglie. Je to \u010derven\u00e1 r\u016f\u017ee s zlat\u00fdm st\u0159edem a je pou\u017e\u00edv\u00e1na jako znak hrabstv\u00ed ji\u017e po stalet\u00ed. Lancashire r\u016f\u017ee se dodnes pou\u017e\u00edv\u00e1 v r\u016fzn\u00fdch form\u00e1ch, nap\u0159\u00edklad na vlajce hrabstv\u00ed a na odznac\u00edch kriketov\u00fdch a ragbyov\u00fdch t\u00fdm\u016f Lancashire.<\/p>\n<p>Tipy pro tisk: Pokud jsou jm\u00e9no a \u010d\u00edslo na obr\u00e1zku p\u0159esn\u011b takov\u00e9, jak\u00e9 chcete, nemus\u00edte je zad\u00e1vat znovu. Pokud tomu tak nen\u00ed, m\u011bli byste zadat po\u017eadovan\u00e9 jm\u00e9no a \u010d\u00edslo.<\/p>\n<p>Tipy pro pran\u00ed: Doporu\u010dujeme pr\u00e1t fotbalov\u00e1 tri\u010dka v ruce. Pokud chcete pou\u017e\u00edt pra\u010dku, nezapome\u0148te fotbalov\u00e1 tri\u010dka obr\u00e1tit naruby a pot\u00e9 je vyprat. Pra\u010dku napl\u0148te studenou vodou a pou\u017eijte jemn\u00fd cyklus, abyste l\u00e9pe ochr\u00e1nili barvy.<\/p>","protected":false},"excerpt":{"rendered":"<p>Das Man United 2023-2024 Trikot kombiniert eine klassische rote Hauptfarbe mit Schwarz f\u00fcr Logos und die Drei Streifen sowie wei\u00dfen Details. Es ist das erste Mal seit der Saison 2019-2020, dass Schwarz als Sekund\u00e4rfarbe verwendet. Offiziell wird die rote Farbe \u201eTeam Collage Red\u201c genannt.Der Hauptsponsor, die Namen und Nummern sowie die Logos der \u00c4rmelsponsoren von [&hellip;]<\/p>","protected":false},"featured_media":13845,"comment_status":"open","ping_status":"closed","template":"","meta":[],"product_brand":[],"product_cat":[140],"product_tag":[20,574,21,22,664,228,24,141,52,142],"class_list":{"0":"post-13803","1":"product","2":"type-product","3":"status-publish","4":"has-post-thumbnail","6":"product_cat-manchester-united-kindertrikot","7":"product_tag-coole-fussballtrikots","8":"product_tag-fussballtrikot-deutschland","9":"product_tag-fussballtrikot-fuer-herren","10":"product_tag-fussballtrikot-guenstig-kaufen","11":"product_tag-fussballtrikot-trikotsatz","12":"product_tag-guenstige-fussballtrikot","13":"product_tag-guenstiges-fussballtrikot","14":"product_tag-manchester-united-heimtrikot","15":"product_tag-manchester-united-trikots","16":"product_tag-manchester-united-trikotsatz-fuer-kinder","18":"first","19":"instock","20":"shipping-taxable","21":"purchasable","22":"product-type-variable"},"_links":{"self":[{"href":"https:\/\/www.billigtrikotde.com\/cs\/wp-json\/wp\/v2\/product\/13803","targetHints":{"allow":["GET"]}}],"collection":[{"href":"https:\/\/www.billigtrikotde.com\/cs\/wp-json\/wp\/v2\/product"}],"about":[{"href":"https:\/\/www.billigtrikotde.com\/cs\/wp-json\/wp\/v2\/types\/product"}],"replies":[{"embeddable":true,"href":"https:\/\/www.billigtrikotde.com\/cs\/wp-json\/wp\/v2\/comments?post=13803"}],"wp:featuredmedia":[{"embeddable":true,"href":"https:\/\/www.billigtrikotde.com\/cs\/wp-json\/wp\/v2\/media\/13845"}],"wp:attachment":[{"href":"https:\/\/www.billigtrikotde.com\/cs\/wp-json\/wp\/v2\/media?parent=13803"}],"wp:term":[{"taxonomy":"product_brand","embeddable":true,"href":"https:\/\/www.billigtrikotde.com\/cs\/wp-json\/wp\/v2\/product_brand?post=13803"},{"taxonomy":"product_cat","embeddable":true,"href":"https:\/\/www.billigtrikotde.com\/cs\/wp-json\/wp\/v2\/product_cat?post=13803"},{"taxonomy":"product_tag","embeddable":true,"href":"https:\/\/www.billigtrikotde.com\/cs\/wp-json\/wp\/v2\/product_tag?post=13803"}],"curies":[{"name":"wp","href":"https:\/\/api.w.org\/{rel}","templated":true}]}}