{"id":13667,"date":"2024-10-24T06:14:56","date_gmt":"2024-10-24T04:14:56","guid":{"rendered":"http:\/\/billigtrikots.com\/?post_type=product&#038;p=13667"},"modified":"2024-10-24T06:17:37","modified_gmt":"2024-10-24T04:17:37","slug":"kinderheim-trikot-fc-barcelona-23-24-trikot-kurzarm-kurze-hosen-gavi-30","status":"publish","type":"product","link":"https:\/\/www.billigtrikotde.com\/cs\/kinderheim-trikot-fc-barcelona-23-24-trikot-kurzarm-kurze-hosen-gavi-30\/","title":{"rendered":"D\u011btsk\u00e9 dom\u00e1c\u00ed tri\u010dko FC Barcelona 23-24 Ko\u0161ile s kr\u00e1tk\u00fdm ruk\u00e1vem + \u0161ortky GAVI 30"},"content":{"rendered":"<p>Po mnoha \u00fanic\u00edch byl kone\u010dn\u011b p\u0159edstaven dres Barcelony na obdob\u00ed 2023-2024. Pruhy maj\u00ed na okraj\u00edch diamantov\u00fd vzor a logo m\u00e1 skryt\u00fd t\u0159pytiv\u00fd diamant - oboj\u00ed je poctou \u017eensk\u00e9mu t\u00fdmu.<\/p>\n<p>Dres FC Barcelona 2023-2024 se vrac\u00ed k nejklasi\u010dt\u011bj\u0161\u00edmu designu dres\u016f klubu, kter\u00fd byl p\u0159edstaven v roce 1912 a v\u00edcem\u00e9n\u011b ve stejn\u00e9m stylu se pou\u017e\u00edval a\u017e do 90. let 20. stolet\u00ed. Dres Nike FC Barcelona 23-24 m\u00e1 na p\u0159edn\u00ed stran\u011b dva \u0161irok\u00e9 \u010derven\u00e9 pruhy. Ruk\u00e1vy jsou \u010derven\u00e9 a unik\u00e1tn\u00ed je, \u017ee klasick\u00e9 pruhy dresu maj\u00ed na okraj\u00edch koso\u010dtvercov\u00fd vzor. Ten je inspirov\u00e1n star\u00fdm koso\u010dtvercov\u00fdm logem sou\u010dasn\u00e9ho \u017eensk\u00e9ho t\u00fdmu Barcelony.<\/p>\n<p>Tipy pro tisk: Pokud jsou jm\u00e9no a \u010d\u00edslo na obr\u00e1zku p\u0159esn\u011b takov\u00e9, jak\u00e9 chcete, nemus\u00edte je zad\u00e1vat znovu. Pokud tomu tak nen\u00ed, m\u011bli byste zadat po\u017eadovan\u00e9 jm\u00e9no a \u010d\u00edslo.<\/p>\n<p>Tipy pro pran\u00ed: Doporu\u010dujeme pr\u00e1t fotbalov\u00e1 tri\u010dka v ruce. Pokud chcete pou\u017e\u00edt pra\u010dku, nezapome\u0148te fotbalov\u00e1 tri\u010dka obr\u00e1tit naruby a pot\u00e9 je vyprat. Pra\u010dku napl\u0148te studenou vodou a pou\u017eijte jemn\u00fd cyklus, abyste l\u00e9pe ochr\u00e1nili barvy.<\/p>","protected":false},"excerpt":{"rendered":"<p>Po mnoha \u00fanik\u00fdch byl dres Barcelona 2023-2024 kone\u010dn\u011b odhalen. Pruhy maj\u00ed po okraj\u00edch vzor v podob\u011b \u010dtverc\u016f a logo m\u00e1 skryt\u00fd leskl\u00fd diamant \u2013 oboj\u00ed je pocta \u017een\u00e1m. Dres FC Barcelona 2023-2024 se vrac\u00ed k nejklasi\u010dt\u011bj\u0161\u00edmu designu dres\u016f klubu, kter\u00fd byl p\u0159edstaven v roce 1912 a a\u017e do 90. let [\u2026]<\/p>","protected":false},"featured_media":13707,"comment_status":"open","ping_status":"closed","template":"","meta":[],"product_brand":[],"product_cat":[146],"product_tag":[147,20,460,33,574,21,22,24,94],"class_list":{"0":"post-13667","1":"product","2":"type-product","3":"status-publish","4":"has-post-thumbnail","6":"product_cat-barcelona-kindertrikot","7":"product_tag-barcelona-trikotsatz-fuer-kinder","8":"product_tag-coole-fussballtrikots","9":"product_tag-deutschland-fussballtrikots","10":"product_tag-fc-barcelona-trikots","11":"product_tag-fussballtrikot-deutschland","12":"product_tag-fussballtrikot-fuer-herren","13":"product_tag-fussballtrikot-guenstig-kaufen","14":"product_tag-guenstiges-fussballtrikot","15":"product_tag-kinder-fussball-trikotsatz","17":"first","18":"instock","19":"shipping-taxable","20":"purchasable","21":"product-type-variable"},"_links":{"self":[{"href":"https:\/\/www.billigtrikotde.com\/cs\/wp-json\/wp\/v2\/product\/13667","targetHints":{"allow":["GET"]}}],"collection":[{"href":"https:\/\/www.billigtrikotde.com\/cs\/wp-json\/wp\/v2\/product"}],"about":[{"href":"https:\/\/www.billigtrikotde.com\/cs\/wp-json\/wp\/v2\/types\/product"}],"replies":[{"embeddable":true,"href":"https:\/\/www.billigtrikotde.com\/cs\/wp-json\/wp\/v2\/comments?post=13667"}],"wp:featuredmedia":[{"embeddable":true,"href":"https:\/\/www.billigtrikotde.com\/cs\/wp-json\/wp\/v2\/media\/13707"}],"wp:attachment":[{"href":"https:\/\/www.billigtrikotde.com\/cs\/wp-json\/wp\/v2\/media?parent=13667"}],"wp:term":[{"taxonomy":"product_brand","embeddable":true,"href":"https:\/\/www.billigtrikotde.com\/cs\/wp-json\/wp\/v2\/product_brand?post=13667"},{"taxonomy":"product_cat","embeddable":true,"href":"https:\/\/www.billigtrikotde.com\/cs\/wp-json\/wp\/v2\/product_cat?post=13667"},{"taxonomy":"product_tag","embeddable":true,"href":"https:\/\/www.billigtrikotde.com\/cs\/wp-json\/wp\/v2\/product_tag?post=13667"}],"curies":[{"name":"wp","href":"https:\/\/api.w.org\/{rel}","templated":true}]}}