{"id":1345,"date":"2024-10-23T13:26:16","date_gmt":"2024-10-23T11:26:16","guid":{"rendered":"http:\/\/billigtrikots.com\/?post_type=product&#038;p=1345"},"modified":"2024-10-23T13:28:14","modified_gmt":"2024-10-23T11:28:14","slug":"herren-fc-arsenal-heimtrikot-2022-langarm-weiss-rot-kurze-hosen-xhaka-34","status":"publish","type":"product","link":"https:\/\/www.billigtrikotde.com\/cs\/herren-fc-arsenal-heimtrikot-2022-langarm-weiss-rot-kurze-hosen-xhaka-34\/","title":{"rendered":"P\u00e1nsk\u00e9 dom\u00e1c\u00ed tri\u010dko FC Arsenal 2022 s dlouh\u00fdm ruk\u00e1vem White\/Red + \u0161ortky XHAKA 34"},"content":{"rendered":"<p>Arsenal a adidas \u2013 tam je \u00fasp\u011bch p\u0159edem zaji\u0161t\u011bn. S t\u00edmto fotbalov\u00fdm dres\u016fm uv\u00e1d\u00edme na trh klasiku, se kterou klub z severu Lond\u00fdna zaznamenal velk\u00e9 v\u00edt\u011bzstv\u00ed, znovu. Nav\u00edc je fanou\u0161kovsk\u00e1 verze vyrobena z p\u0159\u00edjemn\u011b m\u011bkk\u00e9ho, vlhkost odv\u00e1d\u011bj\u00edc\u00edho materi\u00e1lu a je o n\u011bco \u0161ir\u0161\u00ed ne\u017e model, kter\u00fd nos\u00ed profesion\u00e1ln\u00ed fotbalist\u00e9 na z\u00e1pasech. Slavn\u00e9 klubov\u00e9 logo na hrudi d\u011bl\u00e1 design dokonal\u00fdm. Tato verze je o n\u011bco \u0161ir\u0161\u00ed ne\u017e ofici\u00e1ln\u00ed hr\u00e1\u010dsk\u00e9 vybaven\u00ed. Vp\u0159edu \u017eebrovan\u00fd v\u00fdst\u0159ih. Dlouh\u00e9 ruk\u00e1vy s \u017eebrovan\u00fdm lemem. P\u0159\u00edjemn\u011b m\u011bkk\u00fd, lehk\u00fd materi\u00e1l. Materi\u00e1l odv\u00e1d\u011bj\u00edc\u00ed vlhkost Climalite. Tkan\u00e9 klubov\u00e9 logo FC Arsenal. Dres byl vyroben z recyklovan\u00e9ho polyesteru, aby se \u0161et\u0159ily zdroje a sn\u00ed\u017eila se produkce sklen\u00edkov\u00fdch plyn\u016f. Materi\u00e1l: 100% Polyester.<\/p>\n<p>Tipy pro tisk: Pokud jsou jm\u00e9no a \u010d\u00edslo na obr\u00e1zku p\u0159esn\u011b takov\u00e9, jak\u00e9 chcete, nemus\u00edte je zad\u00e1vat znovu. Pokud tomu tak nen\u00ed, m\u011bli byste zadat po\u017eadovan\u00e9 jm\u00e9no a \u010d\u00edslo.<\/p>\n<p>Tipy pro pran\u00ed: Doporu\u010dujeme pr\u00e1t fotbalov\u00e1 tri\u010dka v ruce. Pokud chcete pou\u017e\u00edt pra\u010dku, nezapome\u0148te fotbalov\u00e1 tri\u010dka obr\u00e1tit naruby a pot\u00e9 je vyprat. Pra\u010dku napl\u0148te studenou vodou a pou\u017eijte jemn\u00fd cyklus, abyste l\u00e9pe ochr\u00e1nili barvy.<\/p>","protected":false},"excerpt":{"rendered":"<p>Arsenal und adidas \u2013 da ist Erfolg vorprogrammiert. Mit diesem Fu\u00dfballtrikot legen wir einen Klassiker, mit dem der Club aus dem Norden Londons gro\u00dfe Siege verbuchen konnte, neu auf. Au\u00dferdem ist die Fan-Version aus angenehm weichem, feuchtigkeitsableitendem Material und etwas weiter geschnitten als das Modell, das die Profi-Kicker an Spieltagen tragen. Das ber\u00fchmte Vereinslogo auf [&hellip;]<\/p>","protected":false},"featured_media":1375,"comment_status":"open","ping_status":"closed","template":"","meta":[],"product_brand":[],"product_cat":[55],"product_tag":[20,56,57,38,21,22,24],"class_list":{"0":"post-1345","1":"product","2":"type-product","3":"status-publish","4":"has-post-thumbnail","6":"product_cat-arsenal","7":"product_tag-coole-fussballtrikots","8":"product_tag-fc-arsenal-heimtrikot","9":"product_tag-fc-arsenal-trikots","10":"product_tag-fussball-trikot-langarm","11":"product_tag-fussballtrikot-fuer-herren","12":"product_tag-fussballtrikot-guenstig-kaufen","13":"product_tag-guenstiges-fussballtrikot","15":"first","16":"instock","17":"shipping-taxable","18":"purchasable","19":"product-type-variable"},"_links":{"self":[{"href":"https:\/\/www.billigtrikotde.com\/cs\/wp-json\/wp\/v2\/product\/1345","targetHints":{"allow":["GET"]}}],"collection":[{"href":"https:\/\/www.billigtrikotde.com\/cs\/wp-json\/wp\/v2\/product"}],"about":[{"href":"https:\/\/www.billigtrikotde.com\/cs\/wp-json\/wp\/v2\/types\/product"}],"replies":[{"embeddable":true,"href":"https:\/\/www.billigtrikotde.com\/cs\/wp-json\/wp\/v2\/comments?post=1345"}],"wp:featuredmedia":[{"embeddable":true,"href":"https:\/\/www.billigtrikotde.com\/cs\/wp-json\/wp\/v2\/media\/1375"}],"wp:attachment":[{"href":"https:\/\/www.billigtrikotde.com\/cs\/wp-json\/wp\/v2\/media?parent=1345"}],"wp:term":[{"taxonomy":"product_brand","embeddable":true,"href":"https:\/\/www.billigtrikotde.com\/cs\/wp-json\/wp\/v2\/product_brand?post=1345"},{"taxonomy":"product_cat","embeddable":true,"href":"https:\/\/www.billigtrikotde.com\/cs\/wp-json\/wp\/v2\/product_cat?post=1345"},{"taxonomy":"product_tag","embeddable":true,"href":"https:\/\/www.billigtrikotde.com\/cs\/wp-json\/wp\/v2\/product_tag?post=1345"}],"curies":[{"name":"wp","href":"https:\/\/api.w.org\/{rel}","templated":true}]}}