{"id":13240,"date":"2024-10-24T05:52:33","date_gmt":"2024-10-24T03:52:33","guid":{"rendered":"http:\/\/billigtrikots.com\/?post_type=product&#038;p=13240"},"modified":"2024-10-24T05:55:17","modified_gmt":"2024-10-24T03:55:17","slug":"kinder-heimtrikot-arsenal-2023-24-fussballtrikots-trikotsatz-kit-granit-xhaka-34","status":"publish","type":"product","link":"https:\/\/www.billigtrikotde.com\/cs\/kinder-heimtrikot-arsenal-2023-24-fussballtrikots-trikotsatz-kit-granit-xhaka-34\/","title":{"rendered":"D\u011btsk\u00e9 dom\u00e1c\u00ed tri\u010dko Arsenal 2023-24 Fotbalov\u00e9 tri\u010dko Kit Granit Xhaka 34"},"content":{"rendered":"<p>Jemn\u00fd vzor Zap a zlat\u00fd prvek Zap na zadn\u00ed stran\u011b pod l\u00edmcem dotv\u00e1\u0159ej\u00ed vzhled dom\u00e1c\u00edho dresu Arsenal 23-24. Dal\u0161\u00edm skv\u011bl\u00fdm detailem nov\u00e9ho dom\u00e1c\u00edho dresu Arsenalu je jemn\u00fd potisk na vnit\u0159n\u00ed stran\u011b b\u00edl\u00e9ho bo\u010dn\u00edho pruhu, kter\u00fd zobrazuje sk\u00f3re t\u00fdmu Invincibles z let 2003-04. Odst\u00edn hlavn\u00ed \u010derven\u00e9 barvy dom\u00e1c\u00edho dresu Arsenalu 23-24 se naz\u00fdv\u00e1 \"Better Scarlet\". Je to o n\u011bco tmav\u0161\u00ed barva ne\u017e \u010derven\u00e1 z p\u0159edchoz\u00edch sez\u00f3n.<\/p>\n<p>Tipy pro tisk: Pokud jsou jm\u00e9no a \u010d\u00edslo na obr\u00e1zku p\u0159esn\u011b takov\u00e9, jak\u00e9 chcete, nemus\u00edte je zad\u00e1vat znovu. Pokud tomu tak nen\u00ed, m\u011bli byste zadat po\u017eadovan\u00e9 jm\u00e9no a \u010d\u00edslo.<\/p>\n<p>Tipy pro pran\u00ed: Doporu\u010dujeme pr\u00e1t fotbalov\u00e1 tri\u010dka v ruce. Pokud chcete pou\u017e\u00edt pra\u010dku, nezapome\u0148te fotbalov\u00e1 tri\u010dka obr\u00e1tit naruby a pot\u00e9 je vyprat. Pra\u010dku napl\u0148te studenou vodou a pou\u017eijte jemn\u00fd cyklus, abyste l\u00e9pe ochr\u00e1nili barvy.<\/p>","protected":false},"excerpt":{"rendered":"<p>Ein dezentes Zap-Muster und ein goldenes Zap-Element auf der R\u00fcckseite unter dem Kragen runden den Look des Arsenal 23-24 Heimtrikots ab. Ein weiteres cooles Detail des neuen Arsenal-Heimtrikots ist ein dezenter Aufdruck auf der Innenseite des wei\u00dfen Seitenstreifens, auf dem die Spielergebnisse des 2003-04 Invincibles-Teams abgebildet sind.Der Farbton der roten Hauptfarbe des Arsenal 23-24 Heimtrikots [&hellip;]<\/p>","protected":false},"featured_media":13292,"comment_status":"open","ping_status":"closed","template":"","meta":[],"product_brand":[],"product_cat":[167],"product_tag":[584,20,56,57,168,574,21,22,23,24,94,586],"class_list":{"0":"post-13240","1":"product","2":"type-product","3":"status-publish","4":"has-post-thumbnail","6":"product_cat-arsenal-kindertrikot","7":"product_tag-arsenal-2023-24-trikot","8":"product_tag-coole-fussballtrikots","9":"product_tag-fc-arsenal-heimtrikot","10":"product_tag-fc-arsenal-trikots","11":"product_tag-fc-arsenal-trikotsatz-fuer-kinder","12":"product_tag-fussballtrikot-deutschland","13":"product_tag-fussballtrikot-fuer-herren","14":"product_tag-fussballtrikot-guenstig-kaufen","15":"product_tag-fussballtrikot-kurzarm","16":"product_tag-guenstiges-fussballtrikot","17":"product_tag-kinder-fussball-trikotsatz","18":"product_tag-kinder-fussballtrikot","20":"first","21":"instock","22":"shipping-taxable","23":"purchasable","24":"product-type-variable"},"_links":{"self":[{"href":"https:\/\/www.billigtrikotde.com\/cs\/wp-json\/wp\/v2\/product\/13240","targetHints":{"allow":["GET"]}}],"collection":[{"href":"https:\/\/www.billigtrikotde.com\/cs\/wp-json\/wp\/v2\/product"}],"about":[{"href":"https:\/\/www.billigtrikotde.com\/cs\/wp-json\/wp\/v2\/types\/product"}],"replies":[{"embeddable":true,"href":"https:\/\/www.billigtrikotde.com\/cs\/wp-json\/wp\/v2\/comments?post=13240"}],"wp:featuredmedia":[{"embeddable":true,"href":"https:\/\/www.billigtrikotde.com\/cs\/wp-json\/wp\/v2\/media\/13292"}],"wp:attachment":[{"href":"https:\/\/www.billigtrikotde.com\/cs\/wp-json\/wp\/v2\/media?parent=13240"}],"wp:term":[{"taxonomy":"product_brand","embeddable":true,"href":"https:\/\/www.billigtrikotde.com\/cs\/wp-json\/wp\/v2\/product_brand?post=13240"},{"taxonomy":"product_cat","embeddable":true,"href":"https:\/\/www.billigtrikotde.com\/cs\/wp-json\/wp\/v2\/product_cat?post=13240"},{"taxonomy":"product_tag","embeddable":true,"href":"https:\/\/www.billigtrikotde.com\/cs\/wp-json\/wp\/v2\/product_tag?post=13240"}],"curies":[{"name":"wp","href":"https:\/\/api.w.org\/{rel}","templated":true}]}}