{"id":1321,"date":"2024-10-23T13:25:16","date_gmt":"2024-10-23T11:25:16","guid":{"rendered":"http:\/\/billigtrikots.com\/?post_type=product&#038;p=1321"},"modified":"2024-10-23T13:27:10","modified_gmt":"2024-10-23T11:27:10","slug":"personalisierbar-home-langarmtrikot-arsenal-2022-mit-aufdruck-lacazette-9","status":"publish","type":"product","link":"https:\/\/www.billigtrikotde.com\/cs\/personalisierbar-home-langarmtrikot-arsenal-2022-mit-aufdruck-lacazette-9\/","title":{"rendered":"P\u0159izp\u016fsobiteln\u00fd dom\u00e1c\u00ed dres Arsenal 2022 s dlouh\u00fdm ruk\u00e1vem a potiskem Lacazette 9"},"content":{"rendered":"<p>B\u00edl\u00e9 vlo\u017eky a n\u00e1mo\u0159nick\u00e9 modr\u00e9 detaily p\u0159ipom\u00ednaj\u00ed \u00e9ru, ve kter\u00e9 Arsenal s svou silou dos\u00e1hl vynikaj\u00edc\u00edho \u00fasp\u011bchu. Dlouh\u00fd ruk\u00e1v fotbalov\u00e9ho dresu adidas byl navr\u017een tak, aby fanou\u0161k\u016fm klubu poskytoval maxim\u00e1ln\u00ed pohodl\u00ed. Je vyroben z m\u011bkk\u00e9 tkaniny a disponuje technologi\u00ed odv\u00e1d\u011bj\u00edc\u00ed pot AEROREADY. Tento produkt je vyroben s pou\u017eit\u00edm Primegreen, s\u00e9rie vysoce v\u00fdkonn\u00fdch recyklovan\u00fdch materi\u00e1l\u016f.<\/p>\n<p>Tipy pro tisk: Pokud jsou jm\u00e9no a \u010d\u00edslo na obr\u00e1zku p\u0159esn\u011b takov\u00e9, jak\u00e9 chcete, nemus\u00edte je zad\u00e1vat znovu. Pokud tomu tak nen\u00ed, m\u011bli byste zadat po\u017eadovan\u00e9 jm\u00e9no a \u010d\u00edslo.<\/p>\n<p>Tipy pro pran\u00ed: Doporu\u010dujeme pr\u00e1t fotbalov\u00e1 tri\u010dka v ruce. Pokud chcete pou\u017e\u00edt pra\u010dku, nezapome\u0148te fotbalov\u00e1 tri\u010dka obr\u00e1tit naruby a pot\u00e9 je vyprat. Pra\u010dku napl\u0148te studenou vodou a pou\u017eijte jemn\u00fd cyklus, abyste l\u00e9pe ochr\u00e1nili barvy.<\/p>","protected":false},"excerpt":{"rendered":"<p>B\u00edl\u00e9 vlo\u017eky a n\u00e1mo\u0159nick\u00e9 modr\u00e9 detaily p\u0159ipom\u00ednaj\u00ed \u00e9ru, ve kter\u00e9 Arsenal s svou silou dos\u00e1hl vynikaj\u00edc\u00edho \u00fasp\u011bchu. Dlouh\u00fd ruk\u00e1v fotbalov\u00e9ho dresu adidas byl navr\u017een tak, aby fanou\u0161k\u016fm klubu poskytoval maxim\u00e1ln\u00ed komfort. Je vyroben z m\u011bkk\u00e9 tkaniny a disponuje technologi\u00ed odv\u00e1d\u011bn\u00ed potu AEROREADY. Tento produkt je vyroben s pou\u017eit\u00edm Primegreen, co\u017e je [\u2026]<\/p>","protected":false},"featured_media":1360,"comment_status":"open","ping_status":"closed","template":"","meta":[],"product_brand":[],"product_cat":[55],"product_tag":[20,56,57,38,21,22,24],"class_list":{"0":"post-1321","1":"product","2":"type-product","3":"status-publish","4":"has-post-thumbnail","6":"product_cat-arsenal","7":"product_tag-coole-fussballtrikots","8":"product_tag-fc-arsenal-heimtrikot","9":"product_tag-fc-arsenal-trikots","10":"product_tag-fussball-trikot-langarm","11":"product_tag-fussballtrikot-fuer-herren","12":"product_tag-fussballtrikot-guenstig-kaufen","13":"product_tag-guenstiges-fussballtrikot","15":"first","16":"instock","17":"shipping-taxable","18":"purchasable","19":"product-type-variable"},"_links":{"self":[{"href":"https:\/\/www.billigtrikotde.com\/cs\/wp-json\/wp\/v2\/product\/1321","targetHints":{"allow":["GET"]}}],"collection":[{"href":"https:\/\/www.billigtrikotde.com\/cs\/wp-json\/wp\/v2\/product"}],"about":[{"href":"https:\/\/www.billigtrikotde.com\/cs\/wp-json\/wp\/v2\/types\/product"}],"replies":[{"embeddable":true,"href":"https:\/\/www.billigtrikotde.com\/cs\/wp-json\/wp\/v2\/comments?post=1321"}],"wp:featuredmedia":[{"embeddable":true,"href":"https:\/\/www.billigtrikotde.com\/cs\/wp-json\/wp\/v2\/media\/1360"}],"wp:attachment":[{"href":"https:\/\/www.billigtrikotde.com\/cs\/wp-json\/wp\/v2\/media?parent=1321"}],"wp:term":[{"taxonomy":"product_brand","embeddable":true,"href":"https:\/\/www.billigtrikotde.com\/cs\/wp-json\/wp\/v2\/product_brand?post=1321"},{"taxonomy":"product_cat","embeddable":true,"href":"https:\/\/www.billigtrikotde.com\/cs\/wp-json\/wp\/v2\/product_cat?post=1321"},{"taxonomy":"product_tag","embeddable":true,"href":"https:\/\/www.billigtrikotde.com\/cs\/wp-json\/wp\/v2\/product_tag?post=1321"}],"curies":[{"name":"wp","href":"https:\/\/api.w.org\/{rel}","templated":true}]}}