{"id":13182,"date":"2024-10-24T05:49:38","date_gmt":"2024-10-24T03:49:38","guid":{"rendered":"http:\/\/billigtrikots.com\/?post_type=product&#038;p=13182"},"modified":"2024-10-24T05:52:23","modified_gmt":"2024-10-24T03:52:23","slug":"kinder-heimtrikot-paris-saint-germain-psg-23-24-trikot-fussball-trikotsatz-lionel-messi-30","status":"publish","type":"product","link":"https:\/\/www.billigtrikotde.com\/cs\/kinder-heimtrikot-paris-saint-germain-psg-23-24-trikot-fussball-trikotsatz-lionel-messi-30\/","title":{"rendered":"D\u011btsk\u00e9 dom\u00e1c\u00ed tri\u010dko Paris Saint-Germain PSG 23-24 Fotbalov\u00e9 tri\u010dko Lionel Messi 30"},"content":{"rendered":"<p>Dres Nike PSG 2023-24 je tmav\u011b modr\u00fd s \u010derven\u00fdm pruhem na lev\u00e9 stran\u011b, kter\u00fd se sm\u011brem ke spodn\u00ed \u010d\u00e1sti dresu vytr\u00e1c\u00ed. Na lev\u00e9 a prav\u00e9 stran\u011b \u010derven\u00e9ho dresu je tak\u00e9 b\u00edl\u00fd pruh inspirovan\u00fd klasick\u00fdm designem t\u00fdmu Hechter a blednouc\u00ed design je inspirov\u00e1n panoramatem Pa\u0159\u00ed\u017ee, kter\u00e9 se ztr\u00e1c\u00ed na no\u010dn\u00ed obloze. Zaj\u00edmavost\u00ed je, \u017ee n\u00e1pis swoosh je \u010derven\u00fd a nikoli b\u00edl\u00fd. V\u0161echna ostatn\u00ed loga sponzor\u016f jsou b\u00edl\u00e1.<\/p>\n<p>Tipy pro tisk: Pokud jsou jm\u00e9no a \u010d\u00edslo na obr\u00e1zku p\u0159esn\u011b takov\u00e9, jak\u00e9 chcete, nemus\u00edte je zad\u00e1vat znovu. Pokud tomu tak nen\u00ed, m\u011bli byste zadat po\u017eadovan\u00e9 jm\u00e9no a \u010d\u00edslo.<\/p>\n<p>Tipy pro pran\u00ed: Doporu\u010dujeme pr\u00e1t fotbalov\u00e1 tri\u010dka v ruce. Pokud chcete pou\u017e\u00edt pra\u010dku, nezapome\u0148te fotbalov\u00e1 tri\u010dka obr\u00e1tit naruby a pot\u00e9 je vyprat. Pra\u010dku napl\u0148te studenou vodou a pou\u017eijte jemn\u00fd cyklus, abyste l\u00e9pe ochr\u00e1nili barvy.<\/p>","protected":false},"excerpt":{"rendered":"<p>Das Nike PSG 2023-24 Trikot ist marineblau mit einem roten Streifen auf der linken Seite, der zum unteren Teil des Trikots hin verblasst. Links und rechts des roten Trikots befindet sich au\u00dferdem ein wei\u00dfer Streifen, der vom klassischen Hechter-Design der Mannschaft inspiriert ist.Das verblassende Design ist davon inspiriert, wie die Pariser Skyline im Nachthimmel verblasst. [&hellip;]<\/p>","protected":false},"featured_media":13224,"comment_status":"open","ping_status":"closed","template":"","meta":[],"product_brand":[],"product_cat":[160],"product_tag":[20,535,456,43,574,21,22,577,24,94,484,485,41,575,159],"class_list":{"0":"post-13182","1":"product","2":"type-product","3":"status-publish","4":"has-post-thumbnail","6":"product_cat-paris-saint-germain-kindertrikot","7":"product_tag-coole-fussballtrikots","8":"product_tag-deutschland-trikot","9":"product_tag-fussball-kurzarm","10":"product_tag-fussballkleidung","11":"product_tag-fussballtrikot-deutschland","12":"product_tag-fussballtrikot-fuer-herren","13":"product_tag-fussballtrikot-guenstig-kaufen","14":"product_tag-fussballtrikots-trikotsatz","15":"product_tag-guenstiges-fussballtrikot","16":"product_tag-kinder-fussball-trikotsatz","17":"product_tag-paris-saint-germain-psg-fussballtrikot","18":"product_tag-paris-saint-germain-psg-trikot","19":"product_tag-paris-saint-germain-trikots","20":"product_tag-psg-23-24-trikot","21":"product_tag-psg-trikotsatz-fuer-kinder","23":"first","24":"instock","25":"shipping-taxable","26":"purchasable","27":"product-type-variable"},"_links":{"self":[{"href":"https:\/\/www.billigtrikotde.com\/cs\/wp-json\/wp\/v2\/product\/13182","targetHints":{"allow":["GET"]}}],"collection":[{"href":"https:\/\/www.billigtrikotde.com\/cs\/wp-json\/wp\/v2\/product"}],"about":[{"href":"https:\/\/www.billigtrikotde.com\/cs\/wp-json\/wp\/v2\/types\/product"}],"replies":[{"embeddable":true,"href":"https:\/\/www.billigtrikotde.com\/cs\/wp-json\/wp\/v2\/comments?post=13182"}],"wp:featuredmedia":[{"embeddable":true,"href":"https:\/\/www.billigtrikotde.com\/cs\/wp-json\/wp\/v2\/media\/13224"}],"wp:attachment":[{"href":"https:\/\/www.billigtrikotde.com\/cs\/wp-json\/wp\/v2\/media?parent=13182"}],"wp:term":[{"taxonomy":"product_brand","embeddable":true,"href":"https:\/\/www.billigtrikotde.com\/cs\/wp-json\/wp\/v2\/product_brand?post=13182"},{"taxonomy":"product_cat","embeddable":true,"href":"https:\/\/www.billigtrikotde.com\/cs\/wp-json\/wp\/v2\/product_cat?post=13182"},{"taxonomy":"product_tag","embeddable":true,"href":"https:\/\/www.billigtrikotde.com\/cs\/wp-json\/wp\/v2\/product_tag?post=13182"}],"curies":[{"name":"wp","href":"https:\/\/api.w.org\/{rel}","templated":true}]}}