{"id":13123,"date":"2024-10-24T05:46:39","date_gmt":"2024-10-24T03:46:39","guid":{"rendered":"http:\/\/billigtrikots.com\/?post_type=product&#038;p=13123"},"modified":"2024-10-24T05:48:58","modified_gmt":"2024-10-24T03:48:58","slug":"kinder-inter-miami-cf-auswaertstrikot-2023-24-kurzarm-kurze-hosen-messi-10","status":"publish","type":"product","link":"https:\/\/www.billigtrikotde.com\/cs\/kinder-inter-miami-cf-auswaertstrikot-2023-24-kurzarm-kurze-hosen-messi-10\/","title":{"rendered":"D\u011btsk\u00fd dres Inter Miami CF 2023-24 s kr\u00e1tk\u00fdm ruk\u00e1vem + \u0161ortky MESSI 10"},"content":{"rendered":"<p>V\u00fdjezdn\u00ed dres Adidas Miami 2023 je p\u0159ev\u00e1\u017en\u011b \u010dern\u00fd, v\u0161echny ostatn\u00ed detaily a loga jsou v\u00fdhradn\u011b v r\u016f\u017eov\u00e9 barv\u011b. Dres vych\u00e1z\u00ed z jednoho z n\u00e1vrh\u016f Adidas pro mistrovstv\u00ed sv\u011bta 2022, po obou stran\u00e1ch se t\u00e1hne r\u016f\u017eov\u00fd pruh, kter\u00fd se spojuje na zadn\u00edm lemu.<br \/>\nNa \u010dern\u00e9m pozad\u00ed je zaj\u00edmav\u00e1, jemn\u00e1 grafika vln, kterou p\u0159eru\u0161uj\u00ed opakuj\u00edc\u00ed se \u010dern\u00e9 vodorovn\u00e9 pruhy, a na zadn\u00ed stran\u011b l\u00edmce je n\u00e1pis \"Freedom to Dream\". Tento n\u00e1pis byl ji\u017e v p\u0159edchoz\u00edch letech pou\u017eit jako motto klubu.<\/p>\n<p>Tipy pro tisk: Pokud jsou jm\u00e9no a \u010d\u00edslo na obr\u00e1zku p\u0159esn\u011b takov\u00e9, jak\u00e9 chcete, nemus\u00edte je zad\u00e1vat znovu. Pokud tomu tak nen\u00ed, m\u011bli byste zadat po\u017eadovan\u00e9 jm\u00e9no a \u010d\u00edslo.<\/p>\n<p>Tipy pro pran\u00ed: Doporu\u010dujeme pr\u00e1t fotbalov\u00e1 tri\u010dka v ruce. Pokud chcete pou\u017e\u00edt pra\u010dku, nezapome\u0148te fotbalov\u00e1 tri\u010dka obr\u00e1tit naruby a pot\u00e9 je vyprat. Pra\u010dku napl\u0148te studenou vodou a pou\u017eijte jemn\u00fd cyklus, abyste l\u00e9pe ochr\u00e1nili barvy.<\/p>","protected":false},"excerpt":{"rendered":"<p>Das Adidas Miami 2023 Ausw\u00e4rtstrikot ist \u00fcberwiegend schwarz, alle anderen Details und Logos sind ausschlie\u00dflich in Rosa gehalten. Nach einer der Vorlagen von Adidas f\u00fcr die WM 2022 gibt es einen rosafarbenen Streifen, der auf beiden Seiten verl\u00e4uft und hinten am Saum zusammenl\u00e4uft. Auf dem schwarzen Untergrund ist eine interessante, subtile Wellengrafik angebracht, die von [&hellip;]<\/p>","protected":false},"featured_media":13164,"comment_status":"open","ping_status":"closed","template":"","meta":[],"product_brand":[],"product_cat":[569],"product_tag":[20,548,21,22,23,24,562,558,570,571,561],"class_list":{"0":"post-13123","1":"product","2":"type-product","3":"status-publish","4":"has-post-thumbnail","6":"product_cat-inter-miami-kindertrikot","7":"product_tag-coole-fussballtrikots","8":"product_tag-fussball-trikot-frauen","9":"product_tag-fussballtrikot-fuer-herren","10":"product_tag-fussballtrikot-guenstig-kaufen","11":"product_tag-fussballtrikot-kurzarm","12":"product_tag-guenstiges-fussballtrikot","13":"product_tag-inter-miami-2023-auswaertstrikot","14":"product_tag-inter-miami-2023-heimtrikot","15":"product_tag-inter-miami-cf-fussballtrikots-kinder","16":"product_tag-inter-miami-trikot-fuer-kinder","17":"product_tag-trikot-2023-24","19":"first","20":"instock","21":"shipping-taxable","22":"purchasable","23":"product-type-variable"},"_links":{"self":[{"href":"https:\/\/www.billigtrikotde.com\/cs\/wp-json\/wp\/v2\/product\/13123","targetHints":{"allow":["GET"]}}],"collection":[{"href":"https:\/\/www.billigtrikotde.com\/cs\/wp-json\/wp\/v2\/product"}],"about":[{"href":"https:\/\/www.billigtrikotde.com\/cs\/wp-json\/wp\/v2\/types\/product"}],"replies":[{"embeddable":true,"href":"https:\/\/www.billigtrikotde.com\/cs\/wp-json\/wp\/v2\/comments?post=13123"}],"wp:featuredmedia":[{"embeddable":true,"href":"https:\/\/www.billigtrikotde.com\/cs\/wp-json\/wp\/v2\/media\/13164"}],"wp:attachment":[{"href":"https:\/\/www.billigtrikotde.com\/cs\/wp-json\/wp\/v2\/media?parent=13123"}],"wp:term":[{"taxonomy":"product_brand","embeddable":true,"href":"https:\/\/www.billigtrikotde.com\/cs\/wp-json\/wp\/v2\/product_brand?post=13123"},{"taxonomy":"product_cat","embeddable":true,"href":"https:\/\/www.billigtrikotde.com\/cs\/wp-json\/wp\/v2\/product_cat?post=13123"},{"taxonomy":"product_tag","embeddable":true,"href":"https:\/\/www.billigtrikotde.com\/cs\/wp-json\/wp\/v2\/product_tag?post=13123"}],"curies":[{"name":"wp","href":"https:\/\/api.w.org\/{rel}","templated":true}]}}