{"id":1269,"date":"2024-10-23T13:23:06","date_gmt":"2024-10-23T11:23:06","guid":{"rendered":"http:\/\/billigtrikots.com\/?post_type=product&#038;p=1269"},"modified":"2024-10-23T13:24:36","modified_gmt":"2024-10-23T11:24:36","slug":"manchester-united-f-c-ronaldo-7-herren-fussballtrikots-2022-rot-kurzarm","status":"publish","type":"product","link":"https:\/\/www.billigtrikotde.com\/cs\/manchester-united-f-c-ronaldo-7-herren-fussballtrikots-2022-rot-kurzarm\/","title":{"rendered":"Manchester United F.C. Ronaldo 7 P\u00e1nsk\u00e1 fotbalov\u00e1 tri\u010dka 2022 Red s kr\u00e1tk\u00fdm ruk\u00e1vem"},"content":{"rendered":"<p>Zde p\u0159ich\u00e1z\u00ed dres a-didas v \u010derven\u00e9 barv\u011b, kter\u00fd v\u00e1m pom\u016f\u017ee podporovat va\u0161e obl\u00edben\u00e9 mu\u017estvo za v\u0161ech okolnost\u00ed a uk\u00e1zat, za koho va\u0161e srdce bije. Uka\u017ete svou p\u0159\u00edslu\u0161nost \u2013 s t\u00edmto dom\u00e1c\u00edm dressem Manchester United roz\u0161\u00ed\u0159\u00edte svou fanou\u0161kovskou kolekci o kus oble\u010den\u00ed v origin\u00e1ln\u00edm designu, jak\u00e9 nos\u00ed hr\u00e1\u010di v Premier League. Doporu\u010dujeme tento pohodln\u00fd, lehk\u00fd a prody\u0161n\u00fd model s p\u0159\u00edjemn\u00fdm pocitem p\u0159i no\u0161en\u00ed. Tento sportovn\u00ed dres byl vytvo\u0159en, aby zv\u00fd\u0161il v\u00e1\u0161 v\u00fdkon na vy\u0161\u0161\u00ed \u00farove\u0148. Vyzna\u010duje se vizu\u00e1ln\u011b s klubov\u00fdm znakem na hrudi.<\/p>\n<p>Tipy pro tisk: Pokud jsou jm\u00e9no a \u010d\u00edslo na obr\u00e1zku p\u0159esn\u011b takov\u00e9, jak\u00e9 chcete, nemus\u00edte je zad\u00e1vat znovu. Pokud tomu tak nen\u00ed, m\u011bli byste zadat po\u017eadovan\u00e9 jm\u00e9no a \u010d\u00edslo.<\/p>\n<p>Tipy pro pran\u00ed: Doporu\u010dujeme pr\u00e1t fotbalov\u00e1 tri\u010dka v ruce. Pokud chcete pou\u017e\u00edt pra\u010dku, nezapome\u0148te fotbalov\u00e1 tri\u010dka obr\u00e1tit naruby a pot\u00e9 je vyprat. Pra\u010dku napl\u0148te studenou vodou a pou\u017eijte jemn\u00fd cyklus, abyste l\u00e9pe ochr\u00e1nili barvy.<\/p>","protected":false},"excerpt":{"rendered":"<p>Hier kommt das a-didas Trikot in Rot, das dir hilft, deinen Lieblingsverein in jeder Lage zu unterst\u00fctzen und zu zeigen, wof\u00fcr dein Herz schl\u00e4gt. Zeige deine Zugeh\u00f6rigkeit \u2013 mit diesem Manchester United-Heim-Trikot erweiterst du deine Fan-Kollektion um ein Kleidungsst\u00fcck im Original-Design, wie es die Spieler in der Premier League tragen. Wir empfehlen dieses bequeme, leichte [&hellip;]<\/p>","protected":false},"featured_media":1301,"comment_status":"open","ping_status":"closed","template":"","meta":[],"product_brand":[],"product_cat":[50],"product_tag":[20,21,22,23,24,52],"class_list":{"0":"post-1269","1":"product","2":"type-product","3":"status-publish","4":"has-post-thumbnail","6":"product_cat-manchester-united","7":"product_tag-coole-fussballtrikots","8":"product_tag-fussballtrikot-fuer-herren","9":"product_tag-fussballtrikot-guenstig-kaufen","10":"product_tag-fussballtrikot-kurzarm","11":"product_tag-guenstiges-fussballtrikot","12":"product_tag-manchester-united-trikots","14":"first","15":"instock","16":"shipping-taxable","17":"purchasable","18":"product-type-variable"},"_links":{"self":[{"href":"https:\/\/www.billigtrikotde.com\/cs\/wp-json\/wp\/v2\/product\/1269","targetHints":{"allow":["GET"]}}],"collection":[{"href":"https:\/\/www.billigtrikotde.com\/cs\/wp-json\/wp\/v2\/product"}],"about":[{"href":"https:\/\/www.billigtrikotde.com\/cs\/wp-json\/wp\/v2\/types\/product"}],"replies":[{"embeddable":true,"href":"https:\/\/www.billigtrikotde.com\/cs\/wp-json\/wp\/v2\/comments?post=1269"}],"wp:featuredmedia":[{"embeddable":true,"href":"https:\/\/www.billigtrikotde.com\/cs\/wp-json\/wp\/v2\/media\/1301"}],"wp:attachment":[{"href":"https:\/\/www.billigtrikotde.com\/cs\/wp-json\/wp\/v2\/media?parent=1269"}],"wp:term":[{"taxonomy":"product_brand","embeddable":true,"href":"https:\/\/www.billigtrikotde.com\/cs\/wp-json\/wp\/v2\/product_brand?post=1269"},{"taxonomy":"product_cat","embeddable":true,"href":"https:\/\/www.billigtrikotde.com\/cs\/wp-json\/wp\/v2\/product_cat?post=1269"},{"taxonomy":"product_tag","embeddable":true,"href":"https:\/\/www.billigtrikotde.com\/cs\/wp-json\/wp\/v2\/product_tag?post=1269"}],"curies":[{"name":"wp","href":"https:\/\/api.w.org\/{rel}","templated":true}]}}