{"id":12532,"date":"2024-10-24T05:16:55","date_gmt":"2024-10-24T03:16:55","guid":{"rendered":"http:\/\/billigtrikots.com\/?post_type=product&#038;p=12532"},"modified":"2024-10-24T05:19:45","modified_gmt":"2024-10-24T03:19:45","slug":"billige-fussballtrikots-ssc-napoli-22-23-valentinstags-trikot-kurzarm-online-personalisierbar","status":"publish","type":"product","link":"https:\/\/www.billigtrikotde.com\/cs\/billige-fussballtrikots-ssc-napoli-22-23-valentinstags-trikot-kurzarm-online-personalisierbar\/","title":{"rendered":"Levn\u00e9 fotbalov\u00e9 ko\u0161ile SSC Napoli 22-23 Valentine's Day Shirt Short Sleeve Online Customisable"},"content":{"rendered":"<p>EA7 Napoli 2022-23 Valent\u00fdnsk\u00fd dres pou\u017e\u00edv\u00e1 stejn\u00fd \u0161ablonu jako aktu\u00e1ln\u00ed dom\u00e1c\u00ed a venkovn\u00ed dresy. U t\u00e9to verze je z\u00e1kladn\u00ed barva b\u00edl\u00e1, zat\u00edmco ruk\u00e1vy maj\u00ed p\u0159echod z \u010derven\u00e9 do r\u016f\u017eov\u00e9. Na prav\u00e9m doln\u00edm rohu EA7 Napoli 2022-23 Valent\u00fdnsk\u00e9ho dresu se nach\u00e1z\u00ed velk\u00e1 \u010derven\u00e1 polibek. EA7 kombinuje Napoli 22-23 Valent\u00fdnsk\u00fd dres s b\u00edl\u00fdmi kalhotami a \u0161tulpny.<\/p>\n<p>Tipy pro tisk: Pokud jsou jm\u00e9no a \u010d\u00edslo na obr\u00e1zku p\u0159esn\u011b takov\u00e9, jak\u00e9 chcete, nemus\u00edte je zad\u00e1vat znovu. Pokud tomu tak nen\u00ed, m\u011bli byste zadat po\u017eadovan\u00e9 jm\u00e9no a \u010d\u00edslo.<\/p>\n<p>Tipy pro pran\u00ed: Doporu\u010dujeme pr\u00e1t fotbalov\u00e1 tri\u010dka v ruce. Pokud chcete pou\u017e\u00edt pra\u010dku, nezapome\u0148te fotbalov\u00e1 tri\u010dka obr\u00e1tit naruby a pot\u00e9 je vyprat. Pra\u010dku napl\u0148te studenou vodou a pou\u017eijte jemn\u00fd cyklus, abyste l\u00e9pe ochr\u00e1nili barvy.<\/p>","protected":false},"excerpt":{"rendered":"<p>Das EA7 Napoli 2022-23 Valentine&#8217;s Trikot verwendet die gleiche Template wie die aktuellen Heim- und Ausw\u00e4rtstrikots. Bei dieser Ausgabe ist die Grundfarbe wei\u00df, w\u00e4hrend die \u00c4rmel einen Farbverlauf von Rot zu Rosa aufweisen.Ein gro\u00dfer roter Kussmund befindet sich auf der rechten unteren Seite des EA7 Napoli 2022-23 Valentine&#8217;s Trikots. EA7 kombiniert das Napoli 22-23 Valentine&#8217;s [&hellip;]<\/p>","protected":false},"featured_media":12578,"comment_status":"open","ping_status":"closed","template":"","meta":[],"product_brand":[],"product_cat":[192],"product_tag":[504,505,506,496,497],"class_list":{"0":"post-12532","1":"product","2":"type-product","3":"status-publish","4":"has-post-thumbnail","6":"product_cat-ssc-napoli","7":"product_tag-napoli-22-23-valentinstags-trikot-for-sale","8":"product_tag-napoli-22-23-valentinstags-trikot","9":"product_tag-ssc-napoli-2022-23-valentinstags-fussballtrikot","10":"product_tag-ssc-napoli-fussballtrikot","11":"product_tag-ssc-napoli-trikot","13":"first","14":"instock","15":"shipping-taxable","16":"purchasable","17":"product-type-variable"},"_links":{"self":[{"href":"https:\/\/www.billigtrikotde.com\/cs\/wp-json\/wp\/v2\/product\/12532","targetHints":{"allow":["GET"]}}],"collection":[{"href":"https:\/\/www.billigtrikotde.com\/cs\/wp-json\/wp\/v2\/product"}],"about":[{"href":"https:\/\/www.billigtrikotde.com\/cs\/wp-json\/wp\/v2\/types\/product"}],"replies":[{"embeddable":true,"href":"https:\/\/www.billigtrikotde.com\/cs\/wp-json\/wp\/v2\/comments?post=12532"}],"wp:featuredmedia":[{"embeddable":true,"href":"https:\/\/www.billigtrikotde.com\/cs\/wp-json\/wp\/v2\/media\/12578"}],"wp:attachment":[{"href":"https:\/\/www.billigtrikotde.com\/cs\/wp-json\/wp\/v2\/media?parent=12532"}],"wp:term":[{"taxonomy":"product_brand","embeddable":true,"href":"https:\/\/www.billigtrikotde.com\/cs\/wp-json\/wp\/v2\/product_brand?post=12532"},{"taxonomy":"product_cat","embeddable":true,"href":"https:\/\/www.billigtrikotde.com\/cs\/wp-json\/wp\/v2\/product_cat?post=12532"},{"taxonomy":"product_tag","embeddable":true,"href":"https:\/\/www.billigtrikotde.com\/cs\/wp-json\/wp\/v2\/product_tag?post=12532"}],"curies":[{"name":"wp","href":"https:\/\/api.w.org\/{rel}","templated":true}]}}