{"id":12494,"date":"2024-10-24T05:14:39","date_gmt":"2024-10-24T03:14:39","guid":{"rendered":"http:\/\/billigtrikots.com\/?post_type=product&#038;p=12494"},"modified":"2024-10-24T05:17:23","modified_gmt":"2024-10-24T03:17:23","slug":"atletico-madrid-heimtrikot-22-23-kurzarm-fussballtrikots-fuer-herren-yannick-carrasco-21","status":"publish","type":"product","link":"https:\/\/www.billigtrikotde.com\/cs\/atletico-madrid-heimtrikot-22-23-kurzarm-fussballtrikots-fuer-herren-yannick-carrasco-21\/","title":{"rendered":"Atletico Madrid Home Shirt 22-23 Fotbalov\u00e9 tri\u010dko s kr\u00e1tk\u00fdm ruk\u00e1vem pro mu\u017ee Yannick Carrasco 21"},"content":{"rendered":"<p>Dres Nike Atl\u00e9tico 2022-2023 m\u00e1 novou interpretaci tradi\u010dn\u00edch b\u00edl\u00fdch a \u010derven\u00fdch pruh\u016f klubu. Dres Nike Atl\u00e9tico Madrid 22-23 p\u0159ich\u00e1z\u00ed s m\u00e1vaj\u00edc\u00edmi pruhy.<\/p>\n<p>Zadn\u00ed strana nov\u00e9ho dresu Atl\u00e9tico 22-23 je p\u0159ev\u00e1\u017en\u011b \u010derven\u00e1 s tmav\u011b modr\u00fdm pruhem v oblasti l\u00edmce. Pod l\u00edmcem je nati\u0161t\u011bna \u0161pan\u011blsk\u00e1 vlajka a \u0161ablona dresu Nike Atl\u00e9tico Madrid 2022-2023 vych\u00e1z\u00ed z nov\u00e9 \u0161ablony dres\u016f Nike 22-23, kterou budou v sezon\u011b 2022-23 pou\u017e\u00edvat v\u0161echny velk\u00e9 t\u00fdmy.<\/p>\n<p>Tipy pro tisk: Pokud jsou jm\u00e9no a \u010d\u00edslo na obr\u00e1zku p\u0159esn\u011b takov\u00e9, jak\u00e9 chcete, nemus\u00edte je zad\u00e1vat znovu. Pokud tomu tak nen\u00ed, m\u011bli byste zadat po\u017eadovan\u00e9 jm\u00e9no a \u010d\u00edslo.<\/p>\n<p>Tipy pro pran\u00ed: Doporu\u010dujeme pr\u00e1t fotbalov\u00e1 tri\u010dka v ruce. Pokud chcete pou\u017e\u00edt pra\u010dku, nezapome\u0148te fotbalov\u00e1 tri\u010dka obr\u00e1tit naruby a pot\u00e9 je vyprat. Pra\u010dku napl\u0148te studenou vodou a pou\u017eijte jemn\u00fd cyklus, abyste l\u00e9pe ochr\u00e1nili barvy.<\/p>","protected":false},"excerpt":{"rendered":"<p>Das Nike Atl\u00e9tico 2022-2023 Trikot zeigt eine neue Interpretation der traditionellen wei\u00df-roten Streifen des Vereins. Das Nike Atl\u00e9tico Madrid 22-23 Trikot kommt mit winkenden Streifen. Die R\u00fcckseite des neuen Atl\u00e9tico 22-23 Trikots ist haupts\u00e4chlich rot mit einem marineblauen Streifen im Kragenbereich\/oben. Die spanische Flagge ist unterhalb des Kragens aufgedruckt.Von der Template her basiert das Nike [&hellip;]<\/p>","protected":false},"featured_media":12537,"comment_status":"open","ping_status":"closed","template":"","meta":[],"product_brand":[],"product_cat":[88],"product_tag":[486,487,488,90,20,21,22,23,24],"class_list":{"0":"post-12494","1":"product","2":"type-product","3":"status-publish","4":"has-post-thumbnail","6":"product_cat-atletico-madrid","7":"product_tag-atletico-madrid-2022-23","8":"product_tag-atletico-madrid-fussballtrikot","9":"product_tag-atletico-madrid-trikot","10":"product_tag-atletico-madrid-trikots","11":"product_tag-coole-fussballtrikots","12":"product_tag-fussballtrikot-fuer-herren","13":"product_tag-fussballtrikot-guenstig-kaufen","14":"product_tag-fussballtrikot-kurzarm","15":"product_tag-guenstiges-fussballtrikot","17":"first","18":"instock","19":"shipping-taxable","20":"purchasable","21":"product-type-variable"},"_links":{"self":[{"href":"https:\/\/www.billigtrikotde.com\/cs\/wp-json\/wp\/v2\/product\/12494","targetHints":{"allow":["GET"]}}],"collection":[{"href":"https:\/\/www.billigtrikotde.com\/cs\/wp-json\/wp\/v2\/product"}],"about":[{"href":"https:\/\/www.billigtrikotde.com\/cs\/wp-json\/wp\/v2\/types\/product"}],"replies":[{"embeddable":true,"href":"https:\/\/www.billigtrikotde.com\/cs\/wp-json\/wp\/v2\/comments?post=12494"}],"wp:featuredmedia":[{"embeddable":true,"href":"https:\/\/www.billigtrikotde.com\/cs\/wp-json\/wp\/v2\/media\/12537"}],"wp:attachment":[{"href":"https:\/\/www.billigtrikotde.com\/cs\/wp-json\/wp\/v2\/media?parent=12494"}],"wp:term":[{"taxonomy":"product_brand","embeddable":true,"href":"https:\/\/www.billigtrikotde.com\/cs\/wp-json\/wp\/v2\/product_brand?post=12494"},{"taxonomy":"product_cat","embeddable":true,"href":"https:\/\/www.billigtrikotde.com\/cs\/wp-json\/wp\/v2\/product_cat?post=12494"},{"taxonomy":"product_tag","embeddable":true,"href":"https:\/\/www.billigtrikotde.com\/cs\/wp-json\/wp\/v2\/product_tag?post=12494"}],"curies":[{"name":"wp","href":"https:\/\/api.w.org\/{rel}","templated":true}]}}