{"id":12480,"date":"2024-10-24T05:13:37","date_gmt":"2024-10-24T03:13:37","guid":{"rendered":"http:\/\/billigtrikots.com\/?post_type=product&#038;p=12480"},"modified":"2024-10-24T05:16:48","modified_gmt":"2024-10-24T03:16:48","slug":"fussballtrikots-fuer-herren-atletico-madrid-2022-23-drittes-trikot-kurzarm-saul-niguez-17","status":"publish","type":"product","link":"https:\/\/www.billigtrikotde.com\/cs\/fussballtrikots-fuer-herren-atletico-madrid-2022-23-drittes-trikot-kurzarm-saul-niguez-17\/","title":{"rendered":"Fotbalov\u00e1 tri\u010dka pro mu\u017ee Atl\u00e9tico Madrid 2022-23 Third Shirt Short Sleeve Saul Niguez 17"},"content":{"rendered":"<p>T\u0159et\u00ed fotbalov\u00e9 tri\u010dko Nike Atl\u00e9tico Madrid 2022-23 kombinuje r\u016fzn\u00e9 odst\u00edny oran\u017eov\u00e9 a \u010derven\u00e9 barvy s \u010dern\u00fdm n\u00e1pisem swoosh. Pro klub je to velmi zaj\u00edmav\u00e1 a sv\u011b\u017e\u00ed barevn\u00e1 kombinace, inspirovan\u00e1 plody jahodn\u00edku, kter\u00e9 se objevuj\u00ed v klubov\u00e9m znaku.<br \/>\nCo se t\u00fd\u010de designu, je nov\u00fd t\u0159et\u00ed dres Atl\u00e9tica pom\u011brn\u011b jednoduch\u00fd. Je jednodu\u0161e oran\u017eov\u00fd a pouze man\u017eety maj\u00ed mal\u00fd \u010derven\u00fd akcent. Loga jsou \u010dern\u00e1, v\u010detn\u011b jednobarevn\u00e9ho klubov\u00e9ho znaku na lev\u00e9 stran\u011b hrudi t\u0159et\u00edho dresu Atl\u00e9tico Madrid 2022-23.<\/p>\n<p>Tipy pro tisk: Pokud jsou jm\u00e9no a \u010d\u00edslo na obr\u00e1zku p\u0159esn\u011b takov\u00e9, jak\u00e9 chcete, nemus\u00edte je zad\u00e1vat znovu. Pokud tomu tak nen\u00ed, m\u011bli byste zadat po\u017eadovan\u00e9 jm\u00e9no a \u010d\u00edslo.<\/p>\n<p>Tipy pro pran\u00ed: Doporu\u010dujeme pr\u00e1t fotbalov\u00e1 tri\u010dka v ruce. Pokud chcete pou\u017e\u00edt pra\u010dku, nezapome\u0148te fotbalov\u00e1 tri\u010dka obr\u00e1tit naruby a pot\u00e9 je vyprat. Pra\u010dku napl\u0148te studenou vodou a pou\u017eijte jemn\u00fd cyklus, abyste l\u00e9pe ochr\u00e1nili barvy.<\/p>","protected":false},"excerpt":{"rendered":"<p>T\u0159et\u00ed fotbalov\u00e9 triko Nike Atl\u00e9tico Madrid 2022-23 kombinuje r\u016fzn\u00e9 odst\u00edny oran\u017eov\u00e9 a \u010derven\u00e9 s \u010dernou pro Swoosh. Je to velmi zaj\u00edmav\u00e1 a sv\u011b\u017e\u00ed barevn\u00e1 kombinace pro klub, inspirovan\u00e1 plody jahodovn\u00edku, kter\u00fd je uveden v klubov\u00e9m znaku. Co se t\u00fdk\u00e1 designu, nov\u00e9 t\u0159et\u00ed triko Atl\u00e9tico je sp\u00ed\u0161e oby\u010dejn\u00e9. Je jednobarevn\u00e9 [\u2026]<\/p>","protected":false},"featured_media":12520,"comment_status":"open","ping_status":"closed","template":"","meta":[],"product_brand":[],"product_cat":[88],"product_tag":[486,487,89,488,90,20,21,22,23,24],"class_list":{"0":"post-12480","1":"product","2":"type-product","3":"status-publish","4":"has-post-thumbnail","6":"product_cat-atletico-madrid","7":"product_tag-atletico-madrid-2022-23","8":"product_tag-atletico-madrid-fussballtrikot","9":"product_tag-atletico-madrid-heimtrikot","10":"product_tag-atletico-madrid-trikot","11":"product_tag-atletico-madrid-trikots","12":"product_tag-coole-fussballtrikots","13":"product_tag-fussballtrikot-fuer-herren","14":"product_tag-fussballtrikot-guenstig-kaufen","15":"product_tag-fussballtrikot-kurzarm","16":"product_tag-guenstiges-fussballtrikot","18":"first","19":"instock","20":"shipping-taxable","21":"purchasable","22":"product-type-variable"},"_links":{"self":[{"href":"https:\/\/www.billigtrikotde.com\/cs\/wp-json\/wp\/v2\/product\/12480","targetHints":{"allow":["GET"]}}],"collection":[{"href":"https:\/\/www.billigtrikotde.com\/cs\/wp-json\/wp\/v2\/product"}],"about":[{"href":"https:\/\/www.billigtrikotde.com\/cs\/wp-json\/wp\/v2\/types\/product"}],"replies":[{"embeddable":true,"href":"https:\/\/www.billigtrikotde.com\/cs\/wp-json\/wp\/v2\/comments?post=12480"}],"wp:featuredmedia":[{"embeddable":true,"href":"https:\/\/www.billigtrikotde.com\/cs\/wp-json\/wp\/v2\/media\/12520"}],"wp:attachment":[{"href":"https:\/\/www.billigtrikotde.com\/cs\/wp-json\/wp\/v2\/media?parent=12480"}],"wp:term":[{"taxonomy":"product_brand","embeddable":true,"href":"https:\/\/www.billigtrikotde.com\/cs\/wp-json\/wp\/v2\/product_brand?post=12480"},{"taxonomy":"product_cat","embeddable":true,"href":"https:\/\/www.billigtrikotde.com\/cs\/wp-json\/wp\/v2\/product_cat?post=12480"},{"taxonomy":"product_tag","embeddable":true,"href":"https:\/\/www.billigtrikotde.com\/cs\/wp-json\/wp\/v2\/product_tag?post=12480"}],"curies":[{"name":"wp","href":"https:\/\/api.w.org\/{rel}","templated":true}]}}