{"id":12385,"date":"2024-10-24T05:08:44","date_gmt":"2024-10-24T03:08:44","guid":{"rendered":"http:\/\/billigtrikots.com\/?post_type=product&#038;p=12385"},"modified":"2024-10-24T05:11:14","modified_gmt":"2024-10-24T03:11:14","slug":"fussball-trikotsatz-herren-as-roma-22-23-heimtrikot-bestellen-mit-aufdruck-diawara-42","status":"publish","type":"product","link":"https:\/\/www.billigtrikotde.com\/cs\/fussball-trikotsatz-herren-as-roma-22-23-heimtrikot-bestellen-mit-aufdruck-diawara-42\/","title":{"rendered":"Fotbalov\u00e1 souprava p\u00e1nsk\u00e1 AS Roma 22-23 home shirt order with print DIAWARA 42"},"content":{"rendered":"<p>Dres New Balance AS Roma 2022-23 m\u00e1 decentn\u00ed design p\u016fl na p\u016fl v \u010derven\u00e9 barv\u011b se \u017elut\u00fdmi logy.Design p\u016fl na p\u016fl tvo\u0159\u00ed slo\u017eit\u00fd vzor s vlo\u017een\u00fdmi kulat\u00fdmi klubov\u00fdmi odznaky z 30. let minul\u00e9ho stolet\u00ed. Vzhled dopl\u0148uje l\u00edmec Henley se \u017elut\u00fdm lemov\u00e1n\u00edm, kter\u00e9 lad\u00ed s podobn\u00fdm detailem na man\u017eet\u00e1ch. N\u00e1pis \"Figli di Roma\" (\"Synov\u00e9 \u0158\u00edma\") je vyti\u0161t\u011bn na horn\u00ed \u010d\u00e1sti zad t\u011bsn\u011b pod l\u00edmcem.<\/p>\n<p>Tipy pro tisk: Pokud jsou jm\u00e9no a \u010d\u00edslo na obr\u00e1zku p\u0159esn\u011b takov\u00e9, jak\u00e9 chcete, nemus\u00edte je zad\u00e1vat znovu. Pokud tomu tak nen\u00ed, m\u011bli byste zadat po\u017eadovan\u00e9 jm\u00e9no a \u010d\u00edslo.<\/p>\n<p>Tipy pro pran\u00ed: Doporu\u010dujeme pr\u00e1t fotbalov\u00e1 tri\u010dka v ruce. Pokud chcete pou\u017e\u00edt pra\u010dku, nezapome\u0148te fotbalov\u00e1 tri\u010dka obr\u00e1tit naruby a pot\u00e9 je vyprat. Pra\u010dku napl\u0148te studenou vodou a pou\u017eijte jemn\u00fd cyklus, abyste l\u00e9pe ochr\u00e1nili barvy.<\/p>","protected":false},"excerpt":{"rendered":"<p>Das New Balance AS Roma 2022-23 Trikot hat ein dezentes Halb-und-Halb-Design in Rot mit gelben Logos.Das Halbe-Halbe-Design besteht aus einem komplizierten Muster mit eingebetteten runden Vereinsabzeichen aus den 1930er Jahren. Der Henley-Kragen mit gelben Paspeln, die mit einem \u00e4hnlichen Detail an den \u00c4rmelb\u00fcndchen \u00fcbereinstimmen, rundet den Look ab. \u201eFigli di Roma\u201c (\u201eS\u00f6hne Roms\u201c) ist auf [&hellip;]<\/p>","protected":false},"featured_media":12425,"comment_status":"open","ping_status":"closed","template":"","meta":[],"product_brand":[],"product_cat":[85],"product_tag":[477,86,480,481,87,20,21,22,23,479,24,478],"class_list":{"0":"post-12385","1":"product","2":"type-product","3":"status-publish","4":"has-post-thumbnail","6":"product_cat-as-roma","7":"product_tag-as-roma-2022-23-trikot","8":"product_tag-as-roma-heimtrikot","9":"product_tag-as-roma-neues-trikot","10":"product_tag-as-roma-trikot-22-23","11":"product_tag-as-roma-trikots","12":"product_tag-coole-fussballtrikots","13":"product_tag-fussballtrikot-fuer-herren","14":"product_tag-fussballtrikot-guenstig-kaufen","15":"product_tag-fussballtrikot-kurzarm","16":"product_tag-fussballtrikots-kaufen","17":"product_tag-guenstiges-fussballtrikot","18":"product_tag-herren-fussballtrikots","20":"first","21":"instock","22":"shipping-taxable","23":"purchasable","24":"product-type-variable"},"_links":{"self":[{"href":"https:\/\/www.billigtrikotde.com\/cs\/wp-json\/wp\/v2\/product\/12385","targetHints":{"allow":["GET"]}}],"collection":[{"href":"https:\/\/www.billigtrikotde.com\/cs\/wp-json\/wp\/v2\/product"}],"about":[{"href":"https:\/\/www.billigtrikotde.com\/cs\/wp-json\/wp\/v2\/types\/product"}],"replies":[{"embeddable":true,"href":"https:\/\/www.billigtrikotde.com\/cs\/wp-json\/wp\/v2\/comments?post=12385"}],"wp:featuredmedia":[{"embeddable":true,"href":"https:\/\/www.billigtrikotde.com\/cs\/wp-json\/wp\/v2\/media\/12425"}],"wp:attachment":[{"href":"https:\/\/www.billigtrikotde.com\/cs\/wp-json\/wp\/v2\/media?parent=12385"}],"wp:term":[{"taxonomy":"product_brand","embeddable":true,"href":"https:\/\/www.billigtrikotde.com\/cs\/wp-json\/wp\/v2\/product_brand?post=12385"},{"taxonomy":"product_cat","embeddable":true,"href":"https:\/\/www.billigtrikotde.com\/cs\/wp-json\/wp\/v2\/product_cat?post=12385"},{"taxonomy":"product_tag","embeddable":true,"href":"https:\/\/www.billigtrikotde.com\/cs\/wp-json\/wp\/v2\/product_tag?post=12385"}],"curies":[{"name":"wp","href":"https:\/\/api.w.org\/{rel}","templated":true}]}}