{"id":1219,"date":"2024-10-23T13:21:01","date_gmt":"2024-10-23T11:21:01","guid":{"rendered":"http:\/\/billigtrikots.com\/?post_type=product&#038;p=1219"},"modified":"2024-10-23T13:23:02","modified_gmt":"2024-10-23T11:23:02","slug":"manchester-united-2022-herren-heim-trikotsatz-jones-4-rot-weiss-im-sale","status":"publish","type":"product","link":"https:\/\/www.billigtrikotde.com\/cs\/manchester-united-2022-herren-heim-trikotsatz-jones-4-rot-weiss-im-sale\/","title":{"rendered":"Manchester United 2022 P\u00e1nsk\u00e1 dom\u00e1c\u00ed souprava Jones 4 \u010derven\u00e1\/b\u00edl\u00e1 v prodeji"},"content":{"rendered":"<p>Uka\u017e sv\u016fj t\u00fdmov\u00fd hrdost a podpo\u0159 Manchester United v sez\u00f3n\u011b 2021\/2022 v ofici\u00e1ln\u00edm dom\u00e1c\u00edm dresu a-didas pro mu\u017ee. Fanou\u0161kovsk\u00e1 verze dom\u00e1c\u00edho dresu vypad\u00e1 jako model, kter\u00fd nos\u00ed profesion\u00e1lov\u00e9 United b\u011bhem z\u00e1pas\u016f. Materi\u00e1l Primegreen je vyroben z recyklovan\u00e9ho polyesteru a d\u00edky technologii odv\u00e1d\u011bn\u00ed vlhkosti AEROREADY poskytuje p\u0159\u00edjemn\u00fd pocit sucha. Klubov\u00e1 zna\u010dka na hrudi potvrzuje, za kter\u00fd klub srdce bije.<\/p>\n<p>Tipy pro tisk: Pokud jsou jm\u00e9no a \u010d\u00edslo na obr\u00e1zku p\u0159esn\u011b takov\u00e9, jak\u00e9 chcete, nemus\u00edte je zad\u00e1vat znovu. Pokud tomu tak nen\u00ed, m\u011bli byste zadat po\u017eadovan\u00e9 jm\u00e9no a \u010d\u00edslo.<\/p>\n<p>Tipy pro pran\u00ed: Doporu\u010dujeme pr\u00e1t fotbalov\u00e1 tri\u010dka v ruce. Pokud chcete pou\u017e\u00edt pra\u010dku, nezapome\u0148te fotbalov\u00e1 tri\u010dka obr\u00e1tit naruby a pot\u00e9 je vyprat. Pra\u010dku napl\u0148te studenou vodou a pou\u017eijte jemn\u00fd cyklus, abyste l\u00e9pe ochr\u00e1nili barvy.<\/p>","protected":false},"excerpt":{"rendered":"<p>Zeige deinen Teamstolz und unterst\u00fctze Manchester United in der Saison 2021\/2022 im offiziellen a-didas Heimtrikot f\u00fcr Herren. Die Fan-Version des Home Jerseys sieht aus wie das Modell, das die United-Profis an Spieltagen tragen. Das Primegreen-Material besteht aus recyceltem Polyester und sorgt dank der feuchtigkeitsableitenden AEROREADY-Technologie f\u00fcr ein angenehm trockenes Tragegef\u00fchl. Das Vereinswappen auf der Brust [&hellip;]<\/p>","protected":false},"featured_media":1265,"comment_status":"open","ping_status":"closed","template":"","meta":[],"product_brand":[],"product_cat":[50],"product_tag":[20,21,22,23,54,24,52],"class_list":{"0":"post-1219","1":"product","2":"type-product","3":"status-publish","4":"has-post-thumbnail","6":"product_cat-manchester-united","7":"product_tag-coole-fussballtrikots","8":"product_tag-fussballtrikot-fuer-herren","9":"product_tag-fussballtrikot-guenstig-kaufen","10":"product_tag-fussballtrikot-kurzarm","11":"product_tag-fussballtrikot-set","12":"product_tag-guenstiges-fussballtrikot","13":"product_tag-manchester-united-trikots","15":"first","16":"instock","17":"shipping-taxable","18":"purchasable","19":"product-type-variable"},"_links":{"self":[{"href":"https:\/\/www.billigtrikotde.com\/cs\/wp-json\/wp\/v2\/product\/1219","targetHints":{"allow":["GET"]}}],"collection":[{"href":"https:\/\/www.billigtrikotde.com\/cs\/wp-json\/wp\/v2\/product"}],"about":[{"href":"https:\/\/www.billigtrikotde.com\/cs\/wp-json\/wp\/v2\/types\/product"}],"replies":[{"embeddable":true,"href":"https:\/\/www.billigtrikotde.com\/cs\/wp-json\/wp\/v2\/comments?post=1219"}],"wp:featuredmedia":[{"embeddable":true,"href":"https:\/\/www.billigtrikotde.com\/cs\/wp-json\/wp\/v2\/media\/1265"}],"wp:attachment":[{"href":"https:\/\/www.billigtrikotde.com\/cs\/wp-json\/wp\/v2\/media?parent=1219"}],"wp:term":[{"taxonomy":"product_brand","embeddable":true,"href":"https:\/\/www.billigtrikotde.com\/cs\/wp-json\/wp\/v2\/product_brand?post=1219"},{"taxonomy":"product_cat","embeddable":true,"href":"https:\/\/www.billigtrikotde.com\/cs\/wp-json\/wp\/v2\/product_cat?post=1219"},{"taxonomy":"product_tag","embeddable":true,"href":"https:\/\/www.billigtrikotde.com\/cs\/wp-json\/wp\/v2\/product_tag?post=1219"}],"curies":[{"name":"wp","href":"https:\/\/api.w.org\/{rel}","templated":true}]}}