{"id":12169,"date":"2024-10-24T04:56:23","date_gmt":"2024-10-24T02:56:23","guid":{"rendered":"http:\/\/billigtrikots.com\/?post_type=product&#038;p=12169"},"modified":"2024-10-24T04:59:01","modified_gmt":"2024-10-24T02:59:01","slug":"kaufe-neue-fussballtrikots-portugal-wm-2022-auswaertstrikot-mit-aufdruck-ronaldo-7","status":"publish","type":"product","link":"https:\/\/www.billigtrikotde.com\/cs\/kaufe-neue-fussballtrikots-portugal-wm-2022-auswaertstrikot-mit-aufdruck-ronaldo-7\/","title":{"rendered":"Koupit novou soupravu Portugalsko World Cup 2022 s potiskem RONALDO 7"},"content":{"rendered":"<p>Sv\u011b\u017e\u00ed a z\u00e1rove\u0148 klasick\u00fd vzhled pro Portugalsko: venkovn\u00ed dres Nike Portugal 2022 kombinuje kr\u00e9mov\u011b b\u00edl\u00fd z\u00e1kladn\u00ed vzor s n\u00e1mo\u0159nickou mod\u0159\u00ed Swoosh. Ofici\u00e1ln\u00ed barvy jsou \"Sail\/Obsidian\", zat\u00edmco \"Pepper Red\" je t\u0159et\u00ed barva a podle Nike byla zvolena o n\u011bco tmav\u0161\u00ed barva, aby Portugalci \"vynikli v mo\u0159i z\u00e1\u0159iv\u011b b\u00edl\u00fdch dres\u016f\".<\/p>\n<p>Tipy pro tisk: Pokud jsou jm\u00e9no a \u010d\u00edslo na obr\u00e1zku p\u0159esn\u011b takov\u00e9, jak\u00e9 chcete, nemus\u00edte je zad\u00e1vat znovu. Pokud tomu tak nen\u00ed, m\u011bli byste zadat po\u017eadovan\u00e9 jm\u00e9no a \u010d\u00edslo.<\/p>\n<p>Tipy pro pran\u00ed: Doporu\u010dujeme pr\u00e1t fotbalov\u00e1 tri\u010dka v ruce. Pokud chcete pou\u017e\u00edt pra\u010dku, nezapome\u0148te fotbalov\u00e1 tri\u010dka obr\u00e1tit naruby a pot\u00e9 je vyprat. Pra\u010dku napl\u0148te studenou vodou a pou\u017eijte jemn\u00fd cyklus, abyste l\u00e9pe ochr\u00e1nili barvy.<\/p>","protected":false},"excerpt":{"rendered":"<p>Sv\u011b\u017e\u00ed a z\u00e1rove\u0148 klasick\u00fd vzhled pro Portugalsko: venkovn\u00ed dres Nike Portugal 2022 kombinuje kr\u00e9mov\u011b b\u00edl\u00fd z\u00e1kladn\u00ed vzor s n\u00e1mo\u0159nickou mod\u0159\u00ed Swoosh. Ofici\u00e1ln\u00ed barvy jsou \"Sail\/Obsidian\", zat\u00edmco \"Pepper Red\" je t\u0159et\u00ed barva a podle Nike byla zvolena o n\u011bco tmav\u0161\u00ed barva, aby Portugalci \"vynikli v mo\u0159i z\u00e1\u0159iv\u011b b\u00edl\u00fdch dres\u016f\".<\/p>","protected":false},"featured_media":12210,"comment_status":"open","ping_status":"closed","template":"","meta":[],"product_brand":[],"product_cat":[239],"product_tag":[20,222,21,23,24,470,471,347,472],"class_list":{"0":"post-12169","1":"product","2":"type-product","3":"status-publish","4":"has-post-thumbnail","6":"product_cat-portugal-trikots","7":"product_tag-coole-fussballtrikots","8":"product_tag-fussball-wm-2022-trikots","9":"product_tag-fussballtrikot-fuer-herren","10":"product_tag-fussballtrikot-kurzarm","11":"product_tag-guenstiges-fussballtrikot","12":"product_tag-herren-fussball-kurzarm","13":"product_tag-portugal-trikot","14":"product_tag-portugal-trikots","15":"product_tag-portugal-wm-2022-trikot","17":"first","18":"instock","19":"shipping-taxable","20":"purchasable","21":"product-type-variable"},"_links":{"self":[{"href":"https:\/\/www.billigtrikotde.com\/cs\/wp-json\/wp\/v2\/product\/12169","targetHints":{"allow":["GET"]}}],"collection":[{"href":"https:\/\/www.billigtrikotde.com\/cs\/wp-json\/wp\/v2\/product"}],"about":[{"href":"https:\/\/www.billigtrikotde.com\/cs\/wp-json\/wp\/v2\/types\/product"}],"replies":[{"embeddable":true,"href":"https:\/\/www.billigtrikotde.com\/cs\/wp-json\/wp\/v2\/comments?post=12169"}],"wp:featuredmedia":[{"embeddable":true,"href":"https:\/\/www.billigtrikotde.com\/cs\/wp-json\/wp\/v2\/media\/12210"}],"wp:attachment":[{"href":"https:\/\/www.billigtrikotde.com\/cs\/wp-json\/wp\/v2\/media?parent=12169"}],"wp:term":[{"taxonomy":"product_brand","embeddable":true,"href":"https:\/\/www.billigtrikotde.com\/cs\/wp-json\/wp\/v2\/product_brand?post=12169"},{"taxonomy":"product_cat","embeddable":true,"href":"https:\/\/www.billigtrikotde.com\/cs\/wp-json\/wp\/v2\/product_cat?post=12169"},{"taxonomy":"product_tag","embeddable":true,"href":"https:\/\/www.billigtrikotde.com\/cs\/wp-json\/wp\/v2\/product_tag?post=12169"}],"curies":[{"name":"wp","href":"https:\/\/api.w.org\/{rel}","templated":true}]}}