{"id":12151,"date":"2024-10-24T04:55:18","date_gmt":"2024-10-24T02:55:18","guid":{"rendered":"http:\/\/billigtrikots.com\/?post_type=product&#038;p=12151"},"modified":"2024-10-24T04:57:53","modified_gmt":"2024-10-24T02:57:53","slug":"portugal-wm-2022-trikot-kurzarm-fussballtrikot-herren-sale","status":"publish","type":"product","link":"https:\/\/www.billigtrikotde.com\/cs\/portugal-wm-2022-trikot-kurzarm-fussballtrikot-herren-sale\/","title":{"rendered":"Portugalsko Mistrovstv\u00ed sv\u011bta 2022 Fotbalov\u00e9 tri\u010dko s kr\u00e1tk\u00fdm ruk\u00e1vem P\u00e1nsk\u00e9 Prodej"},"content":{"rendered":"<p>Ein au\u00dfergew\u00f6hnlicher Look und ein Novum in der Geschichte der Mannschaft: Das Trikot f\u00fcr die Fu\u00dfball-WM 2022 in Portugal hat eine diagonale gr\u00fcne Grafik auf der Vorder- und R\u00fcckseite. Sie setzt sich sogar auf dem rechten \u00c4rmel fort. Dieser Look soll die Flagge imitieren, die um den K\u00f6rper gewickelt wird, hei\u00dft es in der offiziellen Pressemitteilung.Genau wie bei der Euro 2020 kombiniert Nike das Nike Portugal 2022 Trikot mit gr\u00fcnen Hosen. Die Stutzen des Portugal 2022 WM-Heimtrikots sind rot, mit einem gr\u00fcnen Umschlag und goldenen Logos.<\/p>\n<p>Tipy pro tisk: Pokud jsou jm\u00e9no a \u010d\u00edslo na obr\u00e1zku p\u0159esn\u011b takov\u00e9, jak\u00e9 chcete, nemus\u00edte je zad\u00e1vat znovu. Pokud tomu tak nen\u00ed, m\u011bli byste zadat po\u017eadovan\u00e9 jm\u00e9no a \u010d\u00edslo.<\/p>\n<p>Tipy pro pran\u00ed: Doporu\u010dujeme pr\u00e1t fotbalov\u00e1 tri\u010dka v ruce. Pokud chcete pou\u017e\u00edt pra\u010dku, nezapome\u0148te fotbalov\u00e1 tri\u010dka obr\u00e1tit naruby a pot\u00e9 je vyprat. Pra\u010dku napl\u0148te studenou vodou a pou\u017eijte jemn\u00fd cyklus, abyste l\u00e9pe ochr\u00e1nili barvy.<\/p>","protected":false},"excerpt":{"rendered":"<p>Neobvykl\u00fd vzhled a prvn\u00ed v historii t\u00fdmu: dres pro mistrovstv\u00ed sv\u011bta 2022 v Portugalsku m\u00e1 na p\u0159edn\u00ed i zadn\u00ed stran\u011b diagon\u00e1ln\u00ed zelenou grafiku. Pokra\u010duje dokonce i na prav\u00e9m ruk\u00e1vu. Tento vzhled m\u00e1 podle ofici\u00e1ln\u00ed tiskov\u00e9 zpr\u00e1vy napodobovat vlajku, kter\u00e1 se ov\u00edj\u00ed kolem t\u011bla.<\/p>","protected":false},"featured_media":12191,"comment_status":"open","ping_status":"closed","template":"","meta":[],"product_brand":[],"product_cat":[239],"product_tag":[20,222,21,23,24,470,471,347,472],"class_list":{"0":"post-12151","1":"product","2":"type-product","3":"status-publish","4":"has-post-thumbnail","6":"product_cat-portugal-trikots","7":"product_tag-coole-fussballtrikots","8":"product_tag-fussball-wm-2022-trikots","9":"product_tag-fussballtrikot-fuer-herren","10":"product_tag-fussballtrikot-kurzarm","11":"product_tag-guenstiges-fussballtrikot","12":"product_tag-herren-fussball-kurzarm","13":"product_tag-portugal-trikot","14":"product_tag-portugal-trikots","15":"product_tag-portugal-wm-2022-trikot","17":"first","18":"instock","19":"shipping-taxable","20":"purchasable","21":"product-type-variable"},"_links":{"self":[{"href":"https:\/\/www.billigtrikotde.com\/cs\/wp-json\/wp\/v2\/product\/12151","targetHints":{"allow":["GET"]}}],"collection":[{"href":"https:\/\/www.billigtrikotde.com\/cs\/wp-json\/wp\/v2\/product"}],"about":[{"href":"https:\/\/www.billigtrikotde.com\/cs\/wp-json\/wp\/v2\/types\/product"}],"replies":[{"embeddable":true,"href":"https:\/\/www.billigtrikotde.com\/cs\/wp-json\/wp\/v2\/comments?post=12151"}],"wp:featuredmedia":[{"embeddable":true,"href":"https:\/\/www.billigtrikotde.com\/cs\/wp-json\/wp\/v2\/media\/12191"}],"wp:attachment":[{"href":"https:\/\/www.billigtrikotde.com\/cs\/wp-json\/wp\/v2\/media?parent=12151"}],"wp:term":[{"taxonomy":"product_brand","embeddable":true,"href":"https:\/\/www.billigtrikotde.com\/cs\/wp-json\/wp\/v2\/product_brand?post=12151"},{"taxonomy":"product_cat","embeddable":true,"href":"https:\/\/www.billigtrikotde.com\/cs\/wp-json\/wp\/v2\/product_cat?post=12151"},{"taxonomy":"product_tag","embeddable":true,"href":"https:\/\/www.billigtrikotde.com\/cs\/wp-json\/wp\/v2\/product_tag?post=12151"}],"curies":[{"name":"wp","href":"https:\/\/api.w.org\/{rel}","templated":true}]}}