{"id":12032,"date":"2024-10-24T04:48:10","date_gmt":"2024-10-24T02:48:10","guid":{"rendered":"http:\/\/billigtrikots.com\/?post_type=product&#038;p=12032"},"modified":"2024-10-24T04:50:51","modified_gmt":"2024-10-24T02:50:51","slug":"herren-borussia-dortmund-bvb-auswaertstrikot-2022-23-guenstig-fussballtrikots-set","status":"publish","type":"product","link":"https:\/\/www.billigtrikotde.com\/cs\/herren-borussia-dortmund-bvb-auswaertstrikot-2022-23-guenstig-fussballtrikots-set\/","title":{"rendered":"P\u00e1nsk\u00e9 Borussia Dortmund BVB Away Jersey 2022\/23 Levn\u00e9 fotbalov\u00e9 tri\u010dko Set"},"content":{"rendered":"<p>Zajist\u011bte pozornost. Dom\u00e1c\u00ed a venkovn\u00ed z\u00e1pasy se st\u0159et\u00e1vaj\u00ed v dom\u00e1c\u00edm dresu 2022\/23 od Borussie Dortmund; tenhle dres je poctou nej\u0161\u00edlen\u011bj\u0161\u00edm fanou\u0161k\u016fm. Disponuje grafick\u00fdmi prvky slad\u011bn\u00fdmi s barvami, kter\u00e9 p\u0159ipom\u00ednaj\u00ed vlajky a bannery, kter\u00e9 zdob\u00ed tribuny, kdy\u017e BVB hraje, a\u0165 u\u017e kdekoliv a kdykoliv \u2013 a a\u0165 se d\u011bje cokoliv. Heja BVB!<\/p>\n<p>Tipy pro tisk: Pokud jsou jm\u00e9no a \u010d\u00edslo na obr\u00e1zku p\u0159esn\u011b takov\u00e9, jak\u00e9 chcete, nemus\u00edte je zad\u00e1vat znovu. Pokud tomu tak nen\u00ed, m\u011bli byste zadat po\u017eadovan\u00e9 jm\u00e9no a \u010d\u00edslo.<\/p>\n<p>Tipy pro pran\u00ed: Doporu\u010dujeme pr\u00e1t fotbalov\u00e1 tri\u010dka v ruce. Pokud chcete pou\u017e\u00edt pra\u010dku, nezapome\u0148te fotbalov\u00e1 tri\u010dka obr\u00e1tit naruby a pot\u00e9 je vyprat. Pra\u010dku napl\u0148te studenou vodou a pou\u017eijte jemn\u00fd cyklus, abyste l\u00e9pe ochr\u00e1nili barvy.<\/p>","protected":false},"excerpt":{"rendered":"<p>Zajist\u011bte pozornost. Dom\u00e1c\u00ed a venkovn\u00ed z\u00e1pasy se st\u0159et\u00e1vaj\u00ed v dom\u00e1c\u00edm dresu 2022\/23 od Borussie Dortmund; tenhle dres je poctou nej\u0161\u00edlen\u011bj\u0161\u00edm fanou\u0161k\u016fm. Disponuje grafick\u00fdmi prvky slad\u011bn\u00fdmi s barvami, kter\u00e9 p\u0159ipom\u00ednaj\u00ed vlajky a bannery, kter\u00e9 zdob\u00ed tribuny, kdy\u017e BVB hraje, a\u0165 u\u017e kdekoliv a kdykoliv \u2013 a a\u0165 se d\u011bje cokoliv. Heja BVB!<\/p>","protected":false},"featured_media":12073,"comment_status":"open","ping_status":"closed","template":"","meta":[],"product_brand":[],"product_cat":[63],"product_tag":[20,68,65,66,67,21,22,23,24],"class_list":{"0":"post-12032","1":"product","2":"type-product","3":"status-publish","4":"has-post-thumbnail","6":"product_cat-borussia-dortmund","7":"product_tag-coole-fussballtrikots","8":"product_tag-borussia-dortmund-auswaertstrikot","9":"product_tag-borussia-dortmund-trikots","10":"product_tag-bvb-trikots","11":"product_tag-fussball-trikotsatz","12":"product_tag-fussballtrikot-fuer-herren","13":"product_tag-fussballtrikot-guenstig-kaufen","14":"product_tag-fussballtrikot-kurzarm","15":"product_tag-guenstiges-fussballtrikot","17":"first","18":"instock","19":"shipping-taxable","20":"purchasable","21":"product-type-variable"},"_links":{"self":[{"href":"https:\/\/www.billigtrikotde.com\/cs\/wp-json\/wp\/v2\/product\/12032","targetHints":{"allow":["GET"]}}],"collection":[{"href":"https:\/\/www.billigtrikotde.com\/cs\/wp-json\/wp\/v2\/product"}],"about":[{"href":"https:\/\/www.billigtrikotde.com\/cs\/wp-json\/wp\/v2\/types\/product"}],"replies":[{"embeddable":true,"href":"https:\/\/www.billigtrikotde.com\/cs\/wp-json\/wp\/v2\/comments?post=12032"}],"wp:featuredmedia":[{"embeddable":true,"href":"https:\/\/www.billigtrikotde.com\/cs\/wp-json\/wp\/v2\/media\/12073"}],"wp:attachment":[{"href":"https:\/\/www.billigtrikotde.com\/cs\/wp-json\/wp\/v2\/media?parent=12032"}],"wp:term":[{"taxonomy":"product_brand","embeddable":true,"href":"https:\/\/www.billigtrikotde.com\/cs\/wp-json\/wp\/v2\/product_brand?post=12032"},{"taxonomy":"product_cat","embeddable":true,"href":"https:\/\/www.billigtrikotde.com\/cs\/wp-json\/wp\/v2\/product_cat?post=12032"},{"taxonomy":"product_tag","embeddable":true,"href":"https:\/\/www.billigtrikotde.com\/cs\/wp-json\/wp\/v2\/product_tag?post=12032"}],"curies":[{"name":"wp","href":"https:\/\/api.w.org\/{rel}","templated":true}]}}