{"id":11966,"date":"2024-10-24T04:44:13","date_gmt":"2024-10-24T02:44:13","guid":{"rendered":"http:\/\/billigtrikots.com\/?post_type=product&#038;p=11966"},"modified":"2025-10-16T16:03:40","modified_gmt":"2025-10-16T14:03:40","slug":"herren-real-madrid-2022-2023-auswaertstrikots-bestellen-mit-aufdruck-i-cisillas-1","status":"publish","type":"product","link":"https:\/\/www.billigtrikotde.com\/cs\/herren-real-madrid-2022-2023-auswaertstrikots-bestellen-mit-aufdruck-i-cisillas-1\/","title":{"rendered":"P\u00e1nsk\u00e9 Real Madrid 2022-2023 venkovn\u00ed dresy objednat s potiskem I.CISILLAS 1"},"content":{"rendered":"<p>Venkovn\u00ed dres Adidas Real Madrid 2022-23 je fialov\u00fd. Ofici\u00e1ln\u00ed barva je \u201eLight Purple\u201c, kter\u00e1 je vid\u011bt i na dresu 22-23.<\/p>\n<p>Na p\u0159edn\u00ed stran\u011b a ruk\u00e1vech venkovn\u00edho dresu Real Madrid 2022-2023 je decentn\u00ed geometrick\u00fd tisk slo\u017een\u00fd z diagon\u00e1ln\u00edch dla\u017edic.<\/p>\n<p>Adidas kombinuje sv\u011btlou hlavn\u00ed barvu venkovn\u00edho dresu Real Madrid 22-23 s \u201eNight Navy\u201c, velmi tmav\u011b modrou. Tato barva se pou\u017e\u00edv\u00e1 pro l\u00edmec, man\u017eety ruk\u00e1v\u016f a v\u0161echny brandingy, v\u010detn\u011b nov\u011b upraven\u00e9ho klubov\u00e9ho znaku na lev\u00e9 stran\u011b hrudi.<\/p>\n<p>Tipy pro tisk: Pokud jsou jm\u00e9no a \u010d\u00edslo na obr\u00e1zku p\u0159esn\u011b takov\u00e9, jak\u00e9 chcete, nemus\u00edte je zad\u00e1vat znovu. Pokud tomu tak nen\u00ed, m\u011bli byste zadat po\u017eadovan\u00e9 jm\u00e9no a \u010d\u00edslo.<\/p>\n<p>Tipy pro pran\u00ed: Doporu\u010dujeme pr\u00e1t fotbalov\u00e1 tri\u010dka v ruce. Pokud chcete pou\u017e\u00edt pra\u010dku, nezapome\u0148te fotbalov\u00e1 tri\u010dka obr\u00e1tit naruby a pot\u00e9 je vyprat. Pra\u010dku napl\u0148te studenou vodou a pou\u017eijte jemn\u00fd cyklus, abyste l\u00e9pe ochr\u00e1nili barvy.<\/p>","protected":false},"excerpt":{"rendered":"<p>Venkovn\u00ed dres Real Madrid 2022-23 od Adidas je fialov\u00fd. Ofici\u00e1ln\u00ed barvou je \u201eLight Purple\u201c, kter\u00e1 je vid\u011bt i na dresu 22-23. Na p\u0159edn\u00ed stran\u011b a ruk\u00e1vech venkovn\u00edho dresu Real Madrid 2022-2023 je decentn\u00ed geometrick\u00fd tisk slo\u017een\u00fd z diagon\u00e1ln\u00edch dla\u017edic. Adidas kombinuje sv\u011btlou hlavn\u00ed barvu venkovn\u00edho dresu Real Madrid 22-23 [\u2026]<\/p>","protected":false},"featured_media":12004,"comment_status":"open","ping_status":"closed","template":"","meta":[],"product_brand":[],"product_cat":[45],"product_tag":[20,38,21,22,23,228,24,291,49,271,47,268],"class_list":{"0":"post-11966","1":"product","2":"type-product","3":"status-publish","4":"has-post-thumbnail","6":"product_cat-real-madrid","7":"product_tag-coole-fussballtrikots","8":"product_tag-fussball-trikot-langarm","9":"product_tag-fussballtrikot-fuer-herren","10":"product_tag-fussballtrikot-guenstig-kaufen","11":"product_tag-fussballtrikot-kurzarm","12":"product_tag-guenstige-fussballtrikot","13":"product_tag-guenstiges-fussballtrikot","14":"product_tag-real-madrid-2022-2023-auswaertstrikots","15":"product_tag-real-madrid-auswaertstrikot","16":"product_tag-real-madrid-trikot-herren-guenstig","17":"product_tag-real-madrid-trikots","18":"product_tag-real-madrid-trikots-22-23","20":"first","21":"instock","22":"shipping-taxable","23":"purchasable","24":"product-type-variable"},"_links":{"self":[{"href":"https:\/\/www.billigtrikotde.com\/cs\/wp-json\/wp\/v2\/product\/11966","targetHints":{"allow":["GET"]}}],"collection":[{"href":"https:\/\/www.billigtrikotde.com\/cs\/wp-json\/wp\/v2\/product"}],"about":[{"href":"https:\/\/www.billigtrikotde.com\/cs\/wp-json\/wp\/v2\/types\/product"}],"replies":[{"embeddable":true,"href":"https:\/\/www.billigtrikotde.com\/cs\/wp-json\/wp\/v2\/comments?post=11966"}],"wp:featuredmedia":[{"embeddable":true,"href":"https:\/\/www.billigtrikotde.com\/cs\/wp-json\/wp\/v2\/media\/12004"}],"wp:attachment":[{"href":"https:\/\/www.billigtrikotde.com\/cs\/wp-json\/wp\/v2\/media?parent=11966"}],"wp:term":[{"taxonomy":"product_brand","embeddable":true,"href":"https:\/\/www.billigtrikotde.com\/cs\/wp-json\/wp\/v2\/product_brand?post=11966"},{"taxonomy":"product_cat","embeddable":true,"href":"https:\/\/www.billigtrikotde.com\/cs\/wp-json\/wp\/v2\/product_cat?post=11966"},{"taxonomy":"product_tag","embeddable":true,"href":"https:\/\/www.billigtrikotde.com\/cs\/wp-json\/wp\/v2\/product_tag?post=11966"}],"curies":[{"name":"wp","href":"https:\/\/api.w.org\/{rel}","templated":true}]}}