{"id":11949,"date":"2024-10-24T04:43:05","date_gmt":"2024-10-24T02:43:05","guid":{"rendered":"http:\/\/billigtrikots.com\/?post_type=product&#038;p=11949"},"modified":"2024-10-24T04:45:50","modified_gmt":"2024-10-24T02:45:50","slug":"kinder-fc-barcelona-22-23-viertes-trikot-kurzarm-kurze-hosen-on-sale","status":"publish","type":"product","link":"https:\/\/www.billigtrikotde.com\/cs\/kinder-fc-barcelona-22-23-viertes-trikot-kurzarm-kurze-hosen-on-sale\/","title":{"rendered":"D\u011btsk\u00e9 tri\u010dko FC Barcelona 22-23 Fourth s kr\u00e1tk\u00fdm ruk\u00e1vem + \u0161ortky ve slev\u011b"},"content":{"rendered":"<p>Nov\u00e9 \u010dtvrt\u00e9 tri\u010dko FC Barcelona pro sez\u00f3nu 22-23 bylo p\u0159edstaveno pod sloganem \u201c + Catalunya + Bar\u00e7a\u201c. Vys\u00edl\u00e1 ducha Barcelony a hrdost, \u017ee poch\u00e1z\u00ed z Barcelony a Katal\u00e1nska. Tri\u010dko je inspirov\u00e1no kapit\u00e1nskou p\u00e1skou a poprv\u00e9 bude v povinn\u00e9m z\u00e1pase proti FC Girona v Montilivi nadch\u00e1zej\u00edc\u00ed sobotu.<br \/>\nNike Barcelona 22-23 \u010dtvrt\u00e9 tri\u010dko kombinuje barvy Senyery, \u017elutou a \u010dervenou, se modrou. Loga Barcelony ov\u00e1l a logo Spotify jsou uprost\u0159ed um\u00edst\u011bny, zat\u00edmco na ka\u017ed\u00e9m ruk\u00e1vu je Swoosh. Nejv\u00fdrazn\u011bj\u0161\u00edm prvkem \u010dtvrt\u00e9ho trika Barcelony je prapor Senyera (\u010dtvrt\u00e1 \u010derven\u00e1 pruh na \u017elut\u00e9m podkladu) na horn\u00ed p\u0159edn\u00ed \u010d\u00e1sti. Je to stejn\u00e1, kter\u00e1 je vid\u011bt i na kapit\u00e1nsk\u00e9 p\u00e1sce. Modrob\u00edl\u00e9 man\u017eety ruk\u00e1v\u016f dod\u00e1vaj\u00ed Nike Bar\u00e7a 22-23 4th triku dal\u0161\u00ed n\u00e1dech. \u010ctvrt\u00e9 triko Barcelony 22-23 m\u00e1 podobn\u00fd vzor jako tri\u010dko USA pro mistrovstv\u00ed sv\u011bta 2022.<\/p>\n<p>Tipy pro tisk: Pokud jsou jm\u00e9no a \u010d\u00edslo na obr\u00e1zku p\u0159esn\u011b takov\u00e9, jak\u00e9 chcete, nemus\u00edte je zad\u00e1vat znovu. Pokud tomu tak nen\u00ed, m\u011bli byste zadat po\u017eadovan\u00e9 jm\u00e9no a \u010d\u00edslo.<\/p>\n<p>Tipy pro pran\u00ed: Doporu\u010dujeme pr\u00e1t fotbalov\u00e1 tri\u010dka v ruce. Pokud chcete pou\u017e\u00edt pra\u010dku, nezapome\u0148te fotbalov\u00e1 tri\u010dka obr\u00e1tit naruby a pot\u00e9 je vyprat. Pra\u010dku napl\u0148te studenou vodou a pou\u017eijte jemn\u00fd cyklus, abyste l\u00e9pe ochr\u00e1nili barvy.<\/p>","protected":false},"excerpt":{"rendered":"<p>Das neue vierte Trikot des FC Barcelona f\u00fcr die Saison 22-23 wurde unter dem Slogan \u201c + Catalunya + Bar\u00e7a\u201c vorgestellt. Es vermittelt den Geist von Bar\u00e7a und den Stolz, aus Barcelona und Katalonien zu stammen. Das Trikot ist von der Kapit\u00e4nsbinde inspiriert und wird zum ersten Mal in einem Pflichtspiel gegen den FC Girona [&hellip;]<\/p>","protected":false},"featured_media":11992,"comment_status":"open","ping_status":"closed","template":"","meta":[],"product_brand":[],"product_cat":[146],"product_tag":[147,459,20,460,33,21,22,23,24,94],"class_list":{"0":"post-11949","1":"product","2":"type-product","3":"status-publish","4":"has-post-thumbnail","6":"product_cat-barcelona-kindertrikot","7":"product_tag-barcelona-trikotsatz-fuer-kinder","8":"product_tag-barcelona-viertes-trikot","9":"product_tag-coole-fussballtrikots","10":"product_tag-deutschland-fussballtrikots","11":"product_tag-fc-barcelona-trikots","12":"product_tag-fussballtrikot-fuer-herren","13":"product_tag-fussballtrikot-guenstig-kaufen","14":"product_tag-fussballtrikot-kurzarm","15":"product_tag-guenstiges-fussballtrikot","16":"product_tag-kinder-fussball-trikotsatz","18":"first","19":"instock","20":"shipping-taxable","21":"purchasable","22":"product-type-variable"},"_links":{"self":[{"href":"https:\/\/www.billigtrikotde.com\/cs\/wp-json\/wp\/v2\/product\/11949","targetHints":{"allow":["GET"]}}],"collection":[{"href":"https:\/\/www.billigtrikotde.com\/cs\/wp-json\/wp\/v2\/product"}],"about":[{"href":"https:\/\/www.billigtrikotde.com\/cs\/wp-json\/wp\/v2\/types\/product"}],"replies":[{"embeddable":true,"href":"https:\/\/www.billigtrikotde.com\/cs\/wp-json\/wp\/v2\/comments?post=11949"}],"wp:featuredmedia":[{"embeddable":true,"href":"https:\/\/www.billigtrikotde.com\/cs\/wp-json\/wp\/v2\/media\/11992"}],"wp:attachment":[{"href":"https:\/\/www.billigtrikotde.com\/cs\/wp-json\/wp\/v2\/media?parent=11949"}],"wp:term":[{"taxonomy":"product_brand","embeddable":true,"href":"https:\/\/www.billigtrikotde.com\/cs\/wp-json\/wp\/v2\/product_brand?post=11949"},{"taxonomy":"product_cat","embeddable":true,"href":"https:\/\/www.billigtrikotde.com\/cs\/wp-json\/wp\/v2\/product_cat?post=11949"},{"taxonomy":"product_tag","embeddable":true,"href":"https:\/\/www.billigtrikotde.com\/cs\/wp-json\/wp\/v2\/product_tag?post=11949"}],"curies":[{"name":"wp","href":"https:\/\/api.w.org\/{rel}","templated":true}]}}