{"id":11910,"date":"2024-10-24T04:41:09","date_gmt":"2024-10-24T02:41:09","guid":{"rendered":"http:\/\/billigtrikots.com\/?post_type=product&#038;p=11910"},"modified":"2025-06-09T04:42:29","modified_gmt":"2025-06-09T02:42:29","slug":"neuen-fussballtrikot-arsenal-auswaertstrikot-2023-schwarz-goldene-bestellen-mit-aufdruck-aubameyang-14","status":"publish","type":"product","link":"https:\/\/www.billigtrikotde.com\/cs\/neuen-fussballtrikot-arsenal-auswaertstrikot-2023-schwarz-goldene-bestellen-mit-aufdruck-aubameyang-14\/","title":{"rendered":"Objednat novou sadu Arsenal 2023 black and gold s potiskem AUBAMEYANG 14"},"content":{"rendered":"<p>V\u00fdjezdn\u00ed dres Arsenal 22-23 se p\u0159edstavuje v elegantn\u00edm vzhledu v \u010dern\u00e9 barv\u011b s bronzov\u00fdmi kovov\u00fdmi detaily.V\u00fdjezdn\u00ed dres Adidas Arsenal 22-23 je \u010dern\u00fd, v kombinaci se zlatou metal\u00edzou pro v\u0161echna loga a \u0161edou barvou pro 3 pruhy na ramenou.Pro dopln\u011bn\u00ed nen\u00e1padn\u00e9ho vzhledu je dres Arsenal 2022-23 zakon\u010den slab\u00fdm abstraktn\u00edm geometrick\u00fdm potiskem na p\u0159edn\u00ed stran\u011b a ruk\u00e1vech. Tuto grafiku tvo\u0159\u00ed p\u00edsmena AFC, jejich\u017e font je p\u0159\u00edmo inspirov\u00e1n n\u00e1pisy Arsenalu, kter\u00e9 fanou\u0161ci m\u00edjej\u00ed cestou na stadion Emirates.<\/p>\n<p>Tipy pro tisk: Pokud jsou jm\u00e9no a \u010d\u00edslo na obr\u00e1zku p\u0159esn\u011b takov\u00e9, jak\u00e9 chcete, nemus\u00edte je zad\u00e1vat znovu. Pokud tomu tak nen\u00ed, m\u011bli byste zadat po\u017eadovan\u00e9 jm\u00e9no a \u010d\u00edslo.<\/p>\n<p>Tipy pro pran\u00ed: Doporu\u010dujeme pr\u00e1t fotbalov\u00e1 tri\u010dka v ruce. Pokud chcete pou\u017e\u00edt pra\u010dku, nezapome\u0148te fotbalov\u00e1 tri\u010dka obr\u00e1tit naruby a pot\u00e9 je vyprat. Pra\u010dku napl\u0148te studenou vodou a pou\u017eijte jemn\u00fd cyklus, abyste l\u00e9pe ochr\u00e1nili barvy.<\/p>","protected":false},"excerpt":{"rendered":"<p>Das Arsenal 22-23 Ausw\u00e4rtstrikot pr\u00e4sentiert sich in einem edlen Look in Schwarz mit bronze-metallischen Details.Das Adidas Arsenal 22-23 Ausw\u00e4rtstrikot ist schwarz, kombiniert mit Gold-Metallic f\u00fcr alle Logos und grau f\u00fcr die 3 Streifen auf den Schultern.Um den unauff\u00e4lligen Look abzurunden, ist das Arsenal 2022-23 mit einem schwachen abstrakten geometrischen Druck auf der Vorderseite und den [&hellip;]<\/p>","protected":false},"featured_media":11950,"comment_status":"open","ping_status":"closed","template":"","meta":[],"product_brand":[],"product_cat":[55],"product_tag":[451,20,21,22,23,54,24],"class_list":{"0":"post-11910","1":"product","2":"type-product","3":"status-publish","4":"has-post-thumbnail","6":"product_cat-arsenal","7":"product_tag-arsenal-22-23-auswaertstrikot","8":"product_tag-coole-fussballtrikots","9":"product_tag-fussballtrikot-fuer-herren","10":"product_tag-fussballtrikot-guenstig-kaufen","11":"product_tag-fussballtrikot-kurzarm","12":"product_tag-fussballtrikot-set","13":"product_tag-guenstiges-fussballtrikot","15":"first","16":"instock","17":"shipping-taxable","18":"purchasable","19":"product-type-variable"},"_links":{"self":[{"href":"https:\/\/www.billigtrikotde.com\/cs\/wp-json\/wp\/v2\/product\/11910","targetHints":{"allow":["GET"]}}],"collection":[{"href":"https:\/\/www.billigtrikotde.com\/cs\/wp-json\/wp\/v2\/product"}],"about":[{"href":"https:\/\/www.billigtrikotde.com\/cs\/wp-json\/wp\/v2\/types\/product"}],"replies":[{"embeddable":true,"href":"https:\/\/www.billigtrikotde.com\/cs\/wp-json\/wp\/v2\/comments?post=11910"}],"wp:featuredmedia":[{"embeddable":true,"href":"https:\/\/www.billigtrikotde.com\/cs\/wp-json\/wp\/v2\/media\/11950"}],"wp:attachment":[{"href":"https:\/\/www.billigtrikotde.com\/cs\/wp-json\/wp\/v2\/media?parent=11910"}],"wp:term":[{"taxonomy":"product_brand","embeddable":true,"href":"https:\/\/www.billigtrikotde.com\/cs\/wp-json\/wp\/v2\/product_brand?post=11910"},{"taxonomy":"product_cat","embeddable":true,"href":"https:\/\/www.billigtrikotde.com\/cs\/wp-json\/wp\/v2\/product_cat?post=11910"},{"taxonomy":"product_tag","embeddable":true,"href":"https:\/\/www.billigtrikotde.com\/cs\/wp-json\/wp\/v2\/product_tag?post=11910"}],"curies":[{"name":"wp","href":"https:\/\/api.w.org\/{rel}","templated":true}]}}