{"id":11889,"date":"2024-10-24T04:40:00","date_gmt":"2024-10-24T02:40:00","guid":{"rendered":"http:\/\/billigtrikots.com\/?post_type=product&#038;p=11889"},"modified":"2024-10-24T04:42:13","modified_gmt":"2024-10-24T02:42:13","slug":"herren-inter-mailand-2022-23-drittes-trikot-gelbe-fussballtrikots-trikotsatz-online-bestellen","status":"publish","type":"product","link":"https:\/\/www.billigtrikotde.com\/cs\/herren-inter-mailand-2022-23-drittes-trikot-gelbe-fussballtrikots-trikotsatz-online-bestellen\/","title":{"rendered":"P\u00e1nsk\u00e9 Inter Milan 2022-23 Third Jersey \u017elut\u00e9 fotbalov\u00e9 ko\u0161ile soupravy online objedn\u00e1vka"},"content":{"rendered":"<p>T\u0159et\u00ed dres Nike Football Club Internazionale Milano 2022-23 kombinuje jasn\u011b \u017elutou hlavn\u00ed barvu s \u010dern\u00fdmi logy. Ofici\u00e1ln\u011b jsou barvy \u201eDynamic Yellow \/ Black\u201c. Sv\u011btl\u00e1 modr\u00e1 dopl\u0148uje jednoduch\u00fd vzhled ve form\u011b zakon\u010den\u00ed na ruk\u00e1vech a u l\u00edmce. Celkov\u011b jde o velmi jednoduch\u00fd, \u017eiv\u00fd vzhled bez v\u00fdrazn\u00fdch grafick\u00fdch vzor\u016f.<\/p>\n<p>Tipy pro tisk: Pokud jsou jm\u00e9no a \u010d\u00edslo na obr\u00e1zku p\u0159esn\u011b takov\u00e9, jak\u00e9 chcete, nemus\u00edte je zad\u00e1vat znovu. Pokud tomu tak nen\u00ed, m\u011bli byste zadat po\u017eadovan\u00e9 jm\u00e9no a \u010d\u00edslo.<\/p>\n<p>Tipy pro pran\u00ed: Doporu\u010dujeme pr\u00e1t fotbalov\u00e1 tri\u010dka v ruce. Pokud chcete pou\u017e\u00edt pra\u010dku, nezapome\u0148te fotbalov\u00e1 tri\u010dka obr\u00e1tit naruby a pot\u00e9 je vyprat. Pra\u010dku napl\u0148te studenou vodou a pou\u017eijte jemn\u00fd cyklus, abyste l\u00e9pe ochr\u00e1nili barvy.<\/p>","protected":false},"excerpt":{"rendered":"<p>T\u0159et\u00ed dres Nike Football Club Internazionale Milano 2022-23 kombinuje jasn\u011b \u017elutou hlavn\u00ed barvu s \u010dern\u00fdmi logy. Ofici\u00e1ln\u011b jsou barvy \u201eDynamic Yellow \/ Black\u201c. Sv\u011btl\u00e1 modr\u00e1 dopl\u0148uje jednoduch\u00fd vzhled ve form\u011b zakon\u010den\u00ed na ruk\u00e1vech a u l\u00edmce. Celkov\u011b jde o velmi jednoduch\u00fd, \u017eiv\u00fd vzhled bez v\u00fdrazn\u00fdch grafick\u00fdch vzor\u016f.<\/p>","protected":false},"featured_media":11928,"comment_status":"open","ping_status":"closed","template":"","meta":[],"product_brand":[],"product_cat":[77],"product_tag":[20,21,22,23,24,449,78],"class_list":{"0":"post-11889","1":"product","2":"type-product","3":"status-publish","4":"has-post-thumbnail","6":"product_cat-inter-milan","7":"product_tag-coole-fussballtrikots","8":"product_tag-fussballtrikot-fuer-herren","9":"product_tag-fussballtrikot-guenstig-kaufen","10":"product_tag-fussballtrikot-kurzarm","11":"product_tag-guenstiges-fussballtrikot","12":"product_tag-inter-mailand-2022-23-drittes-trikot","13":"product_tag-inter-milan-trikots","15":"first","16":"instock","17":"shipping-taxable","18":"purchasable","19":"product-type-variable"},"_links":{"self":[{"href":"https:\/\/www.billigtrikotde.com\/cs\/wp-json\/wp\/v2\/product\/11889","targetHints":{"allow":["GET"]}}],"collection":[{"href":"https:\/\/www.billigtrikotde.com\/cs\/wp-json\/wp\/v2\/product"}],"about":[{"href":"https:\/\/www.billigtrikotde.com\/cs\/wp-json\/wp\/v2\/types\/product"}],"replies":[{"embeddable":true,"href":"https:\/\/www.billigtrikotde.com\/cs\/wp-json\/wp\/v2\/comments?post=11889"}],"wp:featuredmedia":[{"embeddable":true,"href":"https:\/\/www.billigtrikotde.com\/cs\/wp-json\/wp\/v2\/media\/11928"}],"wp:attachment":[{"href":"https:\/\/www.billigtrikotde.com\/cs\/wp-json\/wp\/v2\/media?parent=11889"}],"wp:term":[{"taxonomy":"product_brand","embeddable":true,"href":"https:\/\/www.billigtrikotde.com\/cs\/wp-json\/wp\/v2\/product_brand?post=11889"},{"taxonomy":"product_cat","embeddable":true,"href":"https:\/\/www.billigtrikotde.com\/cs\/wp-json\/wp\/v2\/product_cat?post=11889"},{"taxonomy":"product_tag","embeddable":true,"href":"https:\/\/www.billigtrikotde.com\/cs\/wp-json\/wp\/v2\/product_tag?post=11889"}],"curies":[{"name":"wp","href":"https:\/\/api.w.org\/{rel}","templated":true}]}}