{"id":11688,"date":"2024-10-24T04:28:27","date_gmt":"2024-10-24T02:28:27","guid":{"rendered":"http:\/\/billigtrikots.com\/?post_type=product&#038;p=11688"},"modified":"2024-10-24T04:30:41","modified_gmt":"2024-10-24T02:30:41","slug":"herren-liverpool-22-23-drittes-trikot-gruene-fussballtrikots-kurzarm-kurze-hosen","status":"publish","type":"product","link":"https:\/\/www.billigtrikotde.com\/cs\/herren-liverpool-22-23-drittes-trikot-gruene-fussballtrikots-kurzarm-kurze-hosen\/","title":{"rendered":"P\u00e1nsk\u00e1 fotbalov\u00e1 tri\u010dka s kr\u00e1tk\u00fdm ruk\u00e1vem a \u0161ortky Liverpool 22-23 Third Kit Green"},"content":{"rendered":"<p>Das dritte Trikot von Nike Liverpool 2022-2023 kombiniert eine dunkle tealfarbene Basis mit hellen tealfarbenen und auff\u00e4lligen roten Logos. Offiziell sind die Farben des dritten Trikots von Liverpool 22-23 \u201eDark Atomic Teal \/ Rio Teal \/ Siren Red\u201c.Alle Logos auf dem neuen dritten Liverpooler Trikot sind leuchtend rot, w\u00e4hrend es auf der Vorderseite, dem R\u00fccken und den \u00c4rmeln eine dezente Wellengrafik aufweist. Die Grafik ist \u00e4hnlich, aber nicht identisch mit der auf dem Liverpooler Ausw\u00e4rtstrikot 2022-23.<\/p>\n<p>Tipy pro tisk: Pokud jsou jm\u00e9no a \u010d\u00edslo na obr\u00e1zku p\u0159esn\u011b takov\u00e9, jak\u00e9 chcete, nemus\u00edte je zad\u00e1vat znovu. Pokud tomu tak nen\u00ed, m\u011bli byste zadat po\u017eadovan\u00e9 jm\u00e9no a \u010d\u00edslo.<\/p>\n<p>Tipy pro pran\u00ed: Doporu\u010dujeme pr\u00e1t fotbalov\u00e1 tri\u010dka v ruce. Pokud chcete pou\u017e\u00edt pra\u010dku, nezapome\u0148te fotbalov\u00e1 tri\u010dka obr\u00e1tit naruby a pot\u00e9 je vyprat. Pra\u010dku napl\u0148te studenou vodou a pou\u017eijte jemn\u00fd cyklus, abyste l\u00e9pe ochr\u00e1nili barvy.<\/p>","protected":false},"excerpt":{"rendered":"<p>Das dritte Trikot von Nike Liverpool 2022-2023 kombiniert eine dunkle tealfarbene Basis mit hellen tealfarbenen und auff\u00e4lligen roten Logos. Offiziell sind die Farben des dritten Trikots von Liverpool 22-23 &#8222;Dark Atomic Teal \/ Rio Teal \/ Siren Red&#8220;.Alle Logos auf dem neuen dritten Liverpooler Trikot sind leuchtend rot, w\u00e4hrend es auf der Vorderseite, dem R\u00fccken [&hellip;]<\/p>","protected":false},"featured_media":11728,"comment_status":"open","ping_status":"closed","template":"","meta":[],"product_brand":[],"product_cat":[176],"product_tag":[20,21,22,23,24,444,153,370],"class_list":{"0":"post-11688","1":"product","2":"type-product","3":"status-publish","4":"has-post-thumbnail","6":"product_cat-liverpool-fc","7":"product_tag-coole-fussballtrikots","8":"product_tag-fussballtrikot-fuer-herren","9":"product_tag-fussballtrikot-guenstig-kaufen","10":"product_tag-fussballtrikot-kurzarm","11":"product_tag-guenstiges-fussballtrikot","12":"product_tag-liverpool-22-23-drittes-trikot","13":"product_tag-liverpool-trikots","14":"product_tag-liverpool-trikots-22-23","16":"first","17":"instock","18":"shipping-taxable","19":"purchasable","20":"product-type-variable"},"_links":{"self":[{"href":"https:\/\/www.billigtrikotde.com\/cs\/wp-json\/wp\/v2\/product\/11688","targetHints":{"allow":["GET"]}}],"collection":[{"href":"https:\/\/www.billigtrikotde.com\/cs\/wp-json\/wp\/v2\/product"}],"about":[{"href":"https:\/\/www.billigtrikotde.com\/cs\/wp-json\/wp\/v2\/types\/product"}],"replies":[{"embeddable":true,"href":"https:\/\/www.billigtrikotde.com\/cs\/wp-json\/wp\/v2\/comments?post=11688"}],"wp:featuredmedia":[{"embeddable":true,"href":"https:\/\/www.billigtrikotde.com\/cs\/wp-json\/wp\/v2\/media\/11728"}],"wp:attachment":[{"href":"https:\/\/www.billigtrikotde.com\/cs\/wp-json\/wp\/v2\/media?parent=11688"}],"wp:term":[{"taxonomy":"product_brand","embeddable":true,"href":"https:\/\/www.billigtrikotde.com\/cs\/wp-json\/wp\/v2\/product_brand?post=11688"},{"taxonomy":"product_cat","embeddable":true,"href":"https:\/\/www.billigtrikotde.com\/cs\/wp-json\/wp\/v2\/product_cat?post=11688"},{"taxonomy":"product_tag","embeddable":true,"href":"https:\/\/www.billigtrikotde.com\/cs\/wp-json\/wp\/v2\/product_tag?post=11688"}],"curies":[{"name":"wp","href":"https:\/\/api.w.org\/{rel}","templated":true}]}}