{"id":11682,"date":"2024-10-24T04:27:53","date_gmt":"2024-10-24T02:27:53","guid":{"rendered":"http:\/\/billigtrikots.com\/?post_type=product&#038;p=11682"},"modified":"2024-10-24T04:30:40","modified_gmt":"2024-10-24T02:30:40","slug":"personalisierbar-kinderheim-trikot-atletico-madrid-22-23-kurzarm-kurze-hosen","status":"publish","type":"product","link":"https:\/\/www.billigtrikotde.com\/cs\/personalisierbar-kinderheim-trikot-atletico-madrid-22-23-kurzarm-kurze-hosen\/","title":{"rendered":"P\u0159izp\u016fsobiteln\u00e9 d\u011btsk\u00e9 dom\u00e1c\u00ed tri\u010dko Atl\u00e9tico Madrid 22-23 s kr\u00e1tk\u00fdm ruk\u00e1vem + \u0161ortky"},"content":{"rendered":"<p>Dres Nike Atl\u00e9tico 2022-2023 m\u00e1 novou interpretaci tradi\u010dn\u00edch b\u00edl\u00fdch a \u010derven\u00fdch pruh\u016f klubu. Dres Nike Atl\u00e9tico Madrid 22-23 p\u0159ich\u00e1z\u00ed s m\u00e1vaj\u00edc\u00edmi pruhy.<br \/>\nTakov\u00e9 m\u00e1vaj\u00edc\u00ed pruhy tu Atl\u00e9tico je\u0161t\u011b nem\u011blo \u2013 je to premi\u00e9ra v klubov\u00e9 historii. Podle tiskov\u00e9 zpr\u00e1vy jsou zvl\u00e1\u0161tn\u00ed pruhy na nov\u00e9m triku inspirov\u00e1ny \u0159ekou Manzanares. Zadn\u00ed strana nov\u00e9ho Atl\u00e9tico 22-23 trika je p\u0159ev\u00e1\u017en\u011b \u010derven\u00e1 s n\u00e1mo\u0159nicky modr\u00fdm pruhem v oblasti l\u00edmce\/naho\u0159e. \u0160pan\u011blsk\u00e1 vlajka je pod l\u00edmcem vyti\u0161t\u011bna.<\/p>\n<p>Tipy pro tisk: Pokud jsou jm\u00e9no a \u010d\u00edslo na obr\u00e1zku p\u0159esn\u011b takov\u00e9, jak\u00e9 chcete, nemus\u00edte je zad\u00e1vat znovu. Pokud tomu tak nen\u00ed, m\u011bli byste zadat po\u017eadovan\u00e9 jm\u00e9no a \u010d\u00edslo.<\/p>\n<p>Tipy pro pran\u00ed: Doporu\u010dujeme pr\u00e1t fotbalov\u00e1 tri\u010dka v ruce. Pokud chcete pou\u017e\u00edt pra\u010dku, nezapome\u0148te fotbalov\u00e1 tri\u010dka obr\u00e1tit naruby a pot\u00e9 je vyprat. Pra\u010dku napl\u0148te studenou vodou a pou\u017eijte jemn\u00fd cyklus, abyste l\u00e9pe ochr\u00e1nili barvy.<\/p>","protected":false},"excerpt":{"rendered":"<p>Das Nike Atl\u00e9tico 2022-2023 Trikot zeigt eine neue Interpretation der traditionellen wei\u00df-roten Streifen des Vereins. Das Nike Atl\u00e9tico Madrid 22-23 Trikot kommt mit winkenden Streifen. Solche winkenden Streifen hat es bei Atletico noch nie gegeben &#8211; es ist eine Premiere in der Vereinsgeschichte. Laut der Pressemitteilung sind die seltsamen Streifen auf dem neuen Trikot vom [&hellip;]<\/p>","protected":false},"featured_media":11720,"comment_status":"open","ping_status":"closed","template":"","meta":[],"product_brand":[],"product_cat":[157],"product_tag":[442,89,90,158,20,443,215,21,24,94],"class_list":{"0":"post-11682","1":"product","2":"type-product","3":"status-publish","4":"has-post-thumbnail","6":"product_cat-atletico-madrid-kindertrikot","7":"product_tag-atletico-madrid-22-23-trikot","8":"product_tag-atletico-madrid-heimtrikot","9":"product_tag-atletico-madrid-trikots","10":"product_tag-atletico-madrid-trikotsatz-fuer-kinder","11":"product_tag-coole-fussballtrikots","12":"product_tag-fussball-heimtrikot","13":"product_tag-fussball-trikot-kurzarm","14":"product_tag-fussballtrikot-fuer-herren","15":"product_tag-guenstiges-fussballtrikot","16":"product_tag-kinder-fussball-trikotsatz","18":"first","19":"instock","20":"shipping-taxable","21":"purchasable","22":"product-type-variable"},"_links":{"self":[{"href":"https:\/\/www.billigtrikotde.com\/cs\/wp-json\/wp\/v2\/product\/11682","targetHints":{"allow":["GET"]}}],"collection":[{"href":"https:\/\/www.billigtrikotde.com\/cs\/wp-json\/wp\/v2\/product"}],"about":[{"href":"https:\/\/www.billigtrikotde.com\/cs\/wp-json\/wp\/v2\/types\/product"}],"replies":[{"embeddable":true,"href":"https:\/\/www.billigtrikotde.com\/cs\/wp-json\/wp\/v2\/comments?post=11682"}],"wp:featuredmedia":[{"embeddable":true,"href":"https:\/\/www.billigtrikotde.com\/cs\/wp-json\/wp\/v2\/media\/11720"}],"wp:attachment":[{"href":"https:\/\/www.billigtrikotde.com\/cs\/wp-json\/wp\/v2\/media?parent=11682"}],"wp:term":[{"taxonomy":"product_brand","embeddable":true,"href":"https:\/\/www.billigtrikotde.com\/cs\/wp-json\/wp\/v2\/product_brand?post=11682"},{"taxonomy":"product_cat","embeddable":true,"href":"https:\/\/www.billigtrikotde.com\/cs\/wp-json\/wp\/v2\/product_cat?post=11682"},{"taxonomy":"product_tag","embeddable":true,"href":"https:\/\/www.billigtrikotde.com\/cs\/wp-json\/wp\/v2\/product_tag?post=11682"}],"curies":[{"name":"wp","href":"https:\/\/api.w.org\/{rel}","templated":true}]}}