{"id":1166,"date":"2024-10-23T13:19:00","date_gmt":"2024-10-23T11:19:00","guid":{"rendered":"http:\/\/billigtrikots.com\/?post_type=product&#038;p=1166"},"modified":"2024-10-23T13:20:56","modified_gmt":"2024-10-23T11:20:56","slug":"manchester-united-ausweichtrikot-2022-blau-mit-aufdruck-rashford-10","status":"publish","type":"product","link":"https:\/\/www.billigtrikotde.com\/cs\/manchester-united-ausweichtrikot-2022-blau-mit-aufdruck-rashford-10\/","title":{"rendered":"Manchester United tri\u010dko 2022 modr\u00e9 s potiskem Rashford 10"},"content":{"rendered":"<p>Zapalte \u010derven\u00e9 s dresy Manchester United 21\/22 s n\u00e1hradn\u00edm dresov\u00fdm designem adidas, kter\u00fd je vybaven vy\u0161\u00edvan\u00fdmi klubov\u00fdmi detaily pro tradi\u010dn\u00ed vzhled.<br \/>\nAdidas Manchester United 21\/22 n\u00e1hradn\u00ed dres reinterpretuj\u00ed klasiku z po\u010d\u00e1tku 90. let a \u010derpaj\u00ed inspiraci z venkovn\u00edho dresu, kter\u00fd nosila talentovan\u00e1 mlad\u00e1 sestava United, kdy\u017e za\u010dala vzru\u0161uj\u00edc\u00ed nov\u00e1 \u00e9ra.<\/p>\n<p>Jeho modern\u00ed design \u010derp\u00e1 z modr\u00e9, \u010dern\u00e9 a \u017elut\u00e9 p\u016fvodn\u00edho a nahrazuje pruhy geometrick\u00fdm vzorem, kter\u00fd jemn\u011b za\u010dle\u0148uje tak\u00e9 p\u00edsmeno \u201eM\u201c z Manchesteru.<\/p>\n<p>Fanovsk\u00e1 verze dresu je navr\u017eena pro pohodl\u00ed p\u0159i voln\u00e9m no\u0161en\u00ed a m\u00e1 voln\u011bj\u0161\u00ed st\u0159ih a vy\u0161\u00edvan\u00e9 logo pro dlouhotrvaj\u00edc\u00ed styl na h\u0159i\u0161ti i mimo n\u011bj.<\/p>\n<p>Tipy pro tisk: Pokud jsou jm\u00e9no a \u010d\u00edslo na obr\u00e1zku p\u0159esn\u011b takov\u00e9, jak\u00e9 chcete, nemus\u00edte je zad\u00e1vat znovu. Pokud tomu tak nen\u00ed, m\u011bli byste zadat po\u017eadovan\u00e9 jm\u00e9no a \u010d\u00edslo.<\/p>\n<p>Tipy pro pran\u00ed: Doporu\u010dujeme pr\u00e1t fotbalov\u00e1 tri\u010dka v ruce. Pokud chcete pou\u017e\u00edt pra\u010dku, nezapome\u0148te fotbalov\u00e1 tri\u010dka obr\u00e1tit naruby a pot\u00e9 je vyprat. Pra\u010dku napl\u0148te studenou vodou a pou\u017eijte jemn\u00fd cyklus, abyste l\u00e9pe ochr\u00e1nili barvy.<\/p>","protected":false},"excerpt":{"rendered":"<p>Feuere die Reds mit dem a-didas Manchester United 21\/22 Ausweichtrikot an, das mit gewebten Vereinsdetails f\u00fcr einen traditionellen Look ausgestattet ist. Das adidas Manchester United 21\/22 Ausweichtrikot interpretiert einen Klassiker der fr\u00fchen 90er neu und l\u00e4sst sich von dem Ausw\u00e4rtstrikot inspirieren, das Uniteds talentierte junge Mannschaft trug, als sie eine aufregende neue \u00c4ra begann. Sein [&hellip;]<\/p>","protected":false},"featured_media":1210,"comment_status":"open","ping_status":"closed","template":"","meta":[],"product_brand":[],"product_cat":[50],"product_tag":[20,21,22,23,24,53,52],"class_list":{"0":"post-1166","1":"product","2":"type-product","3":"status-publish","4":"has-post-thumbnail","6":"product_cat-manchester-united","7":"product_tag-coole-fussballtrikots","8":"product_tag-fussballtrikot-fuer-herren","9":"product_tag-fussballtrikot-guenstig-kaufen","10":"product_tag-fussballtrikot-kurzarm","11":"product_tag-guenstiges-fussballtrikot","12":"product_tag-manchester-united-ausweichtrikot","13":"product_tag-manchester-united-trikots","15":"first","16":"instock","17":"shipping-taxable","18":"purchasable","19":"product-type-variable"},"_links":{"self":[{"href":"https:\/\/www.billigtrikotde.com\/cs\/wp-json\/wp\/v2\/product\/1166","targetHints":{"allow":["GET"]}}],"collection":[{"href":"https:\/\/www.billigtrikotde.com\/cs\/wp-json\/wp\/v2\/product"}],"about":[{"href":"https:\/\/www.billigtrikotde.com\/cs\/wp-json\/wp\/v2\/types\/product"}],"replies":[{"embeddable":true,"href":"https:\/\/www.billigtrikotde.com\/cs\/wp-json\/wp\/v2\/comments?post=1166"}],"wp:featuredmedia":[{"embeddable":true,"href":"https:\/\/www.billigtrikotde.com\/cs\/wp-json\/wp\/v2\/media\/1210"}],"wp:attachment":[{"href":"https:\/\/www.billigtrikotde.com\/cs\/wp-json\/wp\/v2\/media?parent=1166"}],"wp:term":[{"taxonomy":"product_brand","embeddable":true,"href":"https:\/\/www.billigtrikotde.com\/cs\/wp-json\/wp\/v2\/product_brand?post=1166"},{"taxonomy":"product_cat","embeddable":true,"href":"https:\/\/www.billigtrikotde.com\/cs\/wp-json\/wp\/v2\/product_cat?post=1166"},{"taxonomy":"product_tag","embeddable":true,"href":"https:\/\/www.billigtrikotde.com\/cs\/wp-json\/wp\/v2\/product_tag?post=1166"}],"curies":[{"name":"wp","href":"https:\/\/api.w.org\/{rel}","templated":true}]}}