{"id":11589,"date":"2024-10-24T04:22:43","date_gmt":"2024-10-24T02:22:43","guid":{"rendered":"http:\/\/billigtrikots.com\/?post_type=product&#038;p=11589"},"modified":"2024-10-24T04:25:28","modified_gmt":"2024-10-24T02:25:28","slug":"arias-4-herren-atletico-madrid-2023-auswaertstrikot-schwarz-kurzarm-kurze-hosen","status":"publish","type":"product","link":"https:\/\/www.billigtrikotde.com\/cs\/arias-4-herren-atletico-madrid-2023-auswaertstrikot-schwarz-kurzarm-kurze-hosen\/","title":{"rendered":"ARIAS 4 P\u00e1nsk\u00fd dres Atl\u00e9tico Madrid 2023 Away Jersey Black s kr\u00e1tk\u00fdm ruk\u00e1vem + \u0161ortky"},"content":{"rendered":"<p>Objevte venkovn\u00ed dres Atl\u00e9tico Madrid 2022\/2023. Hrd\u011b noste barvy sv\u00e9ho obl\u00edben\u00e9ho t\u00fdmu na h\u0159i\u0161ti nebo venku.<\/p>\n<p>Flexibiln\u00ed a lehk\u00fd dres s technologi\u00ed Nike Dri Fit, od\u011bv, kter\u00fd zabra\u0148uje pronik\u00e1n\u00ed potu b\u011bhem va\u0161eho z\u00e1pasu nebo tr\u00e9ninku. Z\u016fsta\u0148te such\u00ed po sv\u00e9m zrychlen\u00ed.<\/p>\n<p>P\u0159edstavte si, \u017ee v\u00e1s fanou\u0161ci Wanda Metropolitano budou povzbuzovat po skv\u011bl\u00e9m g\u00f3lu.<\/p>\n<p>Dres je inspirov\u00e1n dresy profesion\u00e1ln\u00edho t\u00fdmu b\u011bhem z\u00e1pas\u016f.<\/p>\n<p>Tipy pro tisk: Pokud jsou jm\u00e9no a \u010d\u00edslo na obr\u00e1zku p\u0159esn\u011b takov\u00e9, jak\u00e9 chcete, nemus\u00edte je zad\u00e1vat znovu. Pokud tomu tak nen\u00ed, m\u011bli byste zadat po\u017eadovan\u00e9 jm\u00e9no a \u010d\u00edslo.<\/p>\n<p>Tipy pro pran\u00ed: Doporu\u010dujeme pr\u00e1t fotbalov\u00e1 tri\u010dka v ruce. Pokud chcete pou\u017e\u00edt pra\u010dku, nezapome\u0148te fotbalov\u00e1 tri\u010dka obr\u00e1tit naruby a pot\u00e9 je vyprat. Pra\u010dku napl\u0148te studenou vodou a pou\u017eijte jemn\u00fd cyklus, abyste l\u00e9pe ochr\u00e1nili barvy.<\/p>","protected":false},"excerpt":{"rendered":"<p>Entdecke das Atl\u00e9tico Madrid 2022\/2023 Ausw\u00e4rtstrikot . Tragen Sie stolz die Farben Ihres Lieblingsteams auf dem Platz oder drau\u00dfen. Ein flexibles und leichtes Trikot mit Nike Dri Fit-Technologie, ein Kleidungsst\u00fcck, das verhindert, dass Schwei\u00df w\u00e4hrend Ihres Spiels oder Trainings eindringt. Bleiben Sie nach Ihren Beschleunigungen trocken. Stellen Sie sich vor, die Zuschauer von Wanda Metropolitano [&hellip;]<\/p>","protected":false},"featured_media":11633,"comment_status":"open","ping_status":"closed","template":"","meta":[],"product_brand":[],"product_cat":[88],"product_tag":[200,90,20,21,22,23,24],"class_list":{"0":"post-11589","1":"product","2":"type-product","3":"status-publish","4":"has-post-thumbnail","6":"product_cat-atletico-madrid","7":"product_tag-atletico-madrid-auswaertstrikot","8":"product_tag-atletico-madrid-trikots","9":"product_tag-coole-fussballtrikots","10":"product_tag-fussballtrikot-fuer-herren","11":"product_tag-fussballtrikot-guenstig-kaufen","12":"product_tag-fussballtrikot-kurzarm","13":"product_tag-guenstiges-fussballtrikot","15":"first","16":"instock","17":"shipping-taxable","18":"purchasable","19":"product-type-variable"},"_links":{"self":[{"href":"https:\/\/www.billigtrikotde.com\/cs\/wp-json\/wp\/v2\/product\/11589","targetHints":{"allow":["GET"]}}],"collection":[{"href":"https:\/\/www.billigtrikotde.com\/cs\/wp-json\/wp\/v2\/product"}],"about":[{"href":"https:\/\/www.billigtrikotde.com\/cs\/wp-json\/wp\/v2\/types\/product"}],"replies":[{"embeddable":true,"href":"https:\/\/www.billigtrikotde.com\/cs\/wp-json\/wp\/v2\/comments?post=11589"}],"wp:featuredmedia":[{"embeddable":true,"href":"https:\/\/www.billigtrikotde.com\/cs\/wp-json\/wp\/v2\/media\/11633"}],"wp:attachment":[{"href":"https:\/\/www.billigtrikotde.com\/cs\/wp-json\/wp\/v2\/media?parent=11589"}],"wp:term":[{"taxonomy":"product_brand","embeddable":true,"href":"https:\/\/www.billigtrikotde.com\/cs\/wp-json\/wp\/v2\/product_brand?post=11589"},{"taxonomy":"product_cat","embeddable":true,"href":"https:\/\/www.billigtrikotde.com\/cs\/wp-json\/wp\/v2\/product_cat?post=11589"},{"taxonomy":"product_tag","embeddable":true,"href":"https:\/\/www.billigtrikotde.com\/cs\/wp-json\/wp\/v2\/product_tag?post=11589"}],"curies":[{"name":"wp","href":"https:\/\/api.w.org\/{rel}","templated":true}]}}