{"id":11559,"date":"2024-10-24T04:20:58","date_gmt":"2024-10-24T02:20:58","guid":{"rendered":"http:\/\/billigtrikots.com\/?post_type=product&#038;p=11559"},"modified":"2024-10-24T04:23:41","modified_gmt":"2024-10-24T02:23:41","slug":"tottenham-hotspur-drittes-trikot-2023-hellblaue-kurzarm-trikotsatz-fuer-herren-dele-20","status":"publish","type":"product","link":"https:\/\/www.billigtrikotde.com\/cs\/tottenham-hotspur-drittes-trikot-2023-hellblaue-kurzarm-trikotsatz-fuer-herren-dele-20\/","title":{"rendered":"Tottenham Hotspur Third Jersey 2023 Light Blue Sada dres\u016f s kr\u00e1tk\u00fdm ruk\u00e1vem pro mu\u017ee DELE 20"},"content":{"rendered":"<p>T\u0159et\u00ed dres Nike Spurs 2022-23 se p\u0159edstavuje v t\u0159pytiv\u00e9m vzhledu v tmav\u011b tyrkysov\u00e9 barv\u011b s akcenty a v\u00fdztuhami v \u010dern\u00e9 a b\u00edl\u00e9.<\/p>\n<p>Nov\u00fd t\u0159et\u00ed dres Tottenham Hotspurs je charakteristick\u00fd abstraktn\u00edm grafick\u00fdm potiskem, kter\u00fd pokr\u00fdv\u00e1 celou p\u0159edn\u00ed stranu a ruk\u00e1vy a pravd\u011bpodobn\u011b i velkou \u010d\u00e1st, ne-li celou zadn\u00ed stranu. Loga jsou cel\u00e1 v b\u00edl\u00e9 barv\u011b, v\u010detn\u011b jednobarevn\u00e9ho zobrazen\u00ed Spurs znaku.<\/p>\n<p>V ofici\u00e1ln\u00edm ozn\u00e1men\u00ed se uv\u00e1d\u00ed, \u017ee grafika na p\u0159edn\u00ed stran\u011b t\u0159et\u00edho dresu Spurs 2022-2023 je inspirov\u00e1na \u201eneust\u00e1le se vyv\u00edjej\u00edc\u00edm DNA Tottenhamu a obl\u00edbenou \u0159adou Nike TN sneakers\u201c.<\/p>\n<p>Dopln\u011bn\u00edm vzhledu dresu Nike Tottenham 22-23 je \u010dern\u00fd kulat\u00fd l\u00edmec a man\u017eety na ruk\u00e1vech, kter\u00e9 jsou z poloviny \u010dern\u00e9 a z poloviny tmav\u011b tyrkysov\u00e9. Z hlediska \u0161ablony je t\u0159et\u00ed dres Nike Tottenham Hotspur F.C. 2022-2023 stejn\u00fd model jako dres 22-23.<\/p>\n<p>Tipy pro tisk: Pokud jsou jm\u00e9no a \u010d\u00edslo na obr\u00e1zku p\u0159esn\u011b takov\u00e9, jak\u00e9 chcete, nemus\u00edte je zad\u00e1vat znovu. Pokud tomu tak nen\u00ed, m\u011bli byste zadat po\u017eadovan\u00e9 jm\u00e9no a \u010d\u00edslo.<\/p>\n<p>Tipy pro pran\u00ed: Doporu\u010dujeme pr\u00e1t fotbalov\u00e1 tri\u010dka v ruce. Pokud chcete pou\u017e\u00edt pra\u010dku, nezapome\u0148te fotbalov\u00e1 tri\u010dka obr\u00e1tit naruby a pot\u00e9 je vyprat. Pra\u010dku napl\u0148te studenou vodou a pou\u017eijte jemn\u00fd cyklus, abyste l\u00e9pe ochr\u00e1nili barvy.<\/p>","protected":false},"excerpt":{"rendered":"<p>T\u0159et\u00ed dres Nike Spurs 2022-23 se p\u0159edstavuje v leskl\u00e9m vzhledu tmav\u011b tyrkysov\u00e9 barvy s akcenty a lemy v \u010dern\u00e9 a b\u00edl\u00e9. Nov\u00fd t\u0159et\u00ed dres Tottenham Hotspurs se vyzna\u010duje abstraktn\u00edm grafick\u00fdm potiskem, kter\u00fd pokr\u00fdv\u00e1 celou p\u0159edn\u00ed stranu a ruk\u00e1vy a pravd\u011bpodobn\u011b i velkou \u010d\u00e1st, ne-li celou [\u2026]<\/p>","protected":false},"featured_media":11602,"comment_status":"open","ping_status":"closed","template":"","meta":[],"product_brand":[],"product_cat":[178],"product_tag":[20,21,22,23,24,335,437,104],"class_list":{"0":"post-11559","1":"product","2":"type-product","3":"status-publish","4":"has-post-thumbnail","6":"product_cat-tottenham-hotspur","7":"product_tag-coole-fussballtrikots","8":"product_tag-fussballtrikot-fuer-herren","9":"product_tag-fussballtrikot-guenstig-kaufen","10":"product_tag-fussballtrikot-kurzarm","11":"product_tag-guenstiges-fussballtrikot","12":"product_tag-shop-tottenham-hotspur-trikot","13":"product_tag-tottenham-hotspur-ausweichtrikot","14":"product_tag-tottenham-hotspur-trikots","16":"first","17":"instock","18":"shipping-taxable","19":"purchasable","20":"product-type-variable"},"_links":{"self":[{"href":"https:\/\/www.billigtrikotde.com\/cs\/wp-json\/wp\/v2\/product\/11559","targetHints":{"allow":["GET"]}}],"collection":[{"href":"https:\/\/www.billigtrikotde.com\/cs\/wp-json\/wp\/v2\/product"}],"about":[{"href":"https:\/\/www.billigtrikotde.com\/cs\/wp-json\/wp\/v2\/types\/product"}],"replies":[{"embeddable":true,"href":"https:\/\/www.billigtrikotde.com\/cs\/wp-json\/wp\/v2\/comments?post=11559"}],"wp:featuredmedia":[{"embeddable":true,"href":"https:\/\/www.billigtrikotde.com\/cs\/wp-json\/wp\/v2\/media\/11602"}],"wp:attachment":[{"href":"https:\/\/www.billigtrikotde.com\/cs\/wp-json\/wp\/v2\/media?parent=11559"}],"wp:term":[{"taxonomy":"product_brand","embeddable":true,"href":"https:\/\/www.billigtrikotde.com\/cs\/wp-json\/wp\/v2\/product_brand?post=11559"},{"taxonomy":"product_cat","embeddable":true,"href":"https:\/\/www.billigtrikotde.com\/cs\/wp-json\/wp\/v2\/product_cat?post=11559"},{"taxonomy":"product_tag","embeddable":true,"href":"https:\/\/www.billigtrikotde.com\/cs\/wp-json\/wp\/v2\/product_tag?post=11559"}],"curies":[{"name":"wp","href":"https:\/\/api.w.org\/{rel}","templated":true}]}}