{"id":11516,"date":"2024-10-24T04:18:41","date_gmt":"2024-10-24T02:18:41","guid":{"rendered":"http:\/\/billigtrikots.com\/?post_type=product&#038;p=11516"},"modified":"2024-10-24T04:21:19","modified_gmt":"2024-10-24T02:21:19","slug":"kaufe-herren-tottenham-hotspur-2023-heim-trikot-weiss-marineblau-kane-10","status":"publish","type":"product","link":"https:\/\/www.billigtrikotde.com\/cs\/kaufe-herren-tottenham-hotspur-2023-heim-trikot-weiss-marineblau-kane-10\/","title":{"rendered":"Koupit P\u00e1nsk\u00fd dres Tottenham Hotspur 2023 Home Jersey white navy blue KANE 10"},"content":{"rendered":"<p>Dres Nike Tottenham Hotspur 22-23 je zalo\u017een na stejn\u00e9m \u0161ablon\u011b jako n\u011bkter\u00e9 jin\u00e9 dresy Nike 2022-23, nap\u0159\u00edklad od Chelsea a Hertha Berl\u00edn. Je p\u0159ev\u00e1\u017en\u011b b\u00edl\u00fd a m\u00e1 kulat\u00fd \u0161ev na hrudi.<\/p>\n<p>L\u00edmec a man\u017eety ruk\u00e1v\u016f dresu Nike Tottenham Hotspur 2022-23 jsou ob\u011b tmav\u011b modr\u00e9 s Volt linkou uprost\u0159ed.<\/p>\n<p>Vnit\u0159n\u00ed l\u00edmec dresu Nike Tottenham Hotspur 2022-23 je tak\u00e9 v Volt barv\u011b a zobrazuje \u0159adu n\u00e1pis\u016f SPURS v tmav\u011b modr\u00e9, jak vypln\u011bn\u00fdch, tak obrysu.<\/p>\n<p>Tipy pro tisk: Pokud jsou jm\u00e9no a \u010d\u00edslo na obr\u00e1zku p\u0159esn\u011b takov\u00e9, jak\u00e9 chcete, nemus\u00edte je zad\u00e1vat znovu. Pokud tomu tak nen\u00ed, m\u011bli byste zadat po\u017eadovan\u00e9 jm\u00e9no a \u010d\u00edslo.<\/p>\n<p>Tipy pro pran\u00ed: Doporu\u010dujeme pr\u00e1t fotbalov\u00e1 tri\u010dka v ruce. Pokud chcete pou\u017e\u00edt pra\u010dku, nezapome\u0148te fotbalov\u00e1 tri\u010dka obr\u00e1tit naruby a pot\u00e9 je vyprat. Pra\u010dku napl\u0148te studenou vodou a pou\u017eijte jemn\u00fd cyklus, abyste l\u00e9pe ochr\u00e1nili barvy.<\/p>","protected":false},"excerpt":{"rendered":"<p>Das Nike Tottenham Hotspur 22-23 Trikot basiert auf der gleichen Template wie einige andere Nike 2022-23 Trikots, z.B. das von Chelsea und Hertha Berlin. Es ist \u00fcberwiegend wei\u00df und hat eine runde Naht auf der Brust. Der Kragen und die \u00c4rmelb\u00fcndchen des Nike Tottenham Hotspur 2022-23 Heimtrikots sind beide marineblau mit einer Volt-Linie in der [\u2026]<\/p>","protected":false},"featured_media":11553,"comment_status":"open","ping_status":"closed","template":"","meta":[],"product_brand":[],"product_cat":[178],"product_tag":[20,21,22,23,24,335,106,104],"class_list":{"0":"post-11516","1":"product","2":"type-product","3":"status-publish","4":"has-post-thumbnail","6":"product_cat-tottenham-hotspur","7":"product_tag-coole-fussballtrikots","8":"product_tag-fussballtrikot-fuer-herren","9":"product_tag-fussballtrikot-guenstig-kaufen","10":"product_tag-fussballtrikot-kurzarm","11":"product_tag-guenstiges-fussballtrikot","12":"product_tag-shop-tottenham-hotspur-trikot","13":"product_tag-tottenham-hotspur-heimtrikot","14":"product_tag-tottenham-hotspur-trikots","16":"first","17":"instock","18":"shipping-taxable","19":"purchasable","20":"product-type-variable"},"_links":{"self":[{"href":"https:\/\/www.billigtrikotde.com\/cs\/wp-json\/wp\/v2\/product\/11516","targetHints":{"allow":["GET"]}}],"collection":[{"href":"https:\/\/www.billigtrikotde.com\/cs\/wp-json\/wp\/v2\/product"}],"about":[{"href":"https:\/\/www.billigtrikotde.com\/cs\/wp-json\/wp\/v2\/types\/product"}],"replies":[{"embeddable":true,"href":"https:\/\/www.billigtrikotde.com\/cs\/wp-json\/wp\/v2\/comments?post=11516"}],"wp:featuredmedia":[{"embeddable":true,"href":"https:\/\/www.billigtrikotde.com\/cs\/wp-json\/wp\/v2\/media\/11553"}],"wp:attachment":[{"href":"https:\/\/www.billigtrikotde.com\/cs\/wp-json\/wp\/v2\/media?parent=11516"}],"wp:term":[{"taxonomy":"product_brand","embeddable":true,"href":"https:\/\/www.billigtrikotde.com\/cs\/wp-json\/wp\/v2\/product_brand?post=11516"},{"taxonomy":"product_cat","embeddable":true,"href":"https:\/\/www.billigtrikotde.com\/cs\/wp-json\/wp\/v2\/product_cat?post=11516"},{"taxonomy":"product_tag","embeddable":true,"href":"https:\/\/www.billigtrikotde.com\/cs\/wp-json\/wp\/v2\/product_tag?post=11516"}],"curies":[{"name":"wp","href":"https:\/\/api.w.org\/{rel}","templated":true}]}}