{"id":11500,"date":"2024-10-24T04:17:41","date_gmt":"2024-10-24T02:17:41","guid":{"rendered":"http:\/\/billigtrikots.com\/?post_type=product&#038;p=11500"},"modified":"2024-10-24T04:20:16","modified_gmt":"2024-10-24T02:20:16","slug":"fussballtrikots-guenstig-2023-al-nassr-fc-cristiano-fotballdrakter-fuer-herren-ronaldo-7","status":"publish","type":"product","link":"https:\/\/www.billigtrikotde.com\/cs\/fussballtrikots-guenstig-2023-al-nassr-fc-cristiano-fotballdrakter-fuer-herren-ronaldo-7\/","title":{"rendered":"Fotbalov\u00e9 ko\u0161ile levn\u00e9 2023 Al-Nassr FC Cristiano Fotballdrakter pro mu\u017ee Ronaldo 7"},"content":{"rendered":"<p>Cristiano Ronaldo dokon\u010dil sv\u016fj p\u0159estup do sa\u00fadskoarabsk\u00e9ho klubu Al-Nassr a samoz\u0159ejm\u011b bude nosit dres s \u010d\u00edslem 7, kter\u00e9 nosil ve v\u0161ech klubech od sv\u00e9ho p\u0159\u00edchodu do Manchesteru United v roce 2003. Sa\u00fadsk\u00e1 zna\u010dka sportovn\u00edho oble\u010den\u00ed Duneus vyr\u00e1b\u00ed soupravy Al-Nassr a pro sez\u00f3nu 22-23 vydala \u010dty\u0159i soupravy.<\/p>\n<p>Tipy pro tisk: Pokud jsou jm\u00e9no a \u010d\u00edslo na obr\u00e1zku p\u0159esn\u011b takov\u00e9, jak\u00e9 chcete, nemus\u00edte je zad\u00e1vat znovu. Pokud tomu tak nen\u00ed, m\u011bli byste zadat po\u017eadovan\u00e9 jm\u00e9no a \u010d\u00edslo.<\/p>\n<p>Tipy pro pran\u00ed: Doporu\u010dujeme pr\u00e1t fotbalov\u00e1 tri\u010dka v ruce. Pokud chcete pou\u017e\u00edt pra\u010dku, nezapome\u0148te fotbalov\u00e1 tri\u010dka obr\u00e1tit naruby a pot\u00e9 je vyprat. Pra\u010dku napl\u0148te studenou vodou a pou\u017eijte jemn\u00fd cyklus, abyste l\u00e9pe ochr\u00e1nili barvy.<\/p>","protected":false},"excerpt":{"rendered":"<p>Ronaldo erh\u00e4lt Trikot mit der Nummer 7 bei Al-Nassr.Cristiano Ronaldo hat seinen Wechsel zum saudi-arabischen Erstligisten Al-Nassr vollzogen und wird nat\u00fcrlich das Trikot mit der Nummer 7 tragen, das er seit seinem Wechsel zu Manchester United im Jahr 2003 bei jedem Verein getragen hat. Die saudische Sportbekleidungsmarke Duneus stellt die Trikots von Al-Nassr her und [&hellip;]<\/p>","protected":false},"featured_media":11542,"comment_status":"open","ping_status":"closed","template":"","meta":[],"product_brand":[],"product_cat":[433],"product_tag":[434,20,435,215,21,22,23,24,436],"class_list":{"0":"post-11500","1":"product","2":"type-product","3":"status-publish","4":"has-post-thumbnail","6":"product_cat-al-nassr-fc","7":"product_tag-al-nassr-fc-cristiano-ronaldo-7-home-trikot","8":"product_tag-coole-fussballtrikots","9":"product_tag-cristiano-ronaldo-al-nassr","10":"product_tag-fussball-trikot-kurzarm","11":"product_tag-fussballtrikot-fuer-herren","12":"product_tag-fussballtrikot-guenstig-kaufen","13":"product_tag-fussballtrikot-kurzarm","14":"product_tag-guenstiges-fussballtrikot","15":"product_tag-ronaldo-trikot","17":"first","18":"instock","19":"featured","20":"shipping-taxable","21":"purchasable","22":"product-type-variable"},"_links":{"self":[{"href":"https:\/\/www.billigtrikotde.com\/cs\/wp-json\/wp\/v2\/product\/11500","targetHints":{"allow":["GET"]}}],"collection":[{"href":"https:\/\/www.billigtrikotde.com\/cs\/wp-json\/wp\/v2\/product"}],"about":[{"href":"https:\/\/www.billigtrikotde.com\/cs\/wp-json\/wp\/v2\/types\/product"}],"replies":[{"embeddable":true,"href":"https:\/\/www.billigtrikotde.com\/cs\/wp-json\/wp\/v2\/comments?post=11500"}],"wp:featuredmedia":[{"embeddable":true,"href":"https:\/\/www.billigtrikotde.com\/cs\/wp-json\/wp\/v2\/media\/11542"}],"wp:attachment":[{"href":"https:\/\/www.billigtrikotde.com\/cs\/wp-json\/wp\/v2\/media?parent=11500"}],"wp:term":[{"taxonomy":"product_brand","embeddable":true,"href":"https:\/\/www.billigtrikotde.com\/cs\/wp-json\/wp\/v2\/product_brand?post=11500"},{"taxonomy":"product_cat","embeddable":true,"href":"https:\/\/www.billigtrikotde.com\/cs\/wp-json\/wp\/v2\/product_cat?post=11500"},{"taxonomy":"product_tag","embeddable":true,"href":"https:\/\/www.billigtrikotde.com\/cs\/wp-json\/wp\/v2\/product_tag?post=11500"}],"curies":[{"name":"wp","href":"https:\/\/api.w.org\/{rel}","templated":true}]}}