{"id":11468,"date":"2024-10-24T04:15:58","date_gmt":"2024-10-24T02:15:58","guid":{"rendered":"http:\/\/billigtrikots.com\/?post_type=product&#038;p=11468"},"modified":"2024-10-24T04:18:35","modified_gmt":"2024-10-24T02:18:35","slug":"kinder-heimtrikot-mexiko-wm-2022-gruen-trikotsatz-kit-mit-aufdruck-a-guardado-18","status":"publish","type":"product","link":"https:\/\/www.billigtrikotde.com\/cs\/kinder-heimtrikot-mexiko-wm-2022-gruen-trikotsatz-kit-mit-aufdruck-a-guardado-18\/","title":{"rendered":"D\u011btsk\u00e1 dom\u00e1c\u00ed souprava Mexico World Cup 2022 green jersey kit with print A.GUARDADO 18"},"content":{"rendered":"<p>Dres Mexika pro mistrovstv\u00ed sv\u011bta 2022 bude m\u00edt design inspirovan\u00fd starov\u011bk\u00fdmi tradicemi. Vytvo\u0159ili jsme model, jak by mohl vypadat dres pro mistrovstv\u00ed sv\u011bta 2022 v Mexiku, kter\u00fd kombinuje zelenou z\u00e1kladn\u00ed barvu s pravd\u011bpodobn\u011b \u010derven\u00fdmi a b\u00edl\u00fdmi aplikacemi. To, co d\u011bl\u00e1 dres jedine\u010dn\u00fdm, je speci\u00e1ln\u00ed vzor na dresu.<br \/>\nMexick\u00fd dres pro mistrovstv\u00ed sv\u011bta 2022 bude m\u00edt grafiku inspirovanou starov\u011bkou azt\u00e9ckou zbroj\u00ed a zejm\u00e9na p\u00e9rem Quetzalcoatla. Quetzalcoatl (\"ope\u0159en\u00fd had\" nebo \"ope\u0159en\u00fd had\") je nahuatlsk\u00e9 jm\u00e9no pro ope\u0159en\u00e9 had\u00ed bo\u017estvo starov\u011bk\u00e9 mezoamerick\u00e9 kultury. stejn\u011b jako v\u0161echny ostatn\u00ed dresy Adidas pro mistrovstv\u00ed sv\u011bta 2022 je i dres Mexiko 2022 opat\u0159en nov\u00fdm logem Adidas. Je na n\u011bm tak\u00e9 nov\u00fd znak Mexick\u00e9 fotbalov\u00e9 federace (FMF).<\/p>\n<p>Tipy pro tisk: Pokud jsou jm\u00e9no a \u010d\u00edslo na obr\u00e1zku p\u0159esn\u011b takov\u00e9, jak\u00e9 chcete, nemus\u00edte je zad\u00e1vat znovu. Pokud tomu tak nen\u00ed, m\u011bli byste zadat po\u017eadovan\u00e9 jm\u00e9no a \u010d\u00edslo.<\/p>\n<p>Tipy pro pran\u00ed: Doporu\u010dujeme pr\u00e1t fotbalov\u00e1 tri\u010dka v ruce. Pokud chcete pou\u017e\u00edt pra\u010dku, nezapome\u0148te fotbalov\u00e1 tri\u010dka obr\u00e1tit naruby a pot\u00e9 je vyprat. Pra\u010dku napl\u0148te studenou vodou a pou\u017eijte jemn\u00fd cyklus, abyste l\u00e9pe ochr\u00e1nili barvy.<\/p>","protected":false},"excerpt":{"rendered":"<p>Mexikos Trikot f\u00fcr die WM 2022 soll ein Design haben, das von alten Traditionen inspiriert ist, so wurde bekannt. Wir haben ein Modell erstellt, wie das Trikot f\u00fcr die WM 2022 in Mexiko aussehen k\u00f6nnte.Das Trikot von Mexiko 2022 kombiniert eine gr\u00fcne Grundfarbe mit wahrscheinlich roten und wei\u00dfen Applikationen. Was das Trikot einzigartig macht, ist [&hellip;]<\/p>","protected":false},"featured_media":11505,"comment_status":"open","ping_status":"closed","template":"","meta":[],"product_brand":[],"product_cat":[251],"product_tag":[20,21,22,23,24,252,253,254],"class_list":{"0":"post-11468","1":"product","2":"type-product","3":"status-publish","4":"has-post-thumbnail","6":"product_cat-mexiko-trikots","7":"product_tag-coole-fussballtrikots","8":"product_tag-fussballtrikot-fuer-herren","9":"product_tag-fussballtrikot-guenstig-kaufen","10":"product_tag-fussballtrikot-kurzarm","11":"product_tag-guenstiges-fussballtrikot","12":"product_tag-mexiko-2022-trikots","13":"product_tag-mexiko-heimtrikot","14":"product_tag-mexiko-trikot-schwarz","16":"first","17":"instock","18":"shipping-taxable","19":"purchasable","20":"product-type-variable"},"_links":{"self":[{"href":"https:\/\/www.billigtrikotde.com\/cs\/wp-json\/wp\/v2\/product\/11468","targetHints":{"allow":["GET"]}}],"collection":[{"href":"https:\/\/www.billigtrikotde.com\/cs\/wp-json\/wp\/v2\/product"}],"about":[{"href":"https:\/\/www.billigtrikotde.com\/cs\/wp-json\/wp\/v2\/types\/product"}],"replies":[{"embeddable":true,"href":"https:\/\/www.billigtrikotde.com\/cs\/wp-json\/wp\/v2\/comments?post=11468"}],"wp:featuredmedia":[{"embeddable":true,"href":"https:\/\/www.billigtrikotde.com\/cs\/wp-json\/wp\/v2\/media\/11505"}],"wp:attachment":[{"href":"https:\/\/www.billigtrikotde.com\/cs\/wp-json\/wp\/v2\/media?parent=11468"}],"wp:term":[{"taxonomy":"product_brand","embeddable":true,"href":"https:\/\/www.billigtrikotde.com\/cs\/wp-json\/wp\/v2\/product_brand?post=11468"},{"taxonomy":"product_cat","embeddable":true,"href":"https:\/\/www.billigtrikotde.com\/cs\/wp-json\/wp\/v2\/product_cat?post=11468"},{"taxonomy":"product_tag","embeddable":true,"href":"https:\/\/www.billigtrikotde.com\/cs\/wp-json\/wp\/v2\/product_tag?post=11468"}],"curies":[{"name":"wp","href":"https:\/\/api.w.org\/{rel}","templated":true}]}}