{"id":11354,"date":"2024-10-24T04:09:16","date_gmt":"2024-10-24T02:09:16","guid":{"rendered":"http:\/\/billigtrikots.com\/?post_type=product&#038;p=11354"},"modified":"2024-10-24T04:11:53","modified_gmt":"2024-10-24T02:11:53","slug":"brasilien-wm-2022-trikot-gelb-t-shirt-fuer-herren-antony-18","status":"publish","type":"product","link":"https:\/\/www.billigtrikotde.com\/cs\/brasilien-wm-2022-trikot-gelb-t-shirt-fuer-herren-antony-18\/","title":{"rendered":"Mistrovstv\u00ed sv\u011bta ve fotbale Braz\u00edlie 2022 \u017elut\u00e9 tri\u010dko pro mu\u017ee ANTONY 18"},"content":{"rendered":"<p>Fotbalov\u00fd dres Nike Brazil 2022 World Cup vym\u011b\u0148uje klasickou \u017elutou barvu za jasn\u011b \u017elutou, ofici\u00e1ln\u011b naz\u00fdvanou \"Dynamic Yellow\". Co se t\u00fd\u010de designu, dres Brazil 2022 World Cup m\u00e1 mal\u00fd tradi\u010dn\u00ed l\u00edmec, kter\u00fd je zbarven do zelena a zdob\u00ed ho modr\u00fd pruh. Jemn\u00fd leopard\u00ed vzor na p\u0159edn\u00ed a zadn\u00ed stran\u011b dresu a na ruk\u00e1vech sjednocuje design s designem dresu pro hosty na mistrovstv\u00ed sv\u011bta 2022 v Braz\u00edlii.<\/p>\n<p>Tipy pro tisk: Pokud jsou jm\u00e9no a \u010d\u00edslo na obr\u00e1zku p\u0159esn\u011b takov\u00e9, jak\u00e9 chcete, nemus\u00edte je zad\u00e1vat znovu. Pokud tomu tak nen\u00ed, m\u011bli byste zadat po\u017eadovan\u00e9 jm\u00e9no a \u010d\u00edslo.<\/p>\n<p>Tipy pro pran\u00ed: Doporu\u010dujeme pr\u00e1t fotbalov\u00e1 tri\u010dka v ruce. Pokud chcete pou\u017e\u00edt pra\u010dku, nezapome\u0148te fotbalov\u00e1 tri\u010dka obr\u00e1tit naruby a pot\u00e9 je vyprat. Pra\u010dku napl\u0148te studenou vodou a pou\u017eijte jemn\u00fd cyklus, abyste l\u00e9pe ochr\u00e1nili barvy.<\/p>","protected":false},"excerpt":{"rendered":"<p>Das Nike Brasilien 2022 WM-Fu\u00dfballtrikot tauscht das klassische Gelb gegen ein leuchtendes Gelb, offiziell \u201eDynamic Yellow\u201c.Was das Design angeht, hat das Brasilien 2022 WM Trikot einen kleinen traditionellen Kragen, der gr\u00fcn gef\u00e4rbt und mit einem blauen Streifen verziert ist. Ein dezentes Leopardenmuster auf der Vorder- und R\u00fcckseite sowie auf den \u00c4rmeln vereint das Design mit [&hellip;]<\/p>","protected":false},"featured_media":11395,"comment_status":"open","ping_status":"closed","template":"","meta":[],"product_brand":[],"product_cat":[112],"product_tag":[20,430,431,432,113,114,222,21,22,23,24],"class_list":{"0":"post-11354","1":"product","2":"type-product","3":"status-publish","4":"has-post-thumbnail","6":"product_cat-brasilien-trikots","7":"product_tag-coole-fussballtrikots","8":"product_tag-brasilien-2022-wm-fussballtrikot","9":"product_tag-brasilien-2022-wm-trikot","10":"product_tag-brasilien-2022-world-cup-heimtrikot","11":"product_tag-brasilien-heimtrikot","12":"product_tag-brasilien-trikots","13":"product_tag-fussball-wm-2022-trikots","14":"product_tag-fussballtrikot-fuer-herren","15":"product_tag-fussballtrikot-guenstig-kaufen","16":"product_tag-fussballtrikot-kurzarm","17":"product_tag-guenstiges-fussballtrikot","19":"first","20":"instock","21":"shipping-taxable","22":"purchasable","23":"product-type-variable"},"_links":{"self":[{"href":"https:\/\/www.billigtrikotde.com\/cs\/wp-json\/wp\/v2\/product\/11354","targetHints":{"allow":["GET"]}}],"collection":[{"href":"https:\/\/www.billigtrikotde.com\/cs\/wp-json\/wp\/v2\/product"}],"about":[{"href":"https:\/\/www.billigtrikotde.com\/cs\/wp-json\/wp\/v2\/types\/product"}],"replies":[{"embeddable":true,"href":"https:\/\/www.billigtrikotde.com\/cs\/wp-json\/wp\/v2\/comments?post=11354"}],"wp:featuredmedia":[{"embeddable":true,"href":"https:\/\/www.billigtrikotde.com\/cs\/wp-json\/wp\/v2\/media\/11395"}],"wp:attachment":[{"href":"https:\/\/www.billigtrikotde.com\/cs\/wp-json\/wp\/v2\/media?parent=11354"}],"wp:term":[{"taxonomy":"product_brand","embeddable":true,"href":"https:\/\/www.billigtrikotde.com\/cs\/wp-json\/wp\/v2\/product_brand?post=11354"},{"taxonomy":"product_cat","embeddable":true,"href":"https:\/\/www.billigtrikotde.com\/cs\/wp-json\/wp\/v2\/product_cat?post=11354"},{"taxonomy":"product_tag","embeddable":true,"href":"https:\/\/www.billigtrikotde.com\/cs\/wp-json\/wp\/v2\/product_tag?post=11354"}],"curies":[{"name":"wp","href":"https:\/\/api.w.org\/{rel}","templated":true}]}}