{"id":11257,"date":"2024-10-24T04:03:21","date_gmt":"2024-10-24T02:03:21","guid":{"rendered":"http:\/\/billigtrikots.com\/?post_type=product&#038;p=11257"},"modified":"2024-10-24T04:05:48","modified_gmt":"2024-10-24T02:05:48","slug":"herren-brasilien-wm-2022-auswaertstrikot-blaue-fussballtrikots-set-kaka10","status":"publish","type":"product","link":"https:\/\/www.billigtrikotde.com\/cs\/herren-brasilien-wm-2022-auswaertstrikot-blaue-fussballtrikots-set-kaka10\/","title":{"rendered":"P\u00e1nsk\u00e1 souprava pro mistrovstv\u00ed sv\u011bta ve fotbale v Braz\u00edlii 2022, modr\u00e1 fotbalov\u00e1 souprava KAKA'10"},"content":{"rendered":"<p>Dres na venkovn\u00ed z\u00e1pas Mistrovstv\u00ed sv\u011bta Nike Braz\u00edlie 2022 kombinuje modrou z\u00e1kladn\u00ed barvu s sv\u011btle zelen\u00fdm Swoosh. Ofici\u00e1ln\u00ed barvy jsou \u201eParamount Blue\/Dynamic Yellow\/Green Spark\u201c. B\u00edl\u00e1 tri\u010dka a modr\u00e9 tren\u00fdrky dopl\u0148uj\u00ed dres na venkovn\u00ed z\u00e1pas Mistrovstv\u00ed sv\u011bta Braz\u00edlie 2022.<\/p>\n<p>Tipy pro tisk: Pokud jsou jm\u00e9no a \u010d\u00edslo na obr\u00e1zku p\u0159esn\u011b takov\u00e9, jak\u00e9 chcete, nemus\u00edte je zad\u00e1vat znovu. Pokud tomu tak nen\u00ed, m\u011bli byste zadat po\u017eadovan\u00e9 jm\u00e9no a \u010d\u00edslo.<\/p>\n<p>Tipy pro pran\u00ed: Doporu\u010dujeme pr\u00e1t fotbalov\u00e1 tri\u010dka v ruce. Pokud chcete pou\u017e\u00edt pra\u010dku, nezapome\u0148te fotbalov\u00e1 tri\u010dka obr\u00e1tit naruby a pot\u00e9 je vyprat. Pra\u010dku napl\u0148te studenou vodou a pou\u017eijte jemn\u00fd cyklus, abyste l\u00e9pe ochr\u00e1nili barvy.<\/p>","protected":false},"excerpt":{"rendered":"<p>Nike Brasilie 2022 World Cup venkovn\u00ed dres od\u011bn\u00ed kombinuje modrou z\u00e1kladn\u00ed barvu s sv\u011btle zelen\u00fdm Swooshem. Ofici\u00e1ln\u00ed barvy jsou \u201eParamount Blue\/Dynamic Yellow\/Green Spark\u201c. B\u00edl\u00e9 kalhoty a modr\u00e9 n\u00e1vleky dopl\u0148uj\u00ed Brasilie 2022 World Cup venkovn\u00ed dres. Tipy k tisku: Pokud jm\u00e9no a \u010d\u00edslo na sn\u00edmku p\u0159esn\u011b odpov\u00eddaj\u00ed va\u0161im po\u017eadavk\u016fm, nemus\u00edte je znovu zad\u00e1vat. [\u2026]<\/p>","protected":false},"featured_media":11297,"comment_status":"open","ping_status":"closed","template":"","meta":[],"product_brand":[],"product_cat":[112],"product_tag":[20,429,210,114,222,21,22,23,24],"class_list":{"0":"post-11257","1":"product","2":"type-product","3":"status-publish","4":"has-post-thumbnail","6":"product_cat-brasilien-trikots","7":"product_tag-coole-fussballtrikots","8":"product_tag-brasilien-2022-world-cup-auswaertstrikot","9":"product_tag-brasilien-auswaertstrikot","10":"product_tag-brasilien-trikots","11":"product_tag-fussball-wm-2022-trikots","12":"product_tag-fussballtrikot-fuer-herren","13":"product_tag-fussballtrikot-guenstig-kaufen","14":"product_tag-fussballtrikot-kurzarm","15":"product_tag-guenstiges-fussballtrikot","17":"first","18":"instock","19":"shipping-taxable","20":"purchasable","21":"product-type-variable"},"_links":{"self":[{"href":"https:\/\/www.billigtrikotde.com\/cs\/wp-json\/wp\/v2\/product\/11257","targetHints":{"allow":["GET"]}}],"collection":[{"href":"https:\/\/www.billigtrikotde.com\/cs\/wp-json\/wp\/v2\/product"}],"about":[{"href":"https:\/\/www.billigtrikotde.com\/cs\/wp-json\/wp\/v2\/types\/product"}],"replies":[{"embeddable":true,"href":"https:\/\/www.billigtrikotde.com\/cs\/wp-json\/wp\/v2\/comments?post=11257"}],"wp:featuredmedia":[{"embeddable":true,"href":"https:\/\/www.billigtrikotde.com\/cs\/wp-json\/wp\/v2\/media\/11297"}],"wp:attachment":[{"href":"https:\/\/www.billigtrikotde.com\/cs\/wp-json\/wp\/v2\/media?parent=11257"}],"wp:term":[{"taxonomy":"product_brand","embeddable":true,"href":"https:\/\/www.billigtrikotde.com\/cs\/wp-json\/wp\/v2\/product_brand?post=11257"},{"taxonomy":"product_cat","embeddable":true,"href":"https:\/\/www.billigtrikotde.com\/cs\/wp-json\/wp\/v2\/product_cat?post=11257"},{"taxonomy":"product_tag","embeddable":true,"href":"https:\/\/www.billigtrikotde.com\/cs\/wp-json\/wp\/v2\/product_tag?post=11257"}],"curies":[{"name":"wp","href":"https:\/\/api.w.org\/{rel}","templated":true}]}}