{"id":11099,"date":"2024-10-24T03:53:57","date_gmt":"2024-10-24T01:53:57","guid":{"rendered":"http:\/\/billigtrikots.com\/?post_type=product&#038;p=11099"},"modified":"2024-10-24T03:56:30","modified_gmt":"2024-10-24T01:56:30","slug":"neuen-herren-paris-saint-germain-psg-2022-23-heimtrikot-blau-mit-aufdruck-dagba-31","status":"publish","type":"product","link":"https:\/\/www.billigtrikotde.com\/cs\/neuen-herren-paris-saint-germain-psg-2022-23-heimtrikot-blau-mit-aufdruck-dagba-31\/","title":{"rendered":"Nov\u00fd p\u00e1nsk\u00fd dres Paris Saint Germain PSG 2022-23 Home Jersey modr\u00fd s potiskem DAGBA 31"},"content":{"rendered":"<p>Po jednobarevn\u00e9m dresu z roku 21-22 je dres Nike PSG 2022-23 modr\u00fd s b\u00edl\u00fdm st\u0159edov\u00fdm pruhem, kter\u00fd je obklopen ten\u010d\u00edmi \u010derven\u00fdmi pruhy \u2013 obr\u00e1cen\u00fd hechter, pokud chce\u0161. Zadn\u00ed strana je jednobarevn\u011b modr\u00e1. Loga na dresu Paris Saint-Germain 22-23 jsou um\u00edst\u011bna uprost\u0159ed, p\u0159i\u010dem\u017e Swoosh je vid\u011bt pod klubov\u00fdm znakem. \u0160ablona pro dres Nike PSG 2022-23 se zd\u00e1 b\u00fdt stejn\u00e1 jako ta pro dres Tottenhamu.<\/p>\n<p>Tipy pro tisk: Pokud jsou jm\u00e9no a \u010d\u00edslo na obr\u00e1zku p\u0159esn\u011b takov\u00e9, jak\u00e9 chcete, nemus\u00edte je zad\u00e1vat znovu. Pokud tomu tak nen\u00ed, m\u011bli byste zadat po\u017eadovan\u00e9 jm\u00e9no a \u010d\u00edslo.<\/p>\n<p>Tipy pro pran\u00ed: Doporu\u010dujeme pr\u00e1t fotbalov\u00e1 tri\u010dka v ruce. Pokud chcete pou\u017e\u00edt pra\u010dku, nezapome\u0148te fotbalov\u00e1 tri\u010dka obr\u00e1tit naruby a pot\u00e9 je vyprat. Pra\u010dku napl\u0148te studenou vodou a pou\u017eijte jemn\u00fd cyklus, abyste l\u00e9pe ochr\u00e1nili barvy.<\/p>","protected":false},"excerpt":{"rendered":"<p>Po jednofarebn\u00e9m dresu z roku 21-22 je Nike PSG dres 2022-23 modr\u00fd s b\u00edl\u00fdm st\u0159edov\u00fdm pruhem, kter\u00fd je obklopen tenk\u00fdmi \u010derven\u00fdmi pruhy \u2013 obr\u00e1cen\u00fd hv\u011bzda, pokud tak chcete \u0159\u00edct. Zadn\u00ed strana je jednobarevn\u011b modr\u00e1. Loga na dresu Paris Saint-Germain 22-23 jsou um\u00edst\u011bna ve st\u0159edu, Swoosh je vid\u011bt pod klubov\u00fdm znakem [\u2026]<\/p>","protected":false},"featured_media":11140,"comment_status":"open","ping_status":"closed","template":"","meta":[],"product_brand":[],"product_cat":[39],"product_tag":[286,20,395,43,21,22,426,24,41,244,290],"class_list":{"0":"post-11099","1":"product","2":"type-product","3":"status-publish","4":"has-post-thumbnail","6":"product_cat-paris-saint-germain","7":"product_tag-alle-neuen-psg-trikots","8":"product_tag-coole-fussballtrikots","9":"product_tag-fussball-langarmtrikots","10":"product_tag-fussballkleidung","11":"product_tag-fussballtrikot-fuer-herren","12":"product_tag-fussballtrikot-guenstig-kaufen","13":"product_tag-fussballtrikots-kurzarm","14":"product_tag-guenstiges-fussballtrikot","15":"product_tag-paris-saint-germain-trikots","16":"product_tag-psg-trikot-2022-23","17":"product_tag-psg-trikot-2022-23-fussballtrikots","19":"first","20":"instock","21":"shipping-taxable","22":"purchasable","23":"product-type-variable"},"_links":{"self":[{"href":"https:\/\/www.billigtrikotde.com\/cs\/wp-json\/wp\/v2\/product\/11099","targetHints":{"allow":["GET"]}}],"collection":[{"href":"https:\/\/www.billigtrikotde.com\/cs\/wp-json\/wp\/v2\/product"}],"about":[{"href":"https:\/\/www.billigtrikotde.com\/cs\/wp-json\/wp\/v2\/types\/product"}],"replies":[{"embeddable":true,"href":"https:\/\/www.billigtrikotde.com\/cs\/wp-json\/wp\/v2\/comments?post=11099"}],"wp:featuredmedia":[{"embeddable":true,"href":"https:\/\/www.billigtrikotde.com\/cs\/wp-json\/wp\/v2\/media\/11140"}],"wp:attachment":[{"href":"https:\/\/www.billigtrikotde.com\/cs\/wp-json\/wp\/v2\/media?parent=11099"}],"wp:term":[{"taxonomy":"product_brand","embeddable":true,"href":"https:\/\/www.billigtrikotde.com\/cs\/wp-json\/wp\/v2\/product_brand?post=11099"},{"taxonomy":"product_cat","embeddable":true,"href":"https:\/\/www.billigtrikotde.com\/cs\/wp-json\/wp\/v2\/product_cat?post=11099"},{"taxonomy":"product_tag","embeddable":true,"href":"https:\/\/www.billigtrikotde.com\/cs\/wp-json\/wp\/v2\/product_tag?post=11099"}],"curies":[{"name":"wp","href":"https:\/\/api.w.org\/{rel}","templated":true}]}}