{"id":11085,"date":"2024-10-24T03:52:55","date_gmt":"2024-10-24T01:52:55","guid":{"rendered":"http:\/\/billigtrikots.com\/?post_type=product&#038;p=11085"},"modified":"2024-10-24T03:55:58","modified_gmt":"2024-10-24T01:55:58","slug":"kinder-portugal-heimtrikot-t-shirt-fussball-wm-2022-rot-gruen-trikotsatz-kit-b-fernandes-8","status":"publish","type":"product","link":"https:\/\/www.billigtrikotde.com\/cs\/kinder-portugal-heimtrikot-t-shirt-fussball-wm-2022-rot-gruen-trikotsatz-kit-b-fernandes-8\/","title":{"rendered":"D\u011bti Portugal dom\u00e1c\u00ed dres tri\u010dko fotbalov\u00fd sv\u011btov\u00fd \u0161ampion\u00e1t 2022 \u010derven\u00e1 zelen\u00e1 trikostav SADA B.FERNANDES 8"},"content":{"rendered":"<p>Dres Nike Portugal 2022 je p\u0159ev\u00e1\u017en\u011b \u010derven\u00fd (\"Pepper Red\"), kombinovan\u00fd se zelenou barvou v diagon\u00e1ln\u00edm designu a la Monako a \u017elutozlat\u00fdmi logy (\"Gold Dart\").<\/p>\n<p>Neobvykl\u00fd vzhled a prvn\u00ed v historii t\u00fdmu: dres pro mistrovstv\u00ed sv\u011bta 2022 v Portugalsku m\u00e1 na p\u0159edn\u00ed i zadn\u00ed stran\u011b diagon\u00e1ln\u00ed zelenou grafiku. Pokra\u010duje dokonce i na prav\u00e9m ruk\u00e1vu. Tento vzhled m\u00e1 podle ofici\u00e1ln\u00ed tiskov\u00e9 zpr\u00e1vy napodobovat vlajku, kter\u00e1 se ov\u00edj\u00ed kolem t\u011bla.<\/p>\n<p>Stejn\u011b jako na Euru 2020 kombinuje Nike dres Nike Portugal 2022 se zelen\u00fdmi \u0161ortkami. Pono\u017eky dom\u00e1c\u00edho dresu Portugalsko 2022 pro mistrovstv\u00ed sv\u011bta jsou \u010derven\u00e9, se zelenou man\u017eetou a zlat\u00fdmi logy.<\/p>\n<p>Tipy pro tisk: Pokud jsou jm\u00e9no a \u010d\u00edslo na obr\u00e1zku p\u0159esn\u011b takov\u00e9, jak\u00e9 chcete, nemus\u00edte je zad\u00e1vat znovu. Pokud tomu tak nen\u00ed, m\u011bli byste zadat po\u017eadovan\u00e9 jm\u00e9no a \u010d\u00edslo.<\/p>\n<p>Tipy pro pran\u00ed: Doporu\u010dujeme pr\u00e1t fotbalov\u00e1 tri\u010dka v ruce. Pokud chcete pou\u017e\u00edt pra\u010dku, nezapome\u0148te fotbalov\u00e1 tri\u010dka obr\u00e1tit naruby a pot\u00e9 je vyprat. Pra\u010dku napl\u0148te studenou vodou a pou\u017eijte jemn\u00fd cyklus, abyste l\u00e9pe ochr\u00e1nili barvy.<\/p>","protected":false},"excerpt":{"rendered":"<p>Tri\u010dko Nike Portugal 2022 je p\u0159ev\u00e1\u017en\u011b \u010derven\u00e9 (\u201ePepper Red\u201c), kombinovan\u00e9 se zelenou v diagon\u00e1ln\u00edm designu jako Monaco a \u017eluto-zlat\u00fdmi logy (\u201eGold Dart\u201c). V\u00fdjime\u010dn\u00fd vzhled a novinka v historii t\u00fdmu: Tri\u010dko pro Mistrovstv\u00ed sv\u011bta ve fotbale 2022 je s diagon\u00e1ln\u00ed zelenou grafikou na p\u0159edn\u00ed i zadn\u00ed stran\u011b. Ona [\u2026]<\/p>","protected":false},"featured_media":11124,"comment_status":"open","ping_status":"closed","template":"","meta":[],"product_brand":[],"product_cat":[239],"product_tag":[20,222,21,23,24,94,240,347,348],"class_list":{"0":"post-11085","1":"product","2":"type-product","3":"status-publish","4":"has-post-thumbnail","6":"product_cat-portugal-trikots","7":"product_tag-coole-fussballtrikots","8":"product_tag-fussball-wm-2022-trikots","9":"product_tag-fussballtrikot-fuer-herren","10":"product_tag-fussballtrikot-kurzarm","11":"product_tag-guenstiges-fussballtrikot","12":"product_tag-kinder-fussball-trikotsatz","13":"product_tag-portugal-heimtrikot","14":"product_tag-portugal-trikots","15":"product_tag-portugal-trikotsatz-fuer-kinder","17":"first","18":"instock","19":"shipping-taxable","20":"purchasable","21":"product-type-variable"},"_links":{"self":[{"href":"https:\/\/www.billigtrikotde.com\/cs\/wp-json\/wp\/v2\/product\/11085","targetHints":{"allow":["GET"]}}],"collection":[{"href":"https:\/\/www.billigtrikotde.com\/cs\/wp-json\/wp\/v2\/product"}],"about":[{"href":"https:\/\/www.billigtrikotde.com\/cs\/wp-json\/wp\/v2\/types\/product"}],"replies":[{"embeddable":true,"href":"https:\/\/www.billigtrikotde.com\/cs\/wp-json\/wp\/v2\/comments?post=11085"}],"wp:featuredmedia":[{"embeddable":true,"href":"https:\/\/www.billigtrikotde.com\/cs\/wp-json\/wp\/v2\/media\/11124"}],"wp:attachment":[{"href":"https:\/\/www.billigtrikotde.com\/cs\/wp-json\/wp\/v2\/media?parent=11085"}],"wp:term":[{"taxonomy":"product_brand","embeddable":true,"href":"https:\/\/www.billigtrikotde.com\/cs\/wp-json\/wp\/v2\/product_brand?post=11085"},{"taxonomy":"product_cat","embeddable":true,"href":"https:\/\/www.billigtrikotde.com\/cs\/wp-json\/wp\/v2\/product_cat?post=11085"},{"taxonomy":"product_tag","embeddable":true,"href":"https:\/\/www.billigtrikotde.com\/cs\/wp-json\/wp\/v2\/product_tag?post=11085"}],"curies":[{"name":"wp","href":"https:\/\/api.w.org\/{rel}","templated":true}]}}