{"id":10932,"date":"2024-10-24T03:44:18","date_gmt":"2024-10-24T01:44:18","guid":{"rendered":"http:\/\/billigtrikots.com\/?post_type=product&#038;p=10932"},"modified":"2024-10-24T03:46:55","modified_gmt":"2024-10-24T01:46:55","slug":"frankreich-trikot-fussball-wm-2022-23-auswaertstrikot-weiss-kurzarm-mit-aufdruck-kounde-5","status":"publish","type":"product","link":"https:\/\/www.billigtrikotde.com\/cs\/frankreich-trikot-fussball-wm-2022-23-auswaertstrikot-weiss-kurzarm-mit-aufdruck-kounde-5\/","title":{"rendered":"Francouzsk\u00e9 tri\u010dko na fotbal Mistrovstv\u00ed sv\u011bta 2022-23 venkovn\u00ed tri\u010dko b\u00edl\u00e9 kr\u00e1tk\u00fd ruk\u00e1v s potiskem KOUNDE 5"},"content":{"rendered":"<p>P\u00edsmo dresu pro mistrovstv\u00ed sv\u011bta ve Francii 2022 je pom\u011brn\u011b klasick\u00e9. P\u00edsmena n\u00e1pisu jsou velmi standardn\u00ed, zat\u00edmco \u010d\u00edsla maj\u00ed elegantn\u00ed styl a \u010d\u00edsla mistrovstv\u00ed sv\u011bta ve fotbale Francie 2022 se od obvykl\u00fdch p\u00edsem odli\u0161uj\u00ed t\u00edm, \u017ee jsou ve dvou odst\u00ednech zlat\u00e9 barvy. Podobn\u011b vypad\u00e1 i znak FFF na p\u0159edn\u00ed stran\u011b a Nike pou\u017e\u00edv\u00e1 pro hostuj\u00edc\u00ed dres modr\u00e9 p\u00edsmo. Stejn\u011b jako dres jsou \u010d\u00edsla ve dvou odst\u00ednech modr\u00e9 barvy a nov\u00e9 p\u00edsmo bude Francie pou\u017e\u00edvat na v\u0161ech z\u00e1pasech, v\u010detn\u011b mistrovstv\u00ed sv\u011bta 2022.<\/p>\n<p>Tipy pro tisk: Pokud jsou jm\u00e9no a \u010d\u00edslo na obr\u00e1zku p\u0159esn\u011b takov\u00e9, jak\u00e9 chcete, nemus\u00edte je zad\u00e1vat znovu. Pokud tomu tak nen\u00ed, m\u011bli byste zadat po\u017eadovan\u00e9 jm\u00e9no a \u010d\u00edslo.<\/p>\n<p>Tipy pro pran\u00ed: Doporu\u010dujeme pr\u00e1t fotbalov\u00e1 tri\u010dka v ruce. Pokud chcete pou\u017e\u00edt pra\u010dku, nezapome\u0148te fotbalov\u00e1 tri\u010dka obr\u00e1tit naruby a pot\u00e9 je vyprat. Pra\u010dku napl\u0148te studenou vodou a pou\u017eijte jemn\u00fd cyklus, abyste l\u00e9pe ochr\u00e1nili barvy.<\/p>","protected":false},"excerpt":{"rendered":"<p>Die Schriftart f\u00fcr das Trikot der Fu\u00dfball-WM 2022 in Frankreich ist relativ klassisch. Die Buchstaben des Schriftzugs sind sehr standardm\u00e4\u00dfig, w\u00e4hrend die Zahlen einen schlanken Stil haben.Die Nummern der WM 2022 in Frankreich heben sich von den \u00fcblichen Schriften ab, weil sie in zwei Goldt\u00f6nen gehalten sind. Dies \u00e4hnelt dem Aussehen des FFF-Wappens auf der [&hellip;]<\/p>","protected":false},"featured_media":10974,"comment_status":"open","ping_status":"closed","template":"","meta":[],"product_brand":[],"product_cat":[117],"product_tag":[20,398,118,119,389,21,22,23,24],"class_list":{"0":"post-10932","1":"product","2":"type-product","3":"status-publish","4":"has-post-thumbnail","6":"product_cat-frankreich-trikots","7":"product_tag-coole-fussballtrikots","8":"product_tag-frankreich-2022-weltmeisterschaft-trikot","9":"product_tag-frankreich-auswaertstrikot","10":"product_tag-frankreich-trikots","11":"product_tag-fussball-wm-2022-trikot","12":"product_tag-fussballtrikot-fuer-herren","13":"product_tag-fussballtrikot-guenstig-kaufen","14":"product_tag-fussballtrikot-kurzarm","15":"product_tag-guenstiges-fussballtrikot","17":"first","18":"instock","19":"shipping-taxable","20":"purchasable","21":"product-type-variable"},"_links":{"self":[{"href":"https:\/\/www.billigtrikotde.com\/cs\/wp-json\/wp\/v2\/product\/10932","targetHints":{"allow":["GET"]}}],"collection":[{"href":"https:\/\/www.billigtrikotde.com\/cs\/wp-json\/wp\/v2\/product"}],"about":[{"href":"https:\/\/www.billigtrikotde.com\/cs\/wp-json\/wp\/v2\/types\/product"}],"replies":[{"embeddable":true,"href":"https:\/\/www.billigtrikotde.com\/cs\/wp-json\/wp\/v2\/comments?post=10932"}],"wp:featuredmedia":[{"embeddable":true,"href":"https:\/\/www.billigtrikotde.com\/cs\/wp-json\/wp\/v2\/media\/10974"}],"wp:attachment":[{"href":"https:\/\/www.billigtrikotde.com\/cs\/wp-json\/wp\/v2\/media?parent=10932"}],"wp:term":[{"taxonomy":"product_brand","embeddable":true,"href":"https:\/\/www.billigtrikotde.com\/cs\/wp-json\/wp\/v2\/product_brand?post=10932"},{"taxonomy":"product_cat","embeddable":true,"href":"https:\/\/www.billigtrikotde.com\/cs\/wp-json\/wp\/v2\/product_cat?post=10932"},{"taxonomy":"product_tag","embeddable":true,"href":"https:\/\/www.billigtrikotde.com\/cs\/wp-json\/wp\/v2\/product_tag?post=10932"}],"curies":[{"name":"wp","href":"https:\/\/api.w.org\/{rel}","templated":true}]}}