{"id":10689,"date":"2024-10-24T03:31:33","date_gmt":"2024-10-24T01:31:33","guid":{"rendered":"http:\/\/billigtrikots.com\/?post_type=product&#038;p=10689"},"modified":"2024-10-24T03:33:52","modified_gmt":"2024-10-24T01:33:52","slug":"polen-wm-2022-heim-trikot-weiss-kurzarm-fussballtrikots-mit-aufdruck-lewandowski-9","status":"publish","type":"product","link":"https:\/\/www.billigtrikotde.com\/cs\/polen-wm-2022-heim-trikot-weiss-kurzarm-fussballtrikots-mit-aufdruck-lewandowski-9\/","title":{"rendered":"Polsko MS 2022 dom\u00e1c\u00ed dres b\u00edl\u00fd kr\u00e1tk\u00fd ruk\u00e1v fotbalov\u00e9 dresy s potiskem LEWANDOWSKI 9"},"content":{"rendered":"<p>Triko dom\u00e1c\u00edho z\u00e1pasu Nike Polska 2022 p\u0159edstavuje jasn\u00fd design v b\u00edl\u00e9 barv\u011b s \u010derven\u00fdmi logy a jemnou grafikou na ramenou a ruk\u00e1vech. Vzor na ramenech a ruk\u00e1vech dom\u00e1c\u00edho trika Polska 2022 MS je inspirov\u00e1n hn\u00edzdem a pery b\u00edl\u00e9ho orla, n\u00e1rodn\u00edho zv\u00ed\u0159ete Polska.<\/p>\n<p>Tipy pro tisk: Pokud jsou jm\u00e9no a \u010d\u00edslo na obr\u00e1zku p\u0159esn\u011b takov\u00e9, jak\u00e9 chcete, nemus\u00edte je zad\u00e1vat znovu. Pokud tomu tak nen\u00ed, m\u011bli byste zadat po\u017eadovan\u00e9 jm\u00e9no a \u010d\u00edslo.<\/p>\n<p>Tipy pro pran\u00ed: Doporu\u010dujeme pr\u00e1t fotbalov\u00e1 tri\u010dka v ruce. Pokud chcete pou\u017e\u00edt pra\u010dku, nezapome\u0148te fotbalov\u00e1 tri\u010dka obr\u00e1tit naruby a pot\u00e9 je vyprat. Pra\u010dku napl\u0148te studenou vodou a pou\u017eijte jemn\u00fd cyklus, abyste l\u00e9pe ochr\u00e1nili barvy.<\/p>","protected":false},"excerpt":{"rendered":"<p>Nike Polen 2022 dom\u00e1c\u00ed dres p\u0159edstavuje jasn\u00fd design v b\u00edl\u00e9 barv\u011b s \u010derven\u00fdmi logy a jemnou grafikou na ramenou a ruk\u00e1vech. Vzor na ramenou a ruk\u00e1vech dom\u00e1c\u00edho dresu Polska 2022 WM je inspirov\u00e1n hn\u00edzdem a pery b\u00edl\u00e9ho orla, polsk\u00e9ho n\u00e1rodn\u00edho zv\u00ed\u0159ete. Tipy k tisku: Pokud je jm\u00e9no a \u010d\u00edslo na sn\u00edmku [\u2026]<\/p>","protected":false},"featured_media":10723,"comment_status":"open","ping_status":"closed","template":"","meta":[],"product_brand":[],"product_cat":[415],"product_tag":[20,21,22,23,24,416,417],"class_list":{"0":"post-10689","1":"product","2":"type-product","3":"status-publish","4":"has-post-thumbnail","6":"product_cat-polen-trikots","7":"product_tag-coole-fussballtrikots","8":"product_tag-fussballtrikot-fuer-herren","9":"product_tag-fussballtrikot-guenstig-kaufen","10":"product_tag-fussballtrikot-kurzarm","11":"product_tag-guenstiges-fussballtrikot","12":"product_tag-polen-2022-wm-heimtrikots","13":"product_tag-polen-wm-2022-trikot","15":"first","16":"instock","17":"shipping-taxable","18":"purchasable","19":"product-type-variable"},"_links":{"self":[{"href":"https:\/\/www.billigtrikotde.com\/cs\/wp-json\/wp\/v2\/product\/10689","targetHints":{"allow":["GET"]}}],"collection":[{"href":"https:\/\/www.billigtrikotde.com\/cs\/wp-json\/wp\/v2\/product"}],"about":[{"href":"https:\/\/www.billigtrikotde.com\/cs\/wp-json\/wp\/v2\/types\/product"}],"replies":[{"embeddable":true,"href":"https:\/\/www.billigtrikotde.com\/cs\/wp-json\/wp\/v2\/comments?post=10689"}],"wp:featuredmedia":[{"embeddable":true,"href":"https:\/\/www.billigtrikotde.com\/cs\/wp-json\/wp\/v2\/media\/10723"}],"wp:attachment":[{"href":"https:\/\/www.billigtrikotde.com\/cs\/wp-json\/wp\/v2\/media?parent=10689"}],"wp:term":[{"taxonomy":"product_brand","embeddable":true,"href":"https:\/\/www.billigtrikotde.com\/cs\/wp-json\/wp\/v2\/product_brand?post=10689"},{"taxonomy":"product_cat","embeddable":true,"href":"https:\/\/www.billigtrikotde.com\/cs\/wp-json\/wp\/v2\/product_cat?post=10689"},{"taxonomy":"product_tag","embeddable":true,"href":"https:\/\/www.billigtrikotde.com\/cs\/wp-json\/wp\/v2\/product_tag?post=10689"}],"curies":[{"name":"wp","href":"https:\/\/api.w.org\/{rel}","templated":true}]}}