{"id":1067,"date":"2024-10-23T13:14:53","date_gmt":"2024-10-23T11:14:53","guid":{"rendered":"http:\/\/billigtrikots.com\/?post_type=product&#038;p=1067"},"modified":"2024-10-23T13:16:53","modified_gmt":"2024-10-23T11:16:53","slug":"herren-auswaertstrikot-manchester-united-2022-weiss-mit-aufdruck-de-gea-1","status":"publish","type":"product","link":"https:\/\/www.billigtrikotde.com\/cs\/herren-auswaertstrikot-manchester-united-2022-weiss-mit-aufdruck-de-gea-1\/","title":{"rendered":"P\u00e1nsk\u00e1 souprava Manchester United 2022 b\u00edl\u00e1 s potiskem DE GEA 1"},"content":{"rendered":"<p>P\u00edsmeno \u201eM\u201c pro domovsk\u00e9 m\u011bsto klubu se ji\u017e \u010dasto objevovalo na legend\u00e1rn\u00edm vybaven\u00ed Manchester United. Tento fotbalov\u00fd dres adidas opakuje toto p\u00edsmeno a p\u0159ich\u00e1z\u00ed s modern\u00edm, abstraktn\u00edm designem, kter\u00fd p\u0159ipom\u00edn\u00e1 klasick\u00fd dres z po\u010d\u00e1tku 90. let. M\u011bkk\u00fd dvojit\u00fd pleten\u00fd materi\u00e1l a absorp\u010dn\u00ed technologie AEROREADY zaru\u010duj\u00ed p\u0159\u00edjemn\u011b such\u00fd pocit p\u0159i no\u0161en\u00ed. Vy\u0161\u00edvan\u00e9 klubov\u00e9 logo tak\u00e9 ukazuje, \u017ee jsi skute\u010dn\u00fd fanou\u0161ek Manchester United.<\/p>\n<p>Tipy pro tisk: Pokud jsou jm\u00e9no a \u010d\u00edslo na obr\u00e1zku p\u0159esn\u011b takov\u00e9, jak\u00e9 chcete, nemus\u00edte je zad\u00e1vat znovu. Pokud tomu tak nen\u00ed, m\u011bli byste zadat po\u017eadovan\u00e9 jm\u00e9no a \u010d\u00edslo.<\/p>\n<p>Tipy pro pran\u00ed: Doporu\u010dujeme pr\u00e1t fotbalov\u00e1 tri\u010dka v ruce. Pokud chcete pou\u017e\u00edt pra\u010dku, nezapome\u0148te fotbalov\u00e1 tri\u010dka obr\u00e1tit naruby a pot\u00e9 je vyprat. Pra\u010dku napl\u0148te studenou vodou a pou\u017eijte jemn\u00fd cyklus, abyste l\u00e9pe ochr\u00e1nili barvy.<\/p>","protected":false},"excerpt":{"rendered":"<p>Der Buchstabe \u201eM\u201c f\u00fcr die Heimatstadt des Vereins hat schon oft seinen Weg auf die legend\u00e4ren Ausr\u00fcstungen von Manchester United gefunden. Dieses a-didas Fu\u00dfballtrikot greift den Buchstaben wieder auf und kommt mit einem modernen, abstrakten Design, das an ein klassisches Trikot aus den fr\u00fchen 90ern erinnert. Das weiche Doppelstrickmaterial und die feuchtigkeitsabsorbierende AEROREADY Technologie garantieren [&hellip;]<\/p>","protected":false},"featured_media":1096,"comment_status":"open","ping_status":"closed","template":"","meta":[],"product_brand":[],"product_cat":[50],"product_tag":[20,43,21,22,23,24,51,52],"class_list":{"0":"post-1067","1":"product","2":"type-product","3":"status-publish","4":"has-post-thumbnail","6":"product_cat-manchester-united","7":"product_tag-coole-fussballtrikots","8":"product_tag-fussballkleidung","9":"product_tag-fussballtrikot-fuer-herren","10":"product_tag-fussballtrikot-guenstig-kaufen","11":"product_tag-fussballtrikot-kurzarm","12":"product_tag-guenstiges-fussballtrikot","13":"product_tag-manchester-united-auswaertstrikot","14":"product_tag-manchester-united-trikots","16":"first","17":"instock","18":"shipping-taxable","19":"purchasable","20":"product-type-variable"},"_links":{"self":[{"href":"https:\/\/www.billigtrikotde.com\/cs\/wp-json\/wp\/v2\/product\/1067","targetHints":{"allow":["GET"]}}],"collection":[{"href":"https:\/\/www.billigtrikotde.com\/cs\/wp-json\/wp\/v2\/product"}],"about":[{"href":"https:\/\/www.billigtrikotde.com\/cs\/wp-json\/wp\/v2\/types\/product"}],"replies":[{"embeddable":true,"href":"https:\/\/www.billigtrikotde.com\/cs\/wp-json\/wp\/v2\/comments?post=1067"}],"wp:featuredmedia":[{"embeddable":true,"href":"https:\/\/www.billigtrikotde.com\/cs\/wp-json\/wp\/v2\/media\/1096"}],"wp:attachment":[{"href":"https:\/\/www.billigtrikotde.com\/cs\/wp-json\/wp\/v2\/media?parent=1067"}],"wp:term":[{"taxonomy":"product_brand","embeddable":true,"href":"https:\/\/www.billigtrikotde.com\/cs\/wp-json\/wp\/v2\/product_brand?post=1067"},{"taxonomy":"product_cat","embeddable":true,"href":"https:\/\/www.billigtrikotde.com\/cs\/wp-json\/wp\/v2\/product_cat?post=1067"},{"taxonomy":"product_tag","embeddable":true,"href":"https:\/\/www.billigtrikotde.com\/cs\/wp-json\/wp\/v2\/product_tag?post=1067"}],"curies":[{"name":"wp","href":"https:\/\/api.w.org\/{rel}","templated":true}]}}