{"id":10613,"date":"2024-10-24T03:27:29","date_gmt":"2024-10-24T01:27:29","guid":{"rendered":"http:\/\/billigtrikots.com\/?post_type=product&#038;p=10613"},"modified":"2024-10-24T03:29:39","modified_gmt":"2024-10-24T01:29:39","slug":"fussballtrikot-fuer-herren-frankreich-wm-2022-auswaertstrikot-weiss-offizielle-trikots","status":"publish","type":"product","link":"https:\/\/www.billigtrikotde.com\/cs\/fussballtrikot-fuer-herren-frankreich-wm-2022-auswaertstrikot-weiss-offizielle-trikots\/","title":{"rendered":"Fotbalov\u00e9 tri\u010dko pro mu\u017ee France World Cup 2022 Away Jersey White Official Shirts"},"content":{"rendered":"<p>Dres fotbalov\u00e9ho mistrovstv\u00ed sv\u011bta 2022 ve Francii m\u00e1 zvl\u00e1\u0161tn\u00ed grafick\u00fd potisk, kter\u00fd zobrazuje v\u011bci, pro kter\u00e9 je Francie zn\u00e1m\u00e1 \u2013 Arc de Triomphe, sc\u00e9ny Francouzsk\u00e9 revoluce z roku 1789 a v\u011btrn\u00e9 ml\u00fdny. Design vypad\u00e1 jedine\u010dn\u011b, ale nen\u00ed to vyn\u00e1lez Nike.<br \/>\nDas franz\u00f6sische \u201eToile de Jouy\u201c bedeutet auf Englisch einfach \u201eStoff aus Jouy\u201c und beschreibt eine Art von Stoffdruck. \u201eToile de Jouy\u201c, manchmal auch einfach \u201eToile\u201c abgek\u00fcrzt, ist eine Art von Dekorationsmuster, das aus einem wei\u00dfen oder gebrochen wei\u00dfen Hintergrund besteht, auf dem ein sich wiederholendes Muster eine ziemlich komplexe Szene darstellt, in der Regel ein pastorales Thema, wie z. B. ein Paar beim Picknick an einem See oder ein Blumenarrangement.<\/p>\n<p>Tipy pro tisk: Pokud jsou jm\u00e9no a \u010d\u00edslo na obr\u00e1zku p\u0159esn\u011b takov\u00e9, jak\u00e9 chcete, nemus\u00edte je zad\u00e1vat znovu. Pokud tomu tak nen\u00ed, m\u011bli byste zadat po\u017eadovan\u00e9 jm\u00e9no a \u010d\u00edslo.<\/p>\n<p>Tipy pro pran\u00ed: Doporu\u010dujeme pr\u00e1t fotbalov\u00e1 tri\u010dka v ruce. Pokud chcete pou\u017e\u00edt pra\u010dku, nezapome\u0148te fotbalov\u00e1 tri\u010dka obr\u00e1tit naruby a pot\u00e9 je vyprat. Pra\u010dku napl\u0148te studenou vodou a pou\u017eijte jemn\u00fd cyklus, abyste l\u00e9pe ochr\u00e1nili barvy.<\/p>","protected":false},"excerpt":{"rendered":"<p>Dres z fotbalov\u00e9ho mistrovstv\u00ed sv\u011bta 2022 ve Francii m\u00e1 zvl\u00e1\u0161tn\u00ed grafick\u00fd potisk, kter\u00fd ukazuje v\u011bci, pro kter\u00e9 je Francie slavn\u00e1 \u2013 Arc de Triomphe, sc\u00e9ny Francouzsk\u00e9 revoluce z roku 1789 a v\u011btrn\u00e9 ml\u00fdny. Design vypad\u00e1 jedine\u010dn\u011b, ale nen\u00ed to vyn\u00e1lez Nike. Francouzsk\u00e1 \u201eToile de Jouy\u201c v angli\u010dtin\u011b jednodu\u0161e znamen\u00e1 \u201estoff z [\u2026]<\/p>","protected":false},"featured_media":10650,"comment_status":"open","ping_status":"closed","template":"","meta":[],"product_brand":[],"product_cat":[117],"product_tag":[20,398,118,413,414,119,389,21,22,23,24],"class_list":{"0":"post-10613","1":"product","2":"type-product","3":"status-publish","4":"has-post-thumbnail","6":"product_cat-frankreich-trikots","7":"product_tag-coole-fussballtrikots","8":"product_tag-frankreich-2022-weltmeisterschaft-trikot","9":"product_tag-frankreich-auswaertstrikot","10":"product_tag-frankreich-neue-trikots","11":"product_tag-frankreich-trikot-set","12":"product_tag-frankreich-trikots","13":"product_tag-fussball-wm-2022-trikot","14":"product_tag-fussballtrikot-fuer-herren","15":"product_tag-fussballtrikot-guenstig-kaufen","16":"product_tag-fussballtrikot-kurzarm","17":"product_tag-guenstiges-fussballtrikot","19":"first","20":"instock","21":"shipping-taxable","22":"purchasable","23":"product-type-variable"},"_links":{"self":[{"href":"https:\/\/www.billigtrikotde.com\/cs\/wp-json\/wp\/v2\/product\/10613","targetHints":{"allow":["GET"]}}],"collection":[{"href":"https:\/\/www.billigtrikotde.com\/cs\/wp-json\/wp\/v2\/product"}],"about":[{"href":"https:\/\/www.billigtrikotde.com\/cs\/wp-json\/wp\/v2\/types\/product"}],"replies":[{"embeddable":true,"href":"https:\/\/www.billigtrikotde.com\/cs\/wp-json\/wp\/v2\/comments?post=10613"}],"wp:featuredmedia":[{"embeddable":true,"href":"https:\/\/www.billigtrikotde.com\/cs\/wp-json\/wp\/v2\/media\/10650"}],"wp:attachment":[{"href":"https:\/\/www.billigtrikotde.com\/cs\/wp-json\/wp\/v2\/media?parent=10613"}],"wp:term":[{"taxonomy":"product_brand","embeddable":true,"href":"https:\/\/www.billigtrikotde.com\/cs\/wp-json\/wp\/v2\/product_brand?post=10613"},{"taxonomy":"product_cat","embeddable":true,"href":"https:\/\/www.billigtrikotde.com\/cs\/wp-json\/wp\/v2\/product_cat?post=10613"},{"taxonomy":"product_tag","embeddable":true,"href":"https:\/\/www.billigtrikotde.com\/cs\/wp-json\/wp\/v2\/product_tag?post=10613"}],"curies":[{"name":"wp","href":"https:\/\/api.w.org\/{rel}","templated":true}]}}