{"id":10596,"date":"2024-10-24T03:26:24","date_gmt":"2024-10-24T01:26:24","guid":{"rendered":"http:\/\/billigtrikots.com\/?post_type=product&#038;p=10596"},"modified":"2024-10-24T03:29:01","modified_gmt":"2024-10-24T01:29:01","slug":"billige-frankreich-wm-2022-heimtrikot-marineblau-kurzarm-kurze-hosen-mandanda-16","status":"publish","type":"product","link":"https:\/\/www.billigtrikotde.com\/cs\/billige-frankreich-wm-2022-heimtrikot-marineblau-kurzarm-kurze-hosen-mandanda-16\/","title":{"rendered":"Levn\u00e9 Francie Mistrovstv\u00ed sv\u011bta 2022 Dom\u00e1c\u00ed dres n\u00e1mo\u0159nick\u00e1 modr\u00e1 kr\u00e1tk\u00fd ruk\u00e1v + \u0161ortky MANDANDA 16"},"content":{"rendered":"<p>Spole\u010dnost Nike navrhla pro dresy Francie 2022, kter\u00e9 se budou pou\u017e\u00edvat na mistrovstv\u00ed sv\u011bta 2022, vlastn\u00ed p\u00edsmo.P\u00edsmo pro dres Francie 2022 je pom\u011brn\u011b klasick\u00e9. P\u00edsmena n\u00e1pisu jsou velmi standardn\u00ed, zat\u00edmco \u010d\u00edsla maj\u00ed elegantn\u00ed styl. dres Nike France 2022 World Cup je prvn\u00edm dresem po deseti letech, kter\u00fd obsahuje zlat\u00e9 aplikace. Je p\u0159ev\u00e1\u017en\u011b tmav\u011b modr\u00fd se zlat\u00fdmi logy a p\u0159\u00edpadn\u011b i zlat\u00fdmi detaily.<\/p>\n<p>Tipy pro tisk: Pokud jsou jm\u00e9no a \u010d\u00edslo na obr\u00e1zku p\u0159esn\u011b takov\u00e9, jak\u00e9 chcete, nemus\u00edte je zad\u00e1vat znovu. Pokud tomu tak nen\u00ed, m\u011bli byste zadat po\u017eadovan\u00e9 jm\u00e9no a \u010d\u00edslo.<\/p>\n<p>Tipy pro pran\u00ed: Doporu\u010dujeme pr\u00e1t fotbalov\u00e1 tri\u010dka v ruce. Pokud chcete pou\u017e\u00edt pra\u010dku, nezapome\u0148te fotbalov\u00e1 tri\u010dka obr\u00e1tit naruby a pot\u00e9 je vyprat. Pra\u010dku napl\u0148te studenou vodou a pou\u017eijte jemn\u00fd cyklus, abyste l\u00e9pe ochr\u00e1nili barvy.<\/p>","protected":false},"excerpt":{"rendered":"<p>Nike hat eine ma\u00dfgeschneiderte Schrift f\u00fcr die Trikots von Frankreich 2022 entworfen, die bei der Weltmeisterschaft 2022 verwendet werden.Die Schriftart f\u00fcr das Trikot der Fu\u00dfball-WM 2022 in Frankreich ist relativ klassisch. Die Buchstaben des Schriftzugs sind sehr standardm\u00e4\u00dfig, w\u00e4hrend die Zahlen einen schlanken Stil haben.Das Nike Frankreich 2022 WM-Trikot ist das erste seit 10 Jahren, [&hellip;]<\/p>","protected":false},"featured_media":10638,"comment_status":"open","ping_status":"closed","template":"","meta":[],"product_brand":[],"product_cat":[117],"product_tag":[20,398,121,413,414,119,389,21,22,23,24],"class_list":{"0":"post-10596","1":"product","2":"type-product","3":"status-publish","4":"has-post-thumbnail","6":"product_cat-frankreich-trikots","7":"product_tag-coole-fussballtrikots","8":"product_tag-frankreich-2022-weltmeisterschaft-trikot","9":"product_tag-frankreich-heimtrikot","10":"product_tag-frankreich-neue-trikots","11":"product_tag-frankreich-trikot-set","12":"product_tag-frankreich-trikots","13":"product_tag-fussball-wm-2022-trikot","14":"product_tag-fussballtrikot-fuer-herren","15":"product_tag-fussballtrikot-guenstig-kaufen","16":"product_tag-fussballtrikot-kurzarm","17":"product_tag-guenstiges-fussballtrikot","19":"first","20":"instock","21":"shipping-taxable","22":"purchasable","23":"product-type-variable"},"_links":{"self":[{"href":"https:\/\/www.billigtrikotde.com\/cs\/wp-json\/wp\/v2\/product\/10596","targetHints":{"allow":["GET"]}}],"collection":[{"href":"https:\/\/www.billigtrikotde.com\/cs\/wp-json\/wp\/v2\/product"}],"about":[{"href":"https:\/\/www.billigtrikotde.com\/cs\/wp-json\/wp\/v2\/types\/product"}],"replies":[{"embeddable":true,"href":"https:\/\/www.billigtrikotde.com\/cs\/wp-json\/wp\/v2\/comments?post=10596"}],"wp:featuredmedia":[{"embeddable":true,"href":"https:\/\/www.billigtrikotde.com\/cs\/wp-json\/wp\/v2\/media\/10638"}],"wp:attachment":[{"href":"https:\/\/www.billigtrikotde.com\/cs\/wp-json\/wp\/v2\/media?parent=10596"}],"wp:term":[{"taxonomy":"product_brand","embeddable":true,"href":"https:\/\/www.billigtrikotde.com\/cs\/wp-json\/wp\/v2\/product_brand?post=10596"},{"taxonomy":"product_cat","embeddable":true,"href":"https:\/\/www.billigtrikotde.com\/cs\/wp-json\/wp\/v2\/product_cat?post=10596"},{"taxonomy":"product_tag","embeddable":true,"href":"https:\/\/www.billigtrikotde.com\/cs\/wp-json\/wp\/v2\/product_tag?post=10596"}],"curies":[{"name":"wp","href":"https:\/\/api.w.org\/{rel}","templated":true}]}}