{"id":10161,"date":"2024-10-24T03:04:12","date_gmt":"2024-10-24T01:04:12","guid":{"rendered":"http:\/\/billigtrikots.com\/?post_type=product&#038;p=10161"},"modified":"2024-10-24T03:06:58","modified_gmt":"2024-10-24T01:06:58","slug":"belgien-fifa-wm-katar-2022-rot-schwarz-herren-heimtrikot-kurzarm-mit-namen-casteels-13","status":"publish","type":"product","link":"https:\/\/www.billigtrikotde.com\/cs\/belgien-fifa-wm-katar-2022-rot-schwarz-herren-heimtrikot-kurzarm-mit-namen-casteels-13\/","title":{"rendered":"Belgie Mistrovstv\u00ed sv\u011bta ve fotbale Katar 2022 \u010derven\u00e9 \u010dern\u00e9 p\u00e1nsk\u00e9 dom\u00e1c\u00ed tri\u010dko s kr\u00e1tk\u00fdm ruk\u00e1vem a n\u00e1pisem CASTEELS 13"},"content":{"rendered":"<p>Dres Adidas Belgium 2022 World Cup m\u00e1 \u010derven\u00fd trup s \u010dern\u00fdmi ragl\u00e1nov\u00fdmi ruk\u00e1vy. Na prvn\u00ed pohled zaujme grafika plamen\u016f, kter\u00e1 se zved\u00e1 na konci ruk\u00e1v\u016f a p\u016fsob\u00ed m\u00edrn\u011b digitalizovan\u00fdm dojmem. Pruhy Adidas na ramenou jsou \u010derven\u00e9, stejn\u011b jako nov\u00e9 logo, zat\u00edmco odznak je leskle zlat\u00fd a \u0161ortky a \u0161tulpny dom\u00e1c\u00edho dresu pro mistrovstv\u00ed sv\u011bta 2022 v Belgii jsou \u010dern\u00e9, p\u0159i\u010dem\u017e na t\u011bch druh\u00fdch je podobn\u00fd potisk plamene jako na ruk\u00e1vech dom\u00e1c\u00edho dresu pro mistrovstv\u00ed sv\u011bta 2022 v Belgii.<\/p>\n<p>Tipy pro tisk: Pokud jsou jm\u00e9no a \u010d\u00edslo na obr\u00e1zku p\u0159esn\u011b takov\u00e9, jak\u00e9 chcete, nemus\u00edte je zad\u00e1vat znovu. Pokud tomu tak nen\u00ed, m\u011bli byste zadat po\u017eadovan\u00e9 jm\u00e9no a \u010d\u00edslo.<\/p>\n<p>Tipy pro pran\u00ed: Doporu\u010dujeme pr\u00e1t fotbalov\u00e1 tri\u010dka v ruce. Pokud chcete pou\u017e\u00edt pra\u010dku, nezapome\u0148te fotbalov\u00e1 tri\u010dka obr\u00e1tit naruby a pot\u00e9 je vyprat. Pra\u010dku napl\u0148te studenou vodou a pou\u017eijte jemn\u00fd cyklus, abyste l\u00e9pe ochr\u00e1nili barvy.<\/p>","protected":false},"excerpt":{"rendered":"<p>Das Adidas Belgium 2022 World Cup Trikot hat einen roten Torso mit schwarzen Raglan\u00e4rmeln. Was sofort ins Auge sticht, ist die Flammengrafik, die am Ende der \u00c4rmel aufsteigt.Die Grafik hat einen leicht digitalisierten Effekt. Die Adidas-Streifen auf den Schultern sind rot, ebenso wie das neue Logo, w\u00e4hrend das Abzeichen goldgl\u00e4nzend ist.Die Hosen und die Stutzen [&hellip;]<\/p>","protected":false},"featured_media":10198,"comment_status":"open","ping_status":"closed","template":"","meta":[],"product_brand":[],"product_cat":[173],"product_tag":[382,120,20,407,21,22,23,24],"class_list":{"0":"post-10161","1":"product","2":"type-product","3":"status-publish","4":"has-post-thumbnail","6":"product_cat-belgien-trikots","7":"product_tag-belgien-heimtrikot","8":"product_tag-belgien-trikots","9":"product_tag-coole-fussballtrikots","10":"product_tag-fifa-wm-katar-2022-trikot","11":"product_tag-fussballtrikot-fuer-herren","12":"product_tag-fussballtrikot-guenstig-kaufen","13":"product_tag-fussballtrikot-kurzarm","14":"product_tag-guenstiges-fussballtrikot","16":"first","17":"instock","18":"shipping-taxable","19":"purchasable","20":"product-type-variable"},"_links":{"self":[{"href":"https:\/\/www.billigtrikotde.com\/cs\/wp-json\/wp\/v2\/product\/10161","targetHints":{"allow":["GET"]}}],"collection":[{"href":"https:\/\/www.billigtrikotde.com\/cs\/wp-json\/wp\/v2\/product"}],"about":[{"href":"https:\/\/www.billigtrikotde.com\/cs\/wp-json\/wp\/v2\/types\/product"}],"replies":[{"embeddable":true,"href":"https:\/\/www.billigtrikotde.com\/cs\/wp-json\/wp\/v2\/comments?post=10161"}],"wp:featuredmedia":[{"embeddable":true,"href":"https:\/\/www.billigtrikotde.com\/cs\/wp-json\/wp\/v2\/media\/10198"}],"wp:attachment":[{"href":"https:\/\/www.billigtrikotde.com\/cs\/wp-json\/wp\/v2\/media?parent=10161"}],"wp:term":[{"taxonomy":"product_brand","embeddable":true,"href":"https:\/\/www.billigtrikotde.com\/cs\/wp-json\/wp\/v2\/product_brand?post=10161"},{"taxonomy":"product_cat","embeddable":true,"href":"https:\/\/www.billigtrikotde.com\/cs\/wp-json\/wp\/v2\/product_cat?post=10161"},{"taxonomy":"product_tag","embeddable":true,"href":"https:\/\/www.billigtrikotde.com\/cs\/wp-json\/wp\/v2\/product_tag?post=10161"}],"curies":[{"name":"wp","href":"https:\/\/api.w.org\/{rel}","templated":true}]}}