{"id":1016,"date":"2024-10-23T13:12:46","date_gmt":"2024-10-23T11:12:46","guid":{"rendered":"http:\/\/billigtrikots.com\/?post_type=product&#038;p=1016"},"modified":"2024-10-23T13:14:44","modified_gmt":"2024-10-23T11:14:44","slug":"real-madrid-heimtrikot-2022-weiss-langarm-trikotsatz-mit-aufdruck-lucas-v-17","status":"publish","type":"product","link":"https:\/\/www.billigtrikotde.com\/cs\/real-madrid-heimtrikot-2022-weiss-langarm-trikotsatz-mit-aufdruck-lucas-v-17\/","title":{"rendered":"Real Madrid dom\u00e1c\u00ed dres 2022 b\u00edl\u00fd s dlouh\u00fdm ruk\u00e1vem sada dres\u016f s potiskem Lucas V. 17"},"content":{"rendered":"<p>Podpo\u0159te sv\u016fj obl\u00edben\u00fd t\u00fdm v nov\u00e9m p\u00e1nsk\u00e9m dom\u00e1c\u00edm dresu \"Royals\". Je v z\u00e1\u0159iv\u011b b\u00edl\u00e9 barv\u011b a zdob\u00ed ho detaily zna\u010dky a-didas, stejn\u011b jako n\u00e1pisy sponzor\u016f, a na srdcov\u00e9 stran\u011b m\u00e1 hrd\u00fd klubov\u00fd znak v autentick\u00fdch t\u00fdmov\u00fdch barv\u00e1ch.<\/p>\n<p>Ofici\u00e1ln\u00ed dres je vyroben z vysoce funk\u010dn\u00edho materi\u00e1lu AEROREADY a nab\u00edz\u00ed tak\u00e9 vynikaj\u00edc\u00ed odvod tepla a vlhkosti. Na k\u016f\u017ei je m\u011bkk\u00fd a lehk\u00fd a mimo\u0159\u00e1dn\u011b rychle schne, aby bylo v\u017edy zaji\u0161t\u011bno optim\u00e1ln\u00ed pohodl\u00ed. Prody\u0161n\u00e9 z\u00f3ny nav\u00edc zaji\u0161\u0165uj\u00ed optim\u00e1ln\u00ed odv\u011btr\u00e1v\u00e1n\u00ed. St\u0159ih repliky je nav\u00edc o n\u011bco \u0161ir\u0161\u00ed ne\u017e u origin\u00e1ln\u00edho hr\u00e1\u010dsk\u00e9ho dresu, tak\u0159\u00edkaj\u00edc streetwearov\u00e9 verze, a proto v\u00e1m nab\u00edz\u00ed maxim\u00e1ln\u00ed volnost pohybu p\u0159i povzbuzov\u00e1n\u00ed fanou\u0161k\u016f i p\u0159i vlastn\u00edm tr\u00e9ninku. Recyklovan\u00fd polyester 100% je nejen odoln\u00fd a odoln\u00fd, ale tak\u00e9 vysoce udr\u017eiteln\u00fd!<\/p>\n<p>Tak ne\u010dekejte a po\u0159i\u010fte si ji hned! Po\u0159i\u010fte si obl\u00edben\u00fd p\u00e1nsk\u00fd dom\u00e1c\u00ed dres a-didas Real Madrid 2021\/22 v jasn\u011b b\u00edl\u00e9 barv\u011b je\u0161t\u011b dnes! S n\u00edm nenech\u00e1te nikoho na pochyb\u00e1ch o sv\u00e9 v\u011brnosti a budete sv\u016fj t\u00fdm podporovat cel\u00fdm srdcem!<\/p>\n<p>Tipy pro tisk: Pokud jsou jm\u00e9no a \u010d\u00edslo na obr\u00e1zku p\u0159esn\u011b takov\u00e9, jak\u00e9 chcete, nemus\u00edte je zad\u00e1vat znovu. Pokud tomu tak nen\u00ed, m\u011bli byste zadat po\u017eadovan\u00e9 jm\u00e9no a \u010d\u00edslo.<\/p>\n<p>Tipy pro pran\u00ed: Doporu\u010dujeme pr\u00e1t fotbalov\u00e1 tri\u010dka v ruce. Pokud chcete pou\u017e\u00edt pra\u010dku, nezapome\u0148te fotbalov\u00e1 tri\u010dka obr\u00e1tit naruby a pot\u00e9 je vyprat. Pra\u010dku napl\u0148te studenou vodou a pou\u017eijte jemn\u00fd cyklus, abyste l\u00e9pe ochr\u00e1nili barvy.<\/p>","protected":false},"excerpt":{"rendered":"<p>V nov\u00e9m dom\u00e1c\u00edm dresu \u201eKr\u00e1le\u201c podporujete sv\u016fj obl\u00edben\u00fd t\u00fdm na pln\u00e9 \u010d\u00e1\u0159e. P\u0159edstavuje se v z\u00e1\u0159iv\u011b b\u00edl\u00e9 barv\u011b a je zdoben\u00fd detaily zna\u010dky a-didas, stejn\u011b jako n\u00e1pisem sponzora, a na hrudi nese hrd\u011b klubovou erb v autentick\u00fdch barv\u00e1ch t\u00fdmu. Vyroben z vysoce funk\u010dn\u00edho materi\u00e1lu AEROREADY, nab\u00edz\u00ed v\u00e1m ofici\u00e1ln\u00ed dres tak\u00e9 vynikaj\u00edc\u00ed [...]<\/p>","protected":false},"featured_media":1046,"comment_status":"open","ping_status":"closed","template":"","meta":[],"product_brand":[],"product_cat":[45],"product_tag":[20,38,21,24,47],"class_list":{"0":"post-1016","1":"product","2":"type-product","3":"status-publish","4":"has-post-thumbnail","6":"product_cat-real-madrid","7":"product_tag-coole-fussballtrikots","8":"product_tag-fussball-trikot-langarm","9":"product_tag-fussballtrikot-fuer-herren","10":"product_tag-guenstiges-fussballtrikot","11":"product_tag-real-madrid-trikots","13":"first","14":"instock","15":"shipping-taxable","16":"purchasable","17":"product-type-variable"},"_links":{"self":[{"href":"https:\/\/www.billigtrikotde.com\/cs\/wp-json\/wp\/v2\/product\/1016","targetHints":{"allow":["GET"]}}],"collection":[{"href":"https:\/\/www.billigtrikotde.com\/cs\/wp-json\/wp\/v2\/product"}],"about":[{"href":"https:\/\/www.billigtrikotde.com\/cs\/wp-json\/wp\/v2\/types\/product"}],"replies":[{"embeddable":true,"href":"https:\/\/www.billigtrikotde.com\/cs\/wp-json\/wp\/v2\/comments?post=1016"}],"wp:featuredmedia":[{"embeddable":true,"href":"https:\/\/www.billigtrikotde.com\/cs\/wp-json\/wp\/v2\/media\/1046"}],"wp:attachment":[{"href":"https:\/\/www.billigtrikotde.com\/cs\/wp-json\/wp\/v2\/media?parent=1016"}],"wp:term":[{"taxonomy":"product_brand","embeddable":true,"href":"https:\/\/www.billigtrikotde.com\/cs\/wp-json\/wp\/v2\/product_brand?post=1016"},{"taxonomy":"product_cat","embeddable":true,"href":"https:\/\/www.billigtrikotde.com\/cs\/wp-json\/wp\/v2\/product_cat?post=1016"},{"taxonomy":"product_tag","embeddable":true,"href":"https:\/\/www.billigtrikotde.com\/cs\/wp-json\/wp\/v2\/product_tag?post=1016"}],"curies":[{"name":"wp","href":"https:\/\/api.w.org\/{rel}","templated":true}]}}